{"id":281,"date":"2020-09-10T11:28:04","date_gmt":"2020-09-10T11:28:04","guid":{"rendered":"https:\/\/demosites.io\/shop-gb\/?page_id=281"},"modified":"2025-08-15T10:44:04","modified_gmt":"2025-08-15T08:44:04","slug":"52e3e-about","status":"publish","type":"page","link":"https:\/\/class-jewelry.com\/index.php\/52e3e-about\/","title":{"rendered":"About"},"content":{"rendered":"\n<div id=\"wp-block-themeisle-blocks-advanced-columns-376eb3a4\" class=\"wp-block-themeisle-blocks-advanced-columns alignfull has-1-columns has-desktop-equal-layout has-tablet-equal-layout has-mobile-equal-layout has-vertical-center\"><div class=\"wp-block-themeisle-blocks-advanced-columns-overlay\"><\/div><div class=\"innerblocks-wrap\">\n<div id=\"wp-block-themeisle-blocks-advanced-column-2e01688c\" class=\"wp-block-themeisle-blocks-advanced-column\">\n<h1 class=\"wp-block-heading has-text-align-center has-nv-text-dark-bg-color has-text-color\">rreth nesh<\/h1>\n\n\n\n<p class=\"has-text-align-center has-nv-text-dark-bg-color has-text-color\">Class Jewelry, \u00e7do bizhuteri \u00ebsht\u00eb krijuar nga Stainless Steel 316 i veshur me PVD Gold 18K, duke ofruar eleganc\u00eb t\u00eb p\u00ebrjetshme, q\u00ebndrueshm\u00ebri dhe siguri p\u00ebr l\u00ebkur\u00ebn tuaj.<\/p>\n<\/div>\n<\/div><\/div>\n\n\n\n<div id=\"wp-block-themeisle-blocks-advanced-columns-382fd8da\" class=\"wp-block-themeisle-blocks-advanced-columns alignfull has-1-columns has-desktop-equal-layout has-tablet-equal-layout has-mobile-equal-layout has-vertical-unset\"><div class=\"wp-block-themeisle-blocks-advanced-columns-overlay\"><\/div><div class=\"innerblocks-wrap\">\n<div id=\"wp-block-themeisle-blocks-advanced-column-31e290bb\" class=\"wp-block-themeisle-blocks-advanced-column\">\n<h2 id=\"wp-block-themeisle-blocks-advanced-heading-3138538c\" class=\"wp-block-themeisle-blocks-advanced-heading wp-block-themeisle-blocks-advanced-heading-3138538c\">Sekreti pas Shk\u00eblqimit<\/h2>\n\n\n\n<div class=\"wp-block-media-text is-stacked-on-mobile\" style=\"padding-top:0;padding-bottom:0;grid-template-columns:36% auto\"><figure class=\"wp-block-media-text__media\"><img loading=\"lazy\" decoding=\"async\" width=\"683\" height=\"1024\" src=\"https:\/\/class-jewelry.com\/wp-content\/uploads\/2025\/08\/Ana_Nikollaj_DSC_2618-683x1024.jpeg\" alt=\"\" class=\"wp-image-560 size-full\" srcset=\"https:\/\/class-jewelry.com\/wp-content\/uploads\/2025\/08\/Ana_Nikollaj_DSC_2618-683x1024.jpeg 683w, https:\/\/class-jewelry.com\/wp-content\/uploads\/2025\/08\/Ana_Nikollaj_DSC_2618-200x300.jpeg 200w, https:\/\/class-jewelry.com\/wp-content\/uploads\/2025\/08\/Ana_Nikollaj_DSC_2618-600x900.jpeg 600w, https:\/\/class-jewelry.com\/wp-content\/uploads\/2025\/08\/Ana_Nikollaj_DSC_2618.jpeg 700w\" sizes=\"auto, (max-width: 683px) 100vw, 683px\" \/><\/figure><div class=\"wp-block-media-text__content\">\n<p><\/p>\n\n\n\n<p>N\u00eb <strong>Class Jewelry<\/strong>, p\u00ebrdorim <strong>materiale premium<\/strong> p\u00ebr t\u00eb siguruar q\u00eb \u00e7do bizhuteri t\u00eb jet\u00eb nj\u00eb kombinim perfekt i <em>eleganc\u00ebs<\/em> dhe <em>q\u00ebndrueshm\u00ebris\u00eb<\/em>.<br>Koleksioni yn\u00eb p\u00ebrb\u00ebhet kryesisht nga <strong>Stainless Steel 316<\/strong>, i njohur p\u00ebr q\u00ebndrueshm\u00ebrin\u00eb e tij t\u00eb lart\u00eb, i cili \u00ebsht\u00eb i veshur me <strong>PVD Gold 18K<\/strong> p\u00ebr nj\u00eb <em>shk\u00eblqim luksoz<\/em> dhe <strong>rezistenc\u00eb maksimale<\/strong>.<\/p>\n\n\n\n<p><strong>Dizajn Modern me Kujdes ndaj Detajeve<\/strong><br>\u00c7do cop\u00eb bizhuterie \u00ebsht\u00eb punuar me p\u00ebrpikm\u00ebri p\u00ebr t\u00eb reflektuar <em>eleganc\u00ebn<\/em> dhe stilin unik t\u00eb \u00e7do klienti.<\/p>\n\n\n\n<p><strong>Stainless Steel 316 \u2013 Fort\u00ebsi dhe Q\u00ebndrueshm\u00ebri<\/strong><br>Material rezistent ndaj ndryshkut, korrozionit dhe konsumimit, madje edhe n\u00eb kontakt me lag\u00ebshtin\u00eb apo djers\u00ebn \u2014 i p\u00ebrshtatsh\u00ebm p\u00ebr p\u00ebrdorim t\u00eb p\u00ebrditsh\u00ebm.<\/p>\n\n\n\n<p><strong>Veshje PVD Gold 18K \u2013 Shk\u00eblqim q\u00eb Zgjat<\/strong><br>Teknologjia <em>Physical Vapor Deposition<\/em> siguron nj\u00eb shtres\u00eb t\u00eb holl\u00eb <strong>ar 18 karat<\/strong> q\u00eb ruan ngjyr\u00ebn dhe shk\u00eblqimin natyral p\u00ebr nj\u00eb koh\u00eb t\u00eb gjat\u00eb.<\/p>\n\n\n\n<p><strong>Hipoalergjenik dhe i Sigurt<\/strong><br>Dizajnuar p\u00ebr t\u00eb qen\u00eb t\u00eb buta me l\u00ebkur\u00ebn, duke minimizuar rrezikun e alergjive.<\/p>\n<\/div><\/div>\n<\/div>\n<\/div><\/div>\n\n\n\n<div id=\"wp-block-themeisle-blocks-advanced-columns-06464815\" class=\"wp-block-themeisle-blocks-advanced-columns alignfull has-1-columns has-desktop-equal-layout has-tablet-equal-layout has-mobile-equal-layout has-vertical-unset\"><div class=\"wp-block-themeisle-blocks-advanced-columns-overlay\"><\/div><div class=\"innerblocks-wrap\">\n<div id=\"wp-block-themeisle-blocks-advanced-column-ca8222f5\" class=\"wp-block-themeisle-blocks-advanced-column\">\n<h2 class=\"wp-block-heading has-text-align-center has-white-color has-text-color\" style=\"font-size:30px\">Zbulo Koleksionin Ton\u00eb<\/h2>\n\n\n\n<div class=\"wp-block-buttons is-content-justification-center is-layout-flex wp-container-core-buttons-is-layout-16018d1d wp-block-buttons-is-layout-flex\">\n<div class=\"wp-block-button is-style-secondary\"><a class=\"wp-block-button__link has-nv-text-dark-bg-color has-text-color has-link-color has-border-color has-nv-text-dark-bg-border-color wp-element-button\" href=\"https:\/\/class-jewelry.com\/index.php\/shop\/\">Eksploro<\/a><\/div>\n<\/div>\n<\/div>\n<\/div><\/div>\n\n\n\n<div id=\"wp-block-themeisle-blocks-advanced-columns-57bfef66\" class=\"wp-block-themeisle-blocks-advanced-columns alignfull has-1-columns has-desktop-equal-layout has-tablet-equal-layout has-mobile-equal-layout has-vertical-unset has-light-bg\"><div class=\"wp-block-themeisle-blocks-advanced-columns-overlay\"><\/div><div class=\"innerblocks-wrap\">\n<div id=\"wp-block-themeisle-blocks-advanced-column-88849554\" class=\"wp-block-themeisle-blocks-advanced-column\">\n<h2 class=\"wp-block-heading has-text-align-center\">Avantazhet tona<\/h2>\n\n\n\n<p id=\"wp-block-themeisle-blocks-advanced-heading-45dd8487\" class=\"wp-block-themeisle-blocks-advanced-heading wp-block-themeisle-blocks-advanced-heading-45dd8487\">\u00c7far\u00eb na b\u00ebn ne special<\/p>\n\n\n\n<div id=\"wp-block-themeisle-blocks-advanced-columns-f4d5db45\" class=\"wp-block-themeisle-blocks-advanced-columns has-4-columns has-desktop-equal-layout has-tablet-equal-layout has-mobile-collapsedRows-layout has-vertical-unset\"><div class=\"wp-block-themeisle-blocks-advanced-columns-overlay\"><\/div><div class=\"innerblocks-wrap\">\n<div id=\"wp-block-themeisle-blocks-advanced-column-abaf1f32\" class=\"wp-block-themeisle-blocks-advanced-column\">\n<div class=\"wp-block-themeisle-blocks-service\">\n<div id=\"wp-block-themeisle-blocks-font-awesome-icons-83293f68\" class=\"wp-block-themeisle-blocks-font-awesome-icons\"><span class=\"wp-block-themeisle-blocks-font-awesome-icons-container nan-padding\"><i class=\"fas fa-check\"><\/i><\/span><\/div>\n\n\n\n<h3 class=\"wp-block-heading has-text-align-center\">kualitet i lart\u00eb<\/h3>\n\n\n\n<p class=\"has-text-align-center has-neve-text-color-color has-text-color\">&#8220;\u00c7do bizhuteri \u00ebsht\u00eb krijuar me materiale premium dhe mjesht\u00ebri t\u00eb p\u00ebrpikshme p\u00ebr nj\u00eb eleganc\u00eb t\u00eb pakrahasueshme.&#8221;<\/p>\n<\/div>\n<\/div>\n\n\n\n<div id=\"wp-block-themeisle-blocks-advanced-column-2670760a\" class=\"wp-block-themeisle-blocks-advanced-column\">\n<div class=\"wp-block-themeisle-blocks-service\">\n<div id=\"wp-block-themeisle-blocks-font-awesome-icons-109ec5c8\" class=\"wp-block-themeisle-blocks-font-awesome-icons\"><span class=\"wp-block-themeisle-blocks-font-awesome-icons-container nan-padding\"><i class=\"fas fa-shipping-fast\"><\/i><\/span><\/div>\n\n\n\n<h3 class=\"wp-block-heading has-text-align-center\">Transport i Shpejt\u00eb<\/h3>\n\n\n\n<p class=\"has-text-align-center has-neve-text-color-color has-text-color\"><em>&#8220;Ne sigurojm\u00eb q\u00eb \u00e7do porosi t\u00eb arrij\u00eb tek ju n\u00eb koh\u00eb rekord, me d\u00ebrges\u00eb t\u00eb shpejt\u00eb dhe t\u00eb besueshme.&#8221;<\/em><\/p>\n<\/div>\n<\/div>\n\n\n\n<div id=\"wp-block-themeisle-blocks-advanced-column-4f9991e5\" class=\"wp-block-themeisle-blocks-advanced-column\">\n<div class=\"wp-block-themeisle-blocks-service\">\n<div id=\"wp-block-themeisle-blocks-font-awesome-icons-e745ea1b\" class=\"wp-block-themeisle-blocks-font-awesome-icons\"><span class=\"wp-block-themeisle-blocks-font-awesome-icons-container nan-padding\"><i class=\"fas fa-money-check-alt\"><\/i><\/span><\/div>\n\n\n\n<h3 class=\"wp-block-heading has-text-align-center\">\u00c7mime Konkuruese<\/h3>\n\n\n\n<p class=\"has-text-align-center\"><em>&#8220;Ofrojm\u00eb luks t\u00eb v\u00ebrtet\u00eb me \u00e7mime q\u00eb jan\u00eb t\u00eb arritshme dhe t\u00eb konkurrueshme p\u00ebr \u00e7do klient.&#8221;<\/em><\/p>\n<\/div>\n<\/div>\n\n\n\n<div id=\"wp-block-themeisle-blocks-advanced-column-e7304ca8\" class=\"wp-block-themeisle-blocks-advanced-column\">\n<div class=\"wp-block-themeisle-blocks-service\">\n<div id=\"wp-block-themeisle-blocks-font-awesome-icons-ca9bd300\" class=\"wp-block-themeisle-blocks-font-awesome-icons\"><span class=\"wp-block-themeisle-blocks-font-awesome-icons-container nan-padding\"><i class=\"fas fa-hand-holding-heart\"><\/i><\/span><\/div>\n\n\n\n<h3 class=\"wp-block-heading has-text-align-center\">Hipoalergjenik<\/h3>\n\n\n\n<p class=\"has-text-align-center\"><em>&#8220;Bizhuterit\u00eb tona jan\u00eb t\u00eb dizajnuara p\u00ebr t\u00eb qen\u00eb t\u00eb buta me l\u00ebkur\u00ebn, duke minimizuar \u00e7do rrezik alergjie.&#8221;<\/em><\/p>\n<\/div>\n<\/div>\n<\/div><\/div>\n<\/div>\n<\/div><\/div>\n","protected":false},"excerpt":{"rendered":"","protected":false},"author":1,"featured_media":0,"parent":0,"menu_order":0,"comment_status":"closed","ping_status":"closed","template":"","meta":{"neve_meta_sidebar":"full-width","neve_meta_container":"","neve_meta_enable_content_width":"on","neve_meta_content_width":100,"neve_meta_title_alignment":"","neve_meta_author_avatar":"","neve_post_elements_order":"","neve_meta_disable_header":"","neve_meta_disable_footer":"","neve_meta_disable_title":"on","_themeisle_gutenberg_block_has_review":false,"footnotes":""},"class_list":["post-281","page","type-page","status-publish","hentry"],"_links":{"self":[{"href":"https:\/\/class-jewelry.com\/index.php\/wp-json\/wp\/v2\/pages\/281","targetHints":{"allow":["GET"]}}],"collection":[{"href":"https:\/\/class-jewelry.com\/index.php\/wp-json\/wp\/v2\/pages"}],"about":[{"href":"https:\/\/class-jewelry.com\/index.php\/wp-json\/wp\/v2\/types\/page"}],"author":[{"embeddable":true,"href":"https:\/\/class-jewelry.com\/index.php\/wp-json\/wp\/v2\/users\/1"}],"replies":[{"embeddable":true,"href":"https:\/\/class-jewelry.com\/index.php\/wp-json\/wp\/v2\/comments?post=281"}],"version-history":[{"count":8,"href":"https:\/\/class-jewelry.com\/index.php\/wp-json\/wp\/v2\/pages\/281\/revisions"}],"predecessor-version":[{"id":690,"href":"https:\/\/class-jewelry.com\/index.php\/wp-json\/wp\/v2\/pages\/281\/revisions\/690"}],"wp:attachment":[{"href":"https:\/\/class-jewelry.com\/index.php\/wp-json\/wp\/v2\/media?parent=281"}],"curies":[{"name":"wp","href":"https:\/\/api.w.org\/{rel}","templated":true}]}}