{"id":1000,"date":"2025-08-26T21:23:33","date_gmt":"2025-08-26T19:23:33","guid":{"rendered":"https:\/\/class-jewelry.com\/?post_type=product&#038;p=1000"},"modified":"2025-08-26T21:23:33","modified_gmt":"2025-08-26T19:23:33","slug":"vethet-rreze","status":"publish","type":"product","link":"https:\/\/class-jewelry.com\/index.php\/product\/vethet-rreze\/","title":{"rendered":"Vethet &#8220;Rreze&#8221;"},"content":{"rendered":"<p>VETHE n\u00eb form\u00eb rreze dhe gur\u00eb blu n\u00eb mes sjell nj\u00eb kombinim magjik t\u00eb eleganc\u00ebs dhe freskis\u00eb.<br data-start=\"807\" data-end=\"810\" \/>I punuar nga \u00e7elik 316 dhe i veshur me flori 18K p\u00ebrmes metod\u00ebs PVD, ofron shk\u00eblqim t\u00eb q\u00ebndruesh\u00ebm dhe rezistenc\u00eb t\u00eb lart\u00eb ndaj p\u00ebrdorimit t\u00eb p\u00ebrditsh\u00ebm.<br data-start=\"968\" data-end=\"971\" \/>Gur\u00ebt blu n\u00eb qend\u00ebr t\u00eb luleve krijojn\u00eb nj\u00eb kontrast t\u00eb bukur me petalet e stilizuara n\u00eb form\u00eb rreze, duke b\u00ebr\u00eb k\u00ebto vethe\u00a0 unik dhe t\u00eb ve\u00e7ant\u00eb.<br data-start=\"1115\" data-end=\"1118\" \/>Nj\u00eb zgjedhje ideale p\u00ebr ata q\u00eb k\u00ebrkojn\u00eb nj\u00eb detaj t\u00eb rafinuar dhe ngjyra t\u00eb fresk\u00ebta n\u00eb aksesor\u00ebt e tyre.<\/p>\n","protected":false},"excerpt":{"rendered":"<p data-start=\"142\" data-end=\"242\">\u2022 <strong data-start=\"144\" data-end=\"158\">Materiali:<\/strong> Stainless Steel 316 me veshje PVD Gold 18K \u2013 antialergjik dhe shum\u00eb i q\u00ebndruesh\u00ebm<\/p>\n<p data-start=\"244\" data-end=\"311\">\u2022 <strong data-start=\"246\" data-end=\"261\">Rezistenc\u00eb:<\/strong> Nuk nxihet, rezistent ndaj ujit dhe lag\u00ebshtir\u00ebs<\/p>\n<p data-start=\"313\" data-end=\"447\">\u2022 <strong data-start=\"315\" data-end=\"326\">Dizajn:<\/strong> Aksesor n\u00eb form\u00eb rreze, secila me nj\u00eb gur blu t\u00eb vendosur n\u00eb mes, q\u00eb i jep eleganc\u00eb dhe kontrast ngjyrash<\/p>\n<p data-start=\"449\" data-end=\"558\">\u2022 <strong data-start=\"451\" data-end=\"460\">Stil:<\/strong> Fem\u00ebror, delikat dhe me nj\u00eb prekje moderne \u2013 perfekt p\u00ebr ata q\u00eb duan t\u00eb dallohen me stil unikal<\/p>\n<p data-start=\"560\" data-end=\"668\">\n","protected":false},"featured_media":1001,"comment_status":"open","ping_status":"closed","template":"","meta":{"neve_meta_sidebar":"","neve_meta_container":"","neve_meta_enable_content_width":"off","neve_meta_content_width":100,"neve_meta_title_alignment":"","neve_meta_author_avatar":"","neve_post_elements_order":"","neve_meta_disable_header":"","neve_meta_disable_footer":"","neve_meta_disable_title":"","_themeisle_gutenberg_block_has_review":false},"product_brand":[],"product_cat":[25],"product_tag":[],"class_list":{"0":"post-1000","1":"product","2":"type-product","3":"status-publish","4":"has-post-thumbnail","6":"product_cat-vethe","8":"first","9":"instock","10":"shipping-taxable","11":"purchasable","12":"product-type-simple"},"_links":{"self":[{"href":"https:\/\/class-jewelry.com\/index.php\/wp-json\/wp\/v2\/product\/1000","targetHints":{"allow":["GET"]}}],"collection":[{"href":"https:\/\/class-jewelry.com\/index.php\/wp-json\/wp\/v2\/product"}],"about":[{"href":"https:\/\/class-jewelry.com\/index.php\/wp-json\/wp\/v2\/types\/product"}],"replies":[{"embeddable":true,"href":"https:\/\/class-jewelry.com\/index.php\/wp-json\/wp\/v2\/comments?post=1000"}],"wp:featuredmedia":[{"embeddable":true,"href":"https:\/\/class-jewelry.com\/index.php\/wp-json\/wp\/v2\/media\/1001"}],"wp:attachment":[{"href":"https:\/\/class-jewelry.com\/index.php\/wp-json\/wp\/v2\/media?parent=1000"}],"wp:term":[{"taxonomy":"product_brand","embeddable":true,"href":"https:\/\/class-jewelry.com\/index.php\/wp-json\/wp\/v2\/product_brand?post=1000"},{"taxonomy":"product_cat","embeddable":true,"href":"https:\/\/class-jewelry.com\/index.php\/wp-json\/wp\/v2\/product_cat?post=1000"},{"taxonomy":"product_tag","embeddable":true,"href":"https:\/\/class-jewelry.com\/index.php\/wp-json\/wp\/v2\/product_tag?post=1000"}],"curies":[{"name":"wp","href":"https:\/\/api.w.org\/{rel}","templated":true}]}}