{"id":1016,"date":"2025-08-27T11:12:16","date_gmt":"2025-08-27T09:12:16","guid":{"rendered":"https:\/\/class-jewelry.com\/?post_type=product&#038;p=1016"},"modified":"2025-08-27T11:12:16","modified_gmt":"2025-08-27T09:12:16","slug":"byzylyk-rreth","status":"publish","type":"product","link":"https:\/\/class-jewelry.com\/index.php\/product\/byzylyk-rreth\/","title":{"rendered":"Byzylyk Rreth"},"content":{"rendered":"<p>Byzylyku rreth i thjesht\u00eb \u00ebsht\u00eb nj\u00eb aksesor minimalist q\u00eb p\u00ebrshtatet leht\u00ebsisht me \u00e7do stil. I punuar me material cil\u00ebsor, nuk nxihet dhe \u00ebsht\u00eb rezistent p\u00ebr p\u00ebrdorim t\u00eb p\u00ebrditsh\u00ebm. Mund t\u00eb vishet vet\u00ebm p\u00ebr nj\u00eb pamje elegante dhe t\u00eb past\u00ebr ose i kombinuar me byzylyk\u00eb t\u00eb tjer\u00eb p\u00ebr nj\u00eb stil m\u00eb modern dhe trendy.<\/p>\n","protected":false},"excerpt":{"rendered":"<ul>\n<li>Material premium: Stainless Steel 316 me veshje PVD Gold 18K \u2013 i q\u00ebndruesh\u00ebm, nuk nxihet dhe antialergjik.<\/li>\n<li>Dizajn minimalist: Byzylyk rreth i thjesht\u00eb, nj\u00eb aksesor elegant q\u00eb p\u00ebrshtatet me \u00e7do stil.<\/li>\n<li>P\u00ebrdorim i p\u00ebrditsh\u00ebm: Ideal p\u00ebr t\u2019u kombinuar si vet\u00ebm, ashtu edhe me byzylyk\u00eb t\u00eb tjer\u00eb p\u00ebr nj\u00eb look modern.<\/li>\n<li>Eleganc\u00eb e p\u00ebrhershme: Nj\u00eb detaj i vog\u00ebl q\u00eb sjell fines\u00eb dhe thjesht\u00ebsi n\u00eb \u00e7do dalje.<\/li>\n<\/ul>\n","protected":false},"featured_media":1015,"comment_status":"open","ping_status":"closed","template":"","meta":{"neve_meta_sidebar":"","neve_meta_container":"","neve_meta_enable_content_width":"off","neve_meta_content_width":100,"neve_meta_title_alignment":"","neve_meta_author_avatar":"","neve_post_elements_order":"","neve_meta_disable_header":"","neve_meta_disable_footer":"","neve_meta_disable_title":"","_themeisle_gutenberg_block_has_review":false},"product_brand":[],"product_cat":[26],"product_tag":[],"class_list":{"0":"post-1016","1":"product","2":"type-product","3":"status-publish","4":"has-post-thumbnail","6":"product_cat-byrzylyk","8":"first","9":"instock","10":"shipping-taxable","11":"purchasable","12":"product-type-simple"},"_links":{"self":[{"href":"https:\/\/class-jewelry.com\/index.php\/wp-json\/wp\/v2\/product\/1016","targetHints":{"allow":["GET"]}}],"collection":[{"href":"https:\/\/class-jewelry.com\/index.php\/wp-json\/wp\/v2\/product"}],"about":[{"href":"https:\/\/class-jewelry.com\/index.php\/wp-json\/wp\/v2\/types\/product"}],"replies":[{"embeddable":true,"href":"https:\/\/class-jewelry.com\/index.php\/wp-json\/wp\/v2\/comments?post=1016"}],"wp:featuredmedia":[{"embeddable":true,"href":"https:\/\/class-jewelry.com\/index.php\/wp-json\/wp\/v2\/media\/1015"}],"wp:attachment":[{"href":"https:\/\/class-jewelry.com\/index.php\/wp-json\/wp\/v2\/media?parent=1016"}],"wp:term":[{"taxonomy":"product_brand","embeddable":true,"href":"https:\/\/class-jewelry.com\/index.php\/wp-json\/wp\/v2\/product_brand?post=1016"},{"taxonomy":"product_cat","embeddable":true,"href":"https:\/\/class-jewelry.com\/index.php\/wp-json\/wp\/v2\/product_cat?post=1016"},{"taxonomy":"product_tag","embeddable":true,"href":"https:\/\/class-jewelry.com\/index.php\/wp-json\/wp\/v2\/product_tag?post=1016"}],"curies":[{"name":"wp","href":"https:\/\/api.w.org\/{rel}","templated":true}]}}