{"id":1017,"date":"2025-08-27T11:29:20","date_gmt":"2025-08-27T09:29:20","guid":{"rendered":"https:\/\/class-jewelry.com\/?post_type=product&#038;p=1017"},"modified":"2025-08-27T11:29:20","modified_gmt":"2025-08-27T09:29:20","slug":"unazadiell","status":"publish","type":"product","link":"https:\/\/class-jewelry.com\/index.php\/product\/unazadiell\/","title":{"rendered":"Unaza\u201dDiell\u201d"},"content":{"rendered":"<p>Unaza me diell \u00ebsht\u00eb nj\u00eb aksesor delikat dhe modern q\u00eb sjell drit\u00eb dhe stil n\u00eb \u00e7do paraqitje. E leht\u00eb p\u00ebr t\u2019u kombinuar me \u00e7do outfit, \u00ebsht\u00eb zgjedhja perfekte p\u00ebr p\u00ebrdorim t\u00eb p\u00ebrditsh\u00ebm ose evente speciale.<\/p>\n","protected":false},"excerpt":{"rendered":"<ul>\n<li>Material premium: Stainless Steel316 \u2013 cil\u00ebsia m\u00eb e lart\u00eb , rezistent ndaj ujit, lag\u00ebshtir\u00ebs dhe p\u00ebrdorimit t\u00eb p\u00ebrditsh\u00ebm.<\/li>\n<li>Veshje luksoze: PVD Gold 18K \u2013 e lyer n\u00eb flori 18K p\u00ebr nj\u00eb shk\u00eblqim afatgjat\u00eb dhe ngjyr\u00eb t\u00eb art\u00eb t\u00eb sofistikuar.<\/li>\n<li>Dizajn unik: Simboli i diellit i punuar me kujdes, q\u00eb p\u00ebrfaq\u00ebson energji, drit\u00eb dhe pozitivitet.<\/li>\n<li>Antialergjike: E sigurt p\u00ebr l\u00ebkur\u00ebn, pa nik\u00ebl dhe pa irritime.<\/li>\n<\/ul>\n","protected":false},"featured_media":1018,"comment_status":"open","ping_status":"closed","template":"","meta":{"neve_meta_sidebar":"","neve_meta_container":"","neve_meta_enable_content_width":"off","neve_meta_content_width":100,"neve_meta_title_alignment":"","neve_meta_author_avatar":"","neve_post_elements_order":"","neve_meta_disable_header":"","neve_meta_disable_footer":"","neve_meta_disable_title":"","_themeisle_gutenberg_block_has_review":false},"product_brand":[],"product_cat":[24],"product_tag":[],"class_list":{"0":"post-1017","1":"product","2":"type-product","3":"status-publish","4":"has-post-thumbnail","6":"product_cat-unaza","8":"first","9":"instock","10":"shipping-taxable","11":"purchasable","12":"product-type-simple"},"_links":{"self":[{"href":"https:\/\/class-jewelry.com\/index.php\/wp-json\/wp\/v2\/product\/1017","targetHints":{"allow":["GET"]}}],"collection":[{"href":"https:\/\/class-jewelry.com\/index.php\/wp-json\/wp\/v2\/product"}],"about":[{"href":"https:\/\/class-jewelry.com\/index.php\/wp-json\/wp\/v2\/types\/product"}],"replies":[{"embeddable":true,"href":"https:\/\/class-jewelry.com\/index.php\/wp-json\/wp\/v2\/comments?post=1017"}],"wp:featuredmedia":[{"embeddable":true,"href":"https:\/\/class-jewelry.com\/index.php\/wp-json\/wp\/v2\/media\/1018"}],"wp:attachment":[{"href":"https:\/\/class-jewelry.com\/index.php\/wp-json\/wp\/v2\/media?parent=1017"}],"wp:term":[{"taxonomy":"product_brand","embeddable":true,"href":"https:\/\/class-jewelry.com\/index.php\/wp-json\/wp\/v2\/product_brand?post=1017"},{"taxonomy":"product_cat","embeddable":true,"href":"https:\/\/class-jewelry.com\/index.php\/wp-json\/wp\/v2\/product_cat?post=1017"},{"taxonomy":"product_tag","embeddable":true,"href":"https:\/\/class-jewelry.com\/index.php\/wp-json\/wp\/v2\/product_tag?post=1017"}],"curies":[{"name":"wp","href":"https:\/\/api.w.org\/{rel}","templated":true}]}}