{"id":1079,"date":"2025-08-31T21:25:03","date_gmt":"2025-08-31T19:25:03","guid":{"rendered":"https:\/\/class-jewelry.com\/?post_type=product&#038;p=1079"},"modified":"2025-08-31T21:25:03","modified_gmt":"2025-08-31T19:25:03","slug":"unaza-bro","status":"publish","type":"product","link":"https:\/\/class-jewelry.com\/index.php\/product\/unaza-bro\/","title":{"rendered":"Unaza Bro"},"content":{"rendered":"<p>Kjo unaz\u00eb me shkrim \u201cBro\u201d \u00ebsht\u00eb e punuar nga stainless steel 316 dhe e veshur me PVD Gold 18K p\u00ebr nj\u00eb shk\u00eblqim afatgjat\u00eb. Shkrimi \u201cBro\u201d e b\u00ebn k\u00ebt\u00eb unaz\u00eb nj\u00eb aksesor personal dhe unik, ideal p\u00ebr p\u00ebrdorim t\u00eb p\u00ebrditsh\u00ebm ose si dhurat\u00eb p\u00ebr dik\u00eb t\u00eb ve\u00e7ant\u00eb.<\/p>\n","protected":false},"excerpt":{"rendered":"<p>\u25e6 <strong>Materiali<\/strong>: Stainless Steel 316 (\u00e7elik cil\u00ebsia m\u00eb e lart\u00eb)<\/p>\n<p>\u25e6 <strong>Veshje<\/strong>: PVD Gold 18K \u2013 i lar\u00eb n\u00eb flori 18K<\/p>\n<p>\u25e6 <strong>Dizajn<\/strong>: Unaz\u00eb me shkrimin \u201c<strong>Bro<\/strong>\u201d t\u00eb gdhendur<\/p>\n<p>\u25e6 <strong>Antialergjik<\/strong>, rezistent ndaj ujit dhe nuk nxihesh<\/p>\n<p><strong>\u25e6 Minimaliste dhe moderne \u2013 perfekte p\u00ebr \u00e7do rast<\/strong><\/p>\n","protected":false},"featured_media":1080,"comment_status":"open","ping_status":"closed","template":"","meta":{"neve_meta_sidebar":"","neve_meta_container":"","neve_meta_enable_content_width":"off","neve_meta_content_width":100,"neve_meta_title_alignment":"","neve_meta_author_avatar":"","neve_post_elements_order":"","neve_meta_disable_header":"","neve_meta_disable_footer":"","neve_meta_disable_title":"","_themeisle_gutenberg_block_has_review":false},"product_brand":[],"product_cat":[24],"product_tag":[],"class_list":{"0":"post-1079","1":"product","2":"type-product","3":"status-publish","4":"has-post-thumbnail","6":"product_cat-unaza","8":"first","9":"instock","10":"shipping-taxable","11":"purchasable","12":"product-type-simple"},"_links":{"self":[{"href":"https:\/\/class-jewelry.com\/index.php\/wp-json\/wp\/v2\/product\/1079","targetHints":{"allow":["GET"]}}],"collection":[{"href":"https:\/\/class-jewelry.com\/index.php\/wp-json\/wp\/v2\/product"}],"about":[{"href":"https:\/\/class-jewelry.com\/index.php\/wp-json\/wp\/v2\/types\/product"}],"replies":[{"embeddable":true,"href":"https:\/\/class-jewelry.com\/index.php\/wp-json\/wp\/v2\/comments?post=1079"}],"wp:featuredmedia":[{"embeddable":true,"href":"https:\/\/class-jewelry.com\/index.php\/wp-json\/wp\/v2\/media\/1080"}],"wp:attachment":[{"href":"https:\/\/class-jewelry.com\/index.php\/wp-json\/wp\/v2\/media?parent=1079"}],"wp:term":[{"taxonomy":"product_brand","embeddable":true,"href":"https:\/\/class-jewelry.com\/index.php\/wp-json\/wp\/v2\/product_brand?post=1079"},{"taxonomy":"product_cat","embeddable":true,"href":"https:\/\/class-jewelry.com\/index.php\/wp-json\/wp\/v2\/product_cat?post=1079"},{"taxonomy":"product_tag","embeddable":true,"href":"https:\/\/class-jewelry.com\/index.php\/wp-json\/wp\/v2\/product_tag?post=1079"}],"curies":[{"name":"wp","href":"https:\/\/api.w.org\/{rel}","templated":true}]}}