{"id":1081,"date":"2025-08-31T21:31:00","date_gmt":"2025-08-31T19:31:00","guid":{"rendered":"https:\/\/class-jewelry.com\/?post_type=product&#038;p=1081"},"modified":"2025-08-31T21:33:24","modified_gmt":"2025-08-31T19:33:24","slug":"1081","status":"publish","type":"product","link":"https:\/\/class-jewelry.com\/index.php\/product\/1081\/","title":{"rendered":"Unaza \u201cSelene\u201d"},"content":{"rendered":"<p>Kjo unaz\u00eb elegante p\u00ebrfaq\u00ebson bukurin\u00eb dhe delikates\u00ebn n\u00eb form\u00ebn m\u00eb t\u00eb past\u00ebr. E punuar n\u00eb ar t\u00eb bardh\u00eb ose platin cil\u00ebsor, ajo shquhet p\u00ebr gurin q\u00ebndror me shk\u00eblqim mahnit\u00ebs dhe dizajnin e saj t\u00eb ve\u00e7ant\u00eb me gur\u00eb an\u00ebsor\u00eb n\u00eb forma petalesh. \u00c7do detaj \u00ebsht\u00eb vendosur me kujdes p\u00ebr t\u00eb krijuar nj\u00eb pamje t\u00eb frym\u00ebzuar nga natyra \u2013 nj\u00eb kombinim perfekt i fines\u00ebs dhe modernitetit. Rripi i unaz\u00ebs i zbukuruar me gur\u00eb t\u00eb vegj\u00ebl shton eleganc\u00ebn dhe shk\u00eblqimin q\u00eb e b\u00ebn k\u00ebt\u00eb unaz\u00eb zgjedhjen ideale p\u00ebr fejes\u00eb apo dhurat\u00eb t\u00eb paharrueshme.<\/p>\n","protected":false},"excerpt":{"rendered":"<ul>\n<li data-start=\"83\" data-end=\"115\">2 unaza sebashku<\/li>\n<li data-start=\"83\" data-end=\"115\">\n<p data-start=\"85\" data-end=\"115\">Material: Ar i bardh\u00eb \/ platin<\/p>\n<\/li>\n<li data-start=\"116\" data-end=\"172\">\n<p data-start=\"118\" data-end=\"172\">Gur qendror: Form\u00eb zemre ose ovale, diamant ose zirkon<\/p>\n<\/li>\n<li data-start=\"173\" data-end=\"249\">\n<p data-start=\"175\" data-end=\"249\">Dizajn an\u00ebsor: Gur\u00eb t\u00eb vegj\u00ebl n\u00eb forma petalesh (marquise dhe rrumbullake)<\/p>\n<\/li>\n<li data-start=\"250\" data-end=\"301\">\n<p data-start=\"252\" data-end=\"301\">Stili: Asimetrik dhe elegant, frym\u00ebzim nga natyra<\/p>\n<\/li>\n<li data-start=\"302\" data-end=\"369\">\n<p data-start=\"304\" data-end=\"369\">Rripi i unaz\u00ebs: I zbukuruar me gur\u00eb t\u00eb vegj\u00ebl p\u00ebr shk\u00eblqim shtes\u00eb<\/p>\n<\/li>\n<li data-start=\"370\" data-end=\"424\">\n<p data-start=\"372\" data-end=\"424\">Ideale p\u00ebr: Fejes\u00eb, p\u00ebrvjetor apo dhurat\u00eb t\u00eb ve\u00e7ant\u00eb<\/p>\n<\/li>\n<li data-start=\"425\" data-end=\"484\">\n<p data-start=\"427\" data-end=\"484\">Karakteristik\u00eb unike: Pamje q\u00eb ngjan me nj\u00eb lule delikate<\/p>\n<\/li>\n<\/ul>\n","protected":false},"featured_media":1082,"comment_status":"open","ping_status":"closed","template":"","meta":{"neve_meta_sidebar":"","neve_meta_container":"","neve_meta_enable_content_width":"off","neve_meta_content_width":100,"neve_meta_title_alignment":"","neve_meta_author_avatar":"","neve_post_elements_order":"","neve_meta_disable_header":"","neve_meta_disable_footer":"","neve_meta_disable_title":"","_themeisle_gutenberg_block_has_review":false},"product_brand":[],"product_cat":[24],"product_tag":[],"class_list":{"0":"post-1081","1":"product","2":"type-product","3":"status-publish","4":"has-post-thumbnail","6":"product_cat-unaza","8":"first","9":"instock","10":"shipping-taxable","11":"purchasable","12":"product-type-simple"},"_links":{"self":[{"href":"https:\/\/class-jewelry.com\/index.php\/wp-json\/wp\/v2\/product\/1081","targetHints":{"allow":["GET"]}}],"collection":[{"href":"https:\/\/class-jewelry.com\/index.php\/wp-json\/wp\/v2\/product"}],"about":[{"href":"https:\/\/class-jewelry.com\/index.php\/wp-json\/wp\/v2\/types\/product"}],"replies":[{"embeddable":true,"href":"https:\/\/class-jewelry.com\/index.php\/wp-json\/wp\/v2\/comments?post=1081"}],"wp:featuredmedia":[{"embeddable":true,"href":"https:\/\/class-jewelry.com\/index.php\/wp-json\/wp\/v2\/media\/1082"}],"wp:attachment":[{"href":"https:\/\/class-jewelry.com\/index.php\/wp-json\/wp\/v2\/media?parent=1081"}],"wp:term":[{"taxonomy":"product_brand","embeddable":true,"href":"https:\/\/class-jewelry.com\/index.php\/wp-json\/wp\/v2\/product_brand?post=1081"},{"taxonomy":"product_cat","embeddable":true,"href":"https:\/\/class-jewelry.com\/index.php\/wp-json\/wp\/v2\/product_cat?post=1081"},{"taxonomy":"product_tag","embeddable":true,"href":"https:\/\/class-jewelry.com\/index.php\/wp-json\/wp\/v2\/product_tag?post=1081"}],"curies":[{"name":"wp","href":"https:\/\/api.w.org\/{rel}","templated":true}]}}