{"id":1087,"date":"2025-08-31T21:43:36","date_gmt":"2025-08-31T19:43:36","guid":{"rendered":"https:\/\/class-jewelry.com\/?post_type=product&#038;p=1087"},"modified":"2025-08-31T21:43:36","modified_gmt":"2025-08-31T19:43:36","slug":"unaza-sole","status":"publish","type":"product","link":"https:\/\/class-jewelry.com\/index.php\/product\/unaza-sole\/","title":{"rendered":"Unaza \u201c Sol\u00e9\u201d"},"content":{"rendered":"<p>Kjo unaz\u00eb gold e thjesht\u00eb \u00ebsht\u00eb e punuar nga stainless steel 316 dhe e veshur me PVD Gold 18K p\u00ebr nj\u00eb shk\u00eblqim t\u00eb gjat\u00eb. Gur i vet\u00ebm cubic zirconia i vendosur lart kap drit\u00ebn si diamant i v\u00ebrtet\u00eb, duke e b\u00ebr\u00eb k\u00ebt\u00eb unaz\u00eb nj\u00eb aksesor elegant dhe t\u00eb paz\u00ebvend\u00ebsuesh\u00ebm p\u00ebr \u00e7do rast<\/p>\n","protected":false},"excerpt":{"rendered":"<p>\u25e6 <strong>Materiali<\/strong>: Stainless Steel 316 (\u00e7elik inox cil\u00ebsia m\u00eb e lart\u00eb)<\/p>\n<p>\u25e6 <strong>Veshje<\/strong>: PVD Gold 18K \u2013 i lar\u00eb n\u00eb flori 18K<\/p>\n<p>\u25e6 <strong>Gur\u00eb<\/strong>: 1 gur cubic zirconia i vendosur lart \u2013 shk\u00eblqim si diamant<\/p>\n<p>\u25e6 <strong>Antialergjik<\/strong>, rezistent ndaj ujit dhe nuk nxihesh<\/p>\n<p>\u25e6 <strong>Dizajn<\/strong>: Minimalist, elegant dhe i rafinuar<\/p>\n","protected":false},"featured_media":1089,"comment_status":"open","ping_status":"closed","template":"","meta":{"neve_meta_sidebar":"","neve_meta_container":"","neve_meta_enable_content_width":"off","neve_meta_content_width":100,"neve_meta_title_alignment":"","neve_meta_author_avatar":"","neve_post_elements_order":"","neve_meta_disable_header":"","neve_meta_disable_footer":"","neve_meta_disable_title":"","_themeisle_gutenberg_block_has_review":false},"product_brand":[],"product_cat":[24],"product_tag":[],"class_list":{"0":"post-1087","1":"product","2":"type-product","3":"status-publish","4":"has-post-thumbnail","6":"product_cat-unaza","8":"first","9":"instock","10":"shipping-taxable","11":"purchasable","12":"product-type-simple"},"_links":{"self":[{"href":"https:\/\/class-jewelry.com\/index.php\/wp-json\/wp\/v2\/product\/1087","targetHints":{"allow":["GET"]}}],"collection":[{"href":"https:\/\/class-jewelry.com\/index.php\/wp-json\/wp\/v2\/product"}],"about":[{"href":"https:\/\/class-jewelry.com\/index.php\/wp-json\/wp\/v2\/types\/product"}],"replies":[{"embeddable":true,"href":"https:\/\/class-jewelry.com\/index.php\/wp-json\/wp\/v2\/comments?post=1087"}],"wp:featuredmedia":[{"embeddable":true,"href":"https:\/\/class-jewelry.com\/index.php\/wp-json\/wp\/v2\/media\/1089"}],"wp:attachment":[{"href":"https:\/\/class-jewelry.com\/index.php\/wp-json\/wp\/v2\/media?parent=1087"}],"wp:term":[{"taxonomy":"product_brand","embeddable":true,"href":"https:\/\/class-jewelry.com\/index.php\/wp-json\/wp\/v2\/product_brand?post=1087"},{"taxonomy":"product_cat","embeddable":true,"href":"https:\/\/class-jewelry.com\/index.php\/wp-json\/wp\/v2\/product_cat?post=1087"},{"taxonomy":"product_tag","embeddable":true,"href":"https:\/\/class-jewelry.com\/index.php\/wp-json\/wp\/v2\/product_tag?post=1087"}],"curies":[{"name":"wp","href":"https:\/\/api.w.org\/{rel}","templated":true}]}}