{"id":1090,"date":"2025-08-31T21:46:51","date_gmt":"2025-08-31T19:46:51","guid":{"rendered":"https:\/\/class-jewelry.com\/?post_type=product&#038;p=1090"},"modified":"2025-08-31T21:46:51","modified_gmt":"2025-08-31T19:46:51","slug":"byzylykucoralia","status":"publish","type":"product","link":"https:\/\/class-jewelry.com\/index.php\/product\/byzylykucoralia\/","title":{"rendered":"Byzylyku\u201dCoralia\u201d"},"content":{"rendered":"<p>Ky byzylyk me guask\u00eb kombinon natyralitetin dhe eleganc\u00ebn. I punuar nga stainless steel 316 dhe me mund\u00ebsi veshjeje PVD Gold 18K, guaska i jep nj\u00eb prekje unike \u00e7do look-u, duke e b\u00ebr\u00eb t\u00eb p\u00ebrshtatsh\u00ebm si p\u00ebr p\u00ebrdorim t\u00eb p\u00ebrditsh\u00ebm, ashtu edhe p\u00ebr raste speciale.<\/p>\n","protected":false},"excerpt":{"rendered":"<p>\u25e6 <strong>Materiali<\/strong>: Stainless Steel 316 (\u00e7elik cil\u00ebsia m\u00eb e lart\u00eb)<\/p>\n<p>\u25e6 <strong>Veshje<\/strong>: PVD Gold 18K (lare ne flori18K)<\/p>\n<p>\u25e6 <strong>Dizajn<\/strong>: Byzylyk me guask\u00eb<\/p>\n<p>\u25e6 <strong>Antialergjik<\/strong>, rezistent ndaj ujit dhe nuk nxihet<\/p>\n<p>\u25e6 <strong>Stili<\/strong>: Minimalist, elegant dhe i p\u00ebrshtatsh\u00ebm p\u00ebr \u00e7do rast<\/p>\n","protected":false},"featured_media":1091,"comment_status":"open","ping_status":"closed","template":"","meta":{"neve_meta_sidebar":"","neve_meta_container":"","neve_meta_enable_content_width":"off","neve_meta_content_width":100,"neve_meta_title_alignment":"","neve_meta_author_avatar":"","neve_post_elements_order":"","neve_meta_disable_header":"","neve_meta_disable_footer":"","neve_meta_disable_title":"","_themeisle_gutenberg_block_has_review":false},"product_brand":[],"product_cat":[26],"product_tag":[],"class_list":{"0":"post-1090","1":"product","2":"type-product","3":"status-publish","4":"has-post-thumbnail","6":"product_cat-byrzylyk","8":"first","9":"instock","10":"shipping-taxable","11":"purchasable","12":"product-type-simple"},"_links":{"self":[{"href":"https:\/\/class-jewelry.com\/index.php\/wp-json\/wp\/v2\/product\/1090","targetHints":{"allow":["GET"]}}],"collection":[{"href":"https:\/\/class-jewelry.com\/index.php\/wp-json\/wp\/v2\/product"}],"about":[{"href":"https:\/\/class-jewelry.com\/index.php\/wp-json\/wp\/v2\/types\/product"}],"replies":[{"embeddable":true,"href":"https:\/\/class-jewelry.com\/index.php\/wp-json\/wp\/v2\/comments?post=1090"}],"wp:featuredmedia":[{"embeddable":true,"href":"https:\/\/class-jewelry.com\/index.php\/wp-json\/wp\/v2\/media\/1091"}],"wp:attachment":[{"href":"https:\/\/class-jewelry.com\/index.php\/wp-json\/wp\/v2\/media?parent=1090"}],"wp:term":[{"taxonomy":"product_brand","embeddable":true,"href":"https:\/\/class-jewelry.com\/index.php\/wp-json\/wp\/v2\/product_brand?post=1090"},{"taxonomy":"product_cat","embeddable":true,"href":"https:\/\/class-jewelry.com\/index.php\/wp-json\/wp\/v2\/product_cat?post=1090"},{"taxonomy":"product_tag","embeddable":true,"href":"https:\/\/class-jewelry.com\/index.php\/wp-json\/wp\/v2\/product_tag?post=1090"}],"curies":[{"name":"wp","href":"https:\/\/api.w.org\/{rel}","templated":true}]}}