{"id":1115,"date":"2025-08-31T22:29:27","date_gmt":"2025-08-31T20:29:27","guid":{"rendered":"https:\/\/class-jewelry.com\/?post_type=product&#038;p=1115"},"modified":"2025-08-31T22:29:27","modified_gmt":"2025-08-31T20:29:27","slug":"byrzylyk-celestia","status":"publish","type":"product","link":"https:\/\/class-jewelry.com\/index.php\/product\/byrzylyk-celestia\/","title":{"rendered":"Byrzylyk \u201c Celestia\u201d"},"content":{"rendered":"<p>Ky byzylyk me lule bojqielli \u00ebsht\u00eb i punuar nga stainless steel 316 dhe i veshur me PVD Gold 18K p\u00ebr nj\u00eb shk\u00eblqim t\u00eb gjat\u00eb dhe t\u00eb q\u00ebndruesh\u00ebm. Gur\u00ebt bojqielli i japin aksesorit nj\u00eb prekje t\u00eb ve\u00e7ant\u00eb dhe t\u00eb sofistikuar, duke e b\u00ebr\u00eb t\u00eb p\u00ebrshtatsh\u00ebm si p\u00ebr p\u00ebrdorim t\u00eb p\u00ebrditsh\u00ebm, ashtu edhe p\u00ebr momente speciale.<\/p>\n","protected":false},"excerpt":{"rendered":"<p>\u25e6 Materiali: Stainless Steel 316 \u2013 \u00e7elik cil\u00ebsia m\u00eb e lart\u00eb<\/p>\n<p>\u25e6 Veshje: PVD Gold 18K<\/p>\n<p>\u25e6 Dizajn: Byzylyk me lule bojqielli t\u00eb vog\u00ebl<\/p>\n<p>\u25e6 Antialergjik, rezistent ndaj ujit dhe nuk nxihesh<\/p>\n<p>\u25e6 Stili: Elegant, delikat dhe i sofistikuar \u2013 ideal p\u00ebr \u00e7do dit\u00eb apo raste speciale<\/p>\n","protected":false},"featured_media":1116,"comment_status":"open","ping_status":"closed","template":"","meta":{"neve_meta_sidebar":"","neve_meta_container":"","neve_meta_enable_content_width":"off","neve_meta_content_width":100,"neve_meta_title_alignment":"","neve_meta_author_avatar":"","neve_post_elements_order":"","neve_meta_disable_header":"","neve_meta_disable_footer":"","neve_meta_disable_title":"","_themeisle_gutenberg_block_has_review":false},"product_brand":[],"product_cat":[26],"product_tag":[],"class_list":{"0":"post-1115","1":"product","2":"type-product","3":"status-publish","4":"has-post-thumbnail","6":"product_cat-byrzylyk","8":"first","9":"instock","10":"shipping-taxable","11":"purchasable","12":"product-type-simple"},"_links":{"self":[{"href":"https:\/\/class-jewelry.com\/index.php\/wp-json\/wp\/v2\/product\/1115","targetHints":{"allow":["GET"]}}],"collection":[{"href":"https:\/\/class-jewelry.com\/index.php\/wp-json\/wp\/v2\/product"}],"about":[{"href":"https:\/\/class-jewelry.com\/index.php\/wp-json\/wp\/v2\/types\/product"}],"replies":[{"embeddable":true,"href":"https:\/\/class-jewelry.com\/index.php\/wp-json\/wp\/v2\/comments?post=1115"}],"wp:featuredmedia":[{"embeddable":true,"href":"https:\/\/class-jewelry.com\/index.php\/wp-json\/wp\/v2\/media\/1116"}],"wp:attachment":[{"href":"https:\/\/class-jewelry.com\/index.php\/wp-json\/wp\/v2\/media?parent=1115"}],"wp:term":[{"taxonomy":"product_brand","embeddable":true,"href":"https:\/\/class-jewelry.com\/index.php\/wp-json\/wp\/v2\/product_brand?post=1115"},{"taxonomy":"product_cat","embeddable":true,"href":"https:\/\/class-jewelry.com\/index.php\/wp-json\/wp\/v2\/product_cat?post=1115"},{"taxonomy":"product_tag","embeddable":true,"href":"https:\/\/class-jewelry.com\/index.php\/wp-json\/wp\/v2\/product_tag?post=1115"}],"curies":[{"name":"wp","href":"https:\/\/api.w.org\/{rel}","templated":true}]}}