{"id":1158,"date":"2025-09-01T14:16:37","date_gmt":"2025-09-01T12:16:37","guid":{"rendered":"https:\/\/class-jewelry.com\/?post_type=product&#038;p=1158"},"modified":"2025-09-01T14:16:38","modified_gmt":"2025-09-01T12:16:38","slug":"unaza-yll-2","status":"publish","type":"product","link":"https:\/\/class-jewelry.com\/index.php\/product\/unaza-yll-2\/","title":{"rendered":"Unaza &#8220;YLL&#8221;"},"content":{"rendered":"<p><strong data-start=\"734\" data-end=\"792\">Unaza q\u00eb bie n\u00eb sy \u2013 me yll t\u00eb madh dhe stil t\u00eb hapur!<\/strong><br data-start=\"792\" data-end=\"795\" \/>E krijuar nga <strong data-start=\"809\" data-end=\"832\">stainless steel 316<\/strong> me veshje <strong data-start=\"843\" data-end=\"859\">PVD Gold 18K<\/strong>, kjo unaz\u00eb jo vet\u00ebm q\u00eb shk\u00eblqen, por \u00ebsht\u00eb edhe super rezistente ndaj p\u00ebrdorimit t\u00eb p\u00ebrditsh\u00ebm.<br data-start=\"955\" data-end=\"958\" \/>Fleksibile dhe e rregullueshme \u2013 p\u00ebrshtatet me leht\u00ebsi n\u00eb \u00e7do gisht!<br data-start=\"1026\" data-end=\"1029\" \/>Dizajni i yllit i jep nj\u00eb prekje galaktike dhe trendi \u00e7do veshjeje.<\/p>\n","protected":false},"excerpt":{"rendered":"<ul>\n<li data-start=\"170\" data-end=\"260\">\n<p data-start=\"172\" data-end=\"260\">Unaz\u00eb elegante me <strong data-start=\"190\" data-end=\"213\">dizajn ylli t\u00eb madh<\/strong>, ideale p\u00ebr t\u00eb shtuar shk\u00eblqim \u00e7do veshjeje.<\/p>\n<\/li>\n<li data-start=\"261\" data-end=\"346\">\n<p data-start=\"263\" data-end=\"346\"><strong data-start=\"263\" data-end=\"294\">E hapur dhe e rregullueshme<\/strong>, p\u00ebrshtatet leht\u00ebsisht me madh\u00ebsin\u00eb e \u00e7do gishti.<\/p>\n<\/li>\n<li data-start=\"347\" data-end=\"468\">\n<p data-start=\"349\" data-end=\"468\">E prodhuar nga <strong data-start=\"364\" data-end=\"404\">\u00e7elik\u00a0 316 (Stainless Steel 316)<\/strong> \u2013 material cil\u00ebsor, rezistent ndaj ndryshkut dhe korrozionit.<\/p>\n<\/li>\n<li data-start=\"469\" data-end=\"576\">\n<p data-start=\"471\" data-end=\"576\">Veshje <strong data-start=\"478\" data-end=\"494\">PVD Gold 18K<\/strong> p\u00ebr nj\u00eb pamje luksoze dhe q\u00ebndrueshm\u00ebri t\u00eb gjat\u00eb ndaj zbehjes apo g\u00ebrvishtjeve.<\/p>\n<\/li>\n<li data-start=\"577\" data-end=\"688\">\n<p data-start=\"579\" data-end=\"688\">Kombinon <strong data-start=\"588\" data-end=\"622\">eleganc\u00ebn dhe funksionalitetin<\/strong> \u2013 perfekte p\u00ebr p\u00ebrdorim t\u00eb p\u00ebrditsh\u00ebm apo p\u00ebr raste t\u00eb ve\u00e7anta.<\/p>\n<\/li>\n<li data-start=\"689\" data-end=\"770\">\n<p data-start=\"691\" data-end=\"770\">Nj\u00eb aksesor modern dhe i rafinuar, i domosdosh\u00ebm p\u00ebr \u00e7do koleksion bizhuterish.<\/p>\n<\/li>\n<\/ul>\n","protected":false},"featured_media":1147,"comment_status":"open","ping_status":"closed","template":"","meta":{"neve_meta_sidebar":"","neve_meta_container":"","neve_meta_enable_content_width":"off","neve_meta_content_width":100,"neve_meta_title_alignment":"","neve_meta_author_avatar":"","neve_post_elements_order":"","neve_meta_disable_header":"","neve_meta_disable_footer":"","neve_meta_disable_title":"","_themeisle_gutenberg_block_has_review":false},"product_brand":[],"product_cat":[24],"product_tag":[],"class_list":{"0":"post-1158","1":"product","2":"type-product","3":"status-publish","4":"has-post-thumbnail","6":"product_cat-unaza","8":"first","9":"instock","10":"shipping-taxable","11":"purchasable","12":"product-type-simple"},"_links":{"self":[{"href":"https:\/\/class-jewelry.com\/index.php\/wp-json\/wp\/v2\/product\/1158","targetHints":{"allow":["GET"]}}],"collection":[{"href":"https:\/\/class-jewelry.com\/index.php\/wp-json\/wp\/v2\/product"}],"about":[{"href":"https:\/\/class-jewelry.com\/index.php\/wp-json\/wp\/v2\/types\/product"}],"replies":[{"embeddable":true,"href":"https:\/\/class-jewelry.com\/index.php\/wp-json\/wp\/v2\/comments?post=1158"}],"wp:featuredmedia":[{"embeddable":true,"href":"https:\/\/class-jewelry.com\/index.php\/wp-json\/wp\/v2\/media\/1147"}],"wp:attachment":[{"href":"https:\/\/class-jewelry.com\/index.php\/wp-json\/wp\/v2\/media?parent=1158"}],"wp:term":[{"taxonomy":"product_brand","embeddable":true,"href":"https:\/\/class-jewelry.com\/index.php\/wp-json\/wp\/v2\/product_brand?post=1158"},{"taxonomy":"product_cat","embeddable":true,"href":"https:\/\/class-jewelry.com\/index.php\/wp-json\/wp\/v2\/product_cat?post=1158"},{"taxonomy":"product_tag","embeddable":true,"href":"https:\/\/class-jewelry.com\/index.php\/wp-json\/wp\/v2\/product_tag?post=1158"}],"curies":[{"name":"wp","href":"https:\/\/api.w.org\/{rel}","templated":true}]}}