{"id":1159,"date":"2025-09-01T14:22:04","date_gmt":"2025-09-01T12:22:04","guid":{"rendered":"https:\/\/class-jewelry.com\/?post_type=product&#038;p=1159"},"modified":"2025-09-01T14:22:04","modified_gmt":"2025-09-01T12:22:04","slug":"unaza-celestia","status":"publish","type":"product","link":"https:\/\/class-jewelry.com\/index.php\/product\/unaza-celestia\/","title":{"rendered":"Unaza &#8220;Celestia&#8221;"},"content":{"rendered":"<p>Nj\u00eb unaz\u00eb elegante dhe moderne, me dizajn t\u00eb hapur q\u00eb kombinon bukurin\u00eb natyrore dhe qiellore \u2013 <strong data-start=\"362\" data-end=\"383\">nj\u00eb an\u00eb me guask\u00eb<\/strong> delikate dhe <strong data-start=\"397\" data-end=\"415\">nj\u00eb an\u00eb me yll<\/strong> q\u00eb shk\u00eblqen.<br data-start=\"428\" data-end=\"431\" \/>P\u00ebrshtatet n\u00eb m\u00ebnyr\u00eb t\u00eb p\u00ebrsosur me \u00e7do madh\u00ebsi gishti fal\u00eb form\u00ebs s\u00eb hapur dhe fleksibile.<br data-start=\"522\" data-end=\"525\" \/>E punuar nga <strong data-start=\"538\" data-end=\"556\">\u00e7elik 316<\/strong>, e veshur me <strong data-start=\"570\" data-end=\"586\">PVD Gold 18K<\/strong>, kjo unaz\u00eb ofron q\u00ebndrueshm\u00ebri, rezistenc\u00eb ndaj ujit dhe nj\u00eb pamje luksoze q\u00eb zgjat n\u00eb koh\u00eb.<br data-start=\"679\" data-end=\"682\" \/>Nj\u00eb aksesor i ve\u00e7ant\u00eb q\u00eb shton stil dhe simbolik\u00eb n\u00eb \u00e7do moment \u2013 qoft\u00eb p\u00ebr veshje t\u00eb p\u00ebrditshme apo p\u00ebr raste t\u00eb ve\u00e7anta.<\/p>\n","protected":false},"excerpt":{"rendered":"<ul>\n<li data-start=\"273\" data-end=\"346\">\n<p data-start=\"275\" data-end=\"346\"><strong data-start=\"275\" data-end=\"312\">Unaz\u00eb e hapur dhe e rregullueshme<\/strong>, ideale p\u00ebr \u00e7do madh\u00ebsi gishti.<\/p>\n<\/li>\n<li data-start=\"347\" data-end=\"452\">\n<p data-start=\"349\" data-end=\"452\">Dizajn unik me <strong data-start=\"364\" data-end=\"382\">nj\u00eb an\u00eb guask\u00eb<\/strong> dhe <strong data-start=\"387\" data-end=\"402\">nj\u00eb an\u00eb yll<\/strong>, q\u00eb p\u00ebrfaq\u00ebson harmonin\u00eb mes tok\u00ebs dhe qiellit.<\/p>\n<\/li>\n<li data-start=\"453\" data-end=\"573\">\n<p data-start=\"455\" data-end=\"573\">E punuar nga <strong data-start=\"468\" data-end=\"508\">\u00e7elik 316 (Stainless Steel 316)<\/strong> \u2013 rezistent ndaj ujit, ndryshkut dhe p\u00ebrdorimit t\u00eb p\u00ebrditsh\u00ebm.<\/p>\n<\/li>\n<li data-start=\"574\" data-end=\"667\">\n<p data-start=\"576\" data-end=\"667\">E veshur me <strong data-start=\"588\" data-end=\"604\">PVD Gold 18K<\/strong> p\u00ebr nj\u00eb pamje elegante dhe jet\u00ebgjat\u00ebsi maksimale t\u00eb ngjyr\u00ebs.<\/p>\n<\/li>\n<li data-start=\"668\" data-end=\"791\">\n<p data-start=\"670\" data-end=\"791\"><strong data-start=\"670\" data-end=\"701\">Dizajn modern dhe i ve\u00e7ant\u00eb<\/strong>, perfekt p\u00ebr t\u00eb shtuar stil n\u00eb \u00e7do veshje \u2013 nga p\u00ebrditshm\u00ebria deri te eventet speciale.<\/p>\n<\/li>\n<li data-start=\"792\" data-end=\"870\">\n<p data-start=\"794\" data-end=\"870\">Aksesor ideal si dhurat\u00eb ose si pjes\u00eb e koleksionit personal t\u00eb bizhuterive.<\/p>\n<\/li>\n<\/ul>\n","protected":false},"featured_media":1153,"comment_status":"open","ping_status":"closed","template":"","meta":{"neve_meta_sidebar":"","neve_meta_container":"","neve_meta_enable_content_width":"off","neve_meta_content_width":100,"neve_meta_title_alignment":"","neve_meta_author_avatar":"","neve_post_elements_order":"","neve_meta_disable_header":"","neve_meta_disable_footer":"","neve_meta_disable_title":"","_themeisle_gutenberg_block_has_review":false},"product_brand":[],"product_cat":[24],"product_tag":[],"class_list":{"0":"post-1159","1":"product","2":"type-product","3":"status-publish","4":"has-post-thumbnail","6":"product_cat-unaza","8":"first","9":"instock","10":"shipping-taxable","11":"purchasable","12":"product-type-simple"},"_links":{"self":[{"href":"https:\/\/class-jewelry.com\/index.php\/wp-json\/wp\/v2\/product\/1159","targetHints":{"allow":["GET"]}}],"collection":[{"href":"https:\/\/class-jewelry.com\/index.php\/wp-json\/wp\/v2\/product"}],"about":[{"href":"https:\/\/class-jewelry.com\/index.php\/wp-json\/wp\/v2\/types\/product"}],"replies":[{"embeddable":true,"href":"https:\/\/class-jewelry.com\/index.php\/wp-json\/wp\/v2\/comments?post=1159"}],"wp:featuredmedia":[{"embeddable":true,"href":"https:\/\/class-jewelry.com\/index.php\/wp-json\/wp\/v2\/media\/1153"}],"wp:attachment":[{"href":"https:\/\/class-jewelry.com\/index.php\/wp-json\/wp\/v2\/media?parent=1159"}],"wp:term":[{"taxonomy":"product_brand","embeddable":true,"href":"https:\/\/class-jewelry.com\/index.php\/wp-json\/wp\/v2\/product_brand?post=1159"},{"taxonomy":"product_cat","embeddable":true,"href":"https:\/\/class-jewelry.com\/index.php\/wp-json\/wp\/v2\/product_cat?post=1159"},{"taxonomy":"product_tag","embeddable":true,"href":"https:\/\/class-jewelry.com\/index.php\/wp-json\/wp\/v2\/product_tag?post=1159"}],"curies":[{"name":"wp","href":"https:\/\/api.w.org\/{rel}","templated":true}]}}