{"id":1160,"date":"2025-09-01T14:29:17","date_gmt":"2025-09-01T12:29:17","guid":{"rendered":"https:\/\/class-jewelry.com\/?post_type=product&#038;p=1160"},"modified":"2025-09-01T14:29:17","modified_gmt":"2025-09-01T12:29:17","slug":"unaza-verde","status":"publish","type":"product","link":"https:\/\/class-jewelry.com\/index.php\/product\/unaza-verde\/","title":{"rendered":"Unaza &#8220;Verde&#8221;"},"content":{"rendered":"<p data-start=\"233\" data-end=\"613\">Unaz\u00eb delikate me form\u00eb rrethore, zbukuruar me detaje elegante <strong data-start=\"296\" data-end=\"318\">si gjethe <\/strong>\u00a0q\u00eb rrotullohen but\u00ebsisht rreth gishtit.<br data-start=\"358\" data-end=\"361\" \/>E punuar nga <strong data-start=\"374\" data-end=\"392\">\u00e7elik inox 316<\/strong> dhe e veshur me <strong data-start=\"409\" data-end=\"425\">PVD Gold 18K<\/strong>, kjo unaz\u00eb sjell nj\u00eb ndjesi natyrale dhe t\u00eb past\u00ebr, duke kombinuar <strong data-start=\"493\" data-end=\"509\">thjesht\u00ebsin\u00eb<\/strong> me <strong data-start=\"513\" data-end=\"528\">feminitetin<\/strong>.<br data-start=\"529\" data-end=\"532\" \/>Ideale p\u00ebr p\u00ebrdorim t\u00eb p\u00ebrditsh\u00ebm ose p\u00ebr nj\u00eb stil minimalist me prekje organike.<\/p>\n","protected":false},"excerpt":{"rendered":"<ul data-start=\"187\" data-end=\"764\">\n<li data-start=\"187\" data-end=\"323\">\n<p data-start=\"189\" data-end=\"323\">Unaz\u00eb e thjesht\u00eb dhe elegante me form\u00eb <strong data-start=\"228\" data-end=\"238\">rrethi<\/strong>, e zbukuruar me detajet q\u00eb rrotullohen but\u00ebsisht rreth gishtit.<\/p>\n<\/li>\n<li data-start=\"324\" data-end=\"436\">\n<p data-start=\"326\" data-end=\"436\">E punuar nga <strong data-start=\"339\" data-end=\"379\">\u00e7elik 316 (Stainless Steel 316)<\/strong> \u2013 material i q\u00ebndruesh\u00ebm dhe rezistent ndaj ndryshkut.<\/p>\n<\/li>\n<li data-start=\"437\" data-end=\"524\">\n<p data-start=\"439\" data-end=\"524\">Veshje luksoze me <strong data-start=\"457\" data-end=\"473\">PVD Gold 18K<\/strong>, q\u00eb siguron shk\u00eblqim t\u00eb gjat\u00eb dhe pamje premium.<\/p>\n<\/li>\n<li data-start=\"525\" data-end=\"614\">\n<p data-start=\"527\" data-end=\"614\">Dizajn minimalist dhe fem\u00ebror, perfekt p\u00ebr p\u00ebrdorim t\u00eb p\u00ebrditsh\u00ebm ose raste speciale.<\/p>\n<\/li>\n<li data-start=\"615\" data-end=\"674\">\n<p data-start=\"617\" data-end=\"674\">Form\u00eb komode dhe e p\u00ebrshtatshme p\u00ebr \u00e7do madh\u00ebsi gishti.<\/p>\n<\/li>\n<li data-start=\"675\" data-end=\"764\">\n<p data-start=\"677\" data-end=\"764\">Nj\u00eb aksesor i rafinuar q\u00eb sjell nj\u00eb prekje natyrale dhe t\u00eb past\u00ebr n\u00eb \u00e7do stil veshjeje.<\/p>\n<\/li>\n<\/ul>\n","protected":false},"featured_media":1154,"comment_status":"open","ping_status":"closed","template":"","meta":{"neve_meta_sidebar":"","neve_meta_container":"","neve_meta_enable_content_width":"off","neve_meta_content_width":100,"neve_meta_title_alignment":"","neve_meta_author_avatar":"","neve_post_elements_order":"","neve_meta_disable_header":"","neve_meta_disable_footer":"","neve_meta_disable_title":"","_themeisle_gutenberg_block_has_review":false},"product_brand":[],"product_cat":[24],"product_tag":[],"class_list":{"0":"post-1160","1":"product","2":"type-product","3":"status-publish","4":"has-post-thumbnail","6":"product_cat-unaza","8":"first","9":"instock","10":"shipping-taxable","11":"purchasable","12":"product-type-simple"},"_links":{"self":[{"href":"https:\/\/class-jewelry.com\/index.php\/wp-json\/wp\/v2\/product\/1160","targetHints":{"allow":["GET"]}}],"collection":[{"href":"https:\/\/class-jewelry.com\/index.php\/wp-json\/wp\/v2\/product"}],"about":[{"href":"https:\/\/class-jewelry.com\/index.php\/wp-json\/wp\/v2\/types\/product"}],"replies":[{"embeddable":true,"href":"https:\/\/class-jewelry.com\/index.php\/wp-json\/wp\/v2\/comments?post=1160"}],"wp:featuredmedia":[{"embeddable":true,"href":"https:\/\/class-jewelry.com\/index.php\/wp-json\/wp\/v2\/media\/1154"}],"wp:attachment":[{"href":"https:\/\/class-jewelry.com\/index.php\/wp-json\/wp\/v2\/media?parent=1160"}],"wp:term":[{"taxonomy":"product_brand","embeddable":true,"href":"https:\/\/class-jewelry.com\/index.php\/wp-json\/wp\/v2\/product_brand?post=1160"},{"taxonomy":"product_cat","embeddable":true,"href":"https:\/\/class-jewelry.com\/index.php\/wp-json\/wp\/v2\/product_cat?post=1160"},{"taxonomy":"product_tag","embeddable":true,"href":"https:\/\/class-jewelry.com\/index.php\/wp-json\/wp\/v2\/product_tag?post=1160"}],"curies":[{"name":"wp","href":"https:\/\/api.w.org\/{rel}","templated":true}]}}