{"id":1161,"date":"2025-09-01T14:35:06","date_gmt":"2025-09-01T12:35:06","guid":{"rendered":"https:\/\/class-jewelry.com\/?post_type=product&#038;p=1161"},"modified":"2025-09-01T14:35:06","modified_gmt":"2025-09-01T12:35:06","slug":"unaza-luma","status":"publish","type":"product","link":"https:\/\/class-jewelry.com\/index.php\/product\/unaza-luma\/","title":{"rendered":"Unaza &#8220;Luma&#8221;"},"content":{"rendered":"<p data-start=\"252\" data-end=\"858\">Nj\u00eb unaz\u00eb e thjesht\u00eb dhe moderne me dizajn t\u00eb hapur, e zbukuruar me nj\u00eb yll t\u00eb delikat dhe t\u00eb shk\u00eblqyer. Fal\u00eb form\u00ebs s\u00eb hapur, unaza \u00ebsht\u00eb e rregullueshme dhe p\u00ebrshtatet leht\u00ebsisht me madh\u00ebsin\u00eb e \u00e7do gishti, duke ofruar rehati dhe stil n\u00eb t\u00eb nj\u00ebjt\u00ebn koh\u00eb.<br data-start=\"507\" data-end=\"510\" \/>E punuar nga materiali cil\u00ebsor <strong data-start=\"541\" data-end=\"564\">stainless steel 316<\/strong>, e njohur p\u00ebr q\u00ebndrueshm\u00ebrin\u00eb dhe rezistenc\u00ebn ndaj ndryshkut, dhe e veshur me <strong data-start=\"643\" data-end=\"659\">PVD Gold 18K<\/strong>, q\u00eb i siguron unaz\u00ebs nj\u00eb shk\u00eblqim luksoz dhe jet\u00ebgjat\u00ebsi.<br data-start=\"717\" data-end=\"720\" \/>Ky aksesor minimalist dhe elegant \u00ebsht\u00eb perfekt p\u00ebr \u00e7do dit\u00eb, si dhe p\u00ebr raste t\u00eb ve\u00e7anta, duke i shtuar nj\u00eb prekje t\u00eb ve\u00e7ant\u00eb \u00e7do look-u.<\/p>\n","protected":false},"excerpt":{"rendered":"<ul data-start=\"256\" data-end=\"809\">\n<li data-start=\"256\" data-end=\"359\">\n<p data-start=\"258\" data-end=\"359\">Unaz\u00eb e thjesht\u00eb dhe elegante me dizajn <strong data-start=\"298\" data-end=\"315\">ylli t\u00eb hapur<\/strong>, q\u00eb t\u00ebrheq v\u00ebmendjen me shk\u00eblqimin e saj.<\/p>\n<\/li>\n<li data-start=\"360\" data-end=\"451\">\n<p data-start=\"362\" data-end=\"451\">Form\u00eb <strong data-start=\"368\" data-end=\"379\">e hapur<\/strong>, e rregullueshme, q\u00eb p\u00ebrshtatet leht\u00ebsisht me madh\u00ebsin\u00eb e \u00e7do gishti.<\/p>\n<\/li>\n<li data-start=\"452\" data-end=\"559\">\n<p data-start=\"454\" data-end=\"559\">E prodhuar nga <strong data-start=\"469\" data-end=\"509\">\u00e7elik\u00a0 316 (Stainless Steel 316)<\/strong>, material cil\u00ebsor dhe rezistent ndaj ndryshkut.<\/p>\n<\/li>\n<li data-start=\"560\" data-end=\"646\">\n<p data-start=\"562\" data-end=\"646\">Veshje luksoze <strong data-start=\"577\" data-end=\"593\">PVD Gold 18K<\/strong> p\u00ebr nj\u00eb shk\u00eblqim t\u00eb q\u00ebndruesh\u00ebm dhe pamje premium.<\/p>\n<\/li>\n<li data-start=\"647\" data-end=\"739\">\n<p data-start=\"649\" data-end=\"739\">Dizajn minimalist dhe modern, ideal p\u00ebr p\u00ebrdorim t\u00eb p\u00ebrditsh\u00ebm apo p\u00ebr raste t\u00eb ve\u00e7anta.<\/p>\n<\/li>\n<li data-start=\"740\" data-end=\"809\">\n<p data-start=\"742\" data-end=\"809\">Nj\u00eb aksesor delikat dhe i rafinuar q\u00eb p\u00ebr\u00e7on stil dhe personalitet.<\/p>\n<\/li>\n<\/ul>\n<h3 data-start=\"816\" data-end=\"858\"><\/h3>\n","protected":false},"featured_media":1146,"comment_status":"open","ping_status":"closed","template":"","meta":{"neve_meta_sidebar":"","neve_meta_container":"","neve_meta_enable_content_width":"off","neve_meta_content_width":100,"neve_meta_title_alignment":"","neve_meta_author_avatar":"","neve_post_elements_order":"","neve_meta_disable_header":"","neve_meta_disable_footer":"","neve_meta_disable_title":"","_themeisle_gutenberg_block_has_review":false},"product_brand":[],"product_cat":[24],"product_tag":[],"class_list":{"0":"post-1161","1":"product","2":"type-product","3":"status-publish","4":"has-post-thumbnail","6":"product_cat-unaza","8":"first","9":"instock","10":"shipping-taxable","11":"purchasable","12":"product-type-simple"},"_links":{"self":[{"href":"https:\/\/class-jewelry.com\/index.php\/wp-json\/wp\/v2\/product\/1161","targetHints":{"allow":["GET"]}}],"collection":[{"href":"https:\/\/class-jewelry.com\/index.php\/wp-json\/wp\/v2\/product"}],"about":[{"href":"https:\/\/class-jewelry.com\/index.php\/wp-json\/wp\/v2\/types\/product"}],"replies":[{"embeddable":true,"href":"https:\/\/class-jewelry.com\/index.php\/wp-json\/wp\/v2\/comments?post=1161"}],"wp:featuredmedia":[{"embeddable":true,"href":"https:\/\/class-jewelry.com\/index.php\/wp-json\/wp\/v2\/media\/1146"}],"wp:attachment":[{"href":"https:\/\/class-jewelry.com\/index.php\/wp-json\/wp\/v2\/media?parent=1161"}],"wp:term":[{"taxonomy":"product_brand","embeddable":true,"href":"https:\/\/class-jewelry.com\/index.php\/wp-json\/wp\/v2\/product_brand?post=1161"},{"taxonomy":"product_cat","embeddable":true,"href":"https:\/\/class-jewelry.com\/index.php\/wp-json\/wp\/v2\/product_cat?post=1161"},{"taxonomy":"product_tag","embeddable":true,"href":"https:\/\/class-jewelry.com\/index.php\/wp-json\/wp\/v2\/product_tag?post=1161"}],"curies":[{"name":"wp","href":"https:\/\/api.w.org\/{rel}","templated":true}]}}