{"id":1163,"date":"2025-09-01T14:45:00","date_gmt":"2025-09-01T12:45:00","guid":{"rendered":"https:\/\/class-jewelry.com\/?post_type=product&#038;p=1163"},"modified":"2025-09-01T14:45:00","modified_gmt":"2025-09-01T12:45:00","slug":"unazajade","status":"publish","type":"product","link":"https:\/\/class-jewelry.com\/index.php\/product\/unazajade\/","title":{"rendered":"Unaza&#8221;Jade&#8221;"},"content":{"rendered":"<p data-start=\"1330\" data-end=\"1815\">Nj\u00eb unaz\u00eb e gjer\u00eb dhe e hapur me dizajn unik q\u00eb bashkon nj\u00eb yll t\u00eb shk\u00eblqyer dhe nj\u00eb guask\u00eb delikate. Form\u00eb fleksibile q\u00eb mund t\u00eb rregullohet leht\u00ebsisht p\u00ebr t&#8217;iu p\u00ebrshtatur \u00e7do madh\u00ebsie gishti. E punuar nga materiali i fort\u00eb dhe i q\u00ebndruesh\u00ebm <strong data-start=\"1573\" data-end=\"1596\">stainless steel 316<\/strong> dhe e veshur me <strong data-start=\"1613\" data-end=\"1629\">PVD Gold 18K<\/strong>, q\u00eb i jep unaz\u00ebs nj\u00eb pamje luksoze dhe jet\u00ebgjat\u00ebsi.<br data-start=\"1681\" data-end=\"1684\" \/>Ky aksesor modern dhe i ve\u00e7ant\u00eb \u00ebsht\u00eb zgjedhja ideale p\u00ebr ata q\u00eb k\u00ebrkojn\u00eb nj\u00eb stil t\u00eb dalluesh\u00ebm dhe funksional n\u00eb t\u00eb nj\u00ebjt\u00ebn koh\u00eb.<\/p>\n","protected":false},"excerpt":{"rendered":"<ul data-start=\"228\" data-end=\"741\">\n<li data-start=\"228\" data-end=\"335\">\n<p data-start=\"230\" data-end=\"335\">Unaz\u00eb <strong data-start=\"236\" data-end=\"261\">e gjer\u00eb dhe e ve\u00e7ant\u00eb<\/strong>, me dizajn unik <strong data-start=\"278\" data-end=\"312\">nj\u00eb an\u00eb yll dhe nj\u00eb an\u00eb guask\u00eb<\/strong>, q\u00eb t\u00ebrheq v\u00ebmendje.<\/p>\n<\/li>\n<li data-start=\"336\" data-end=\"423\">\n<p data-start=\"338\" data-end=\"423\">Forma <strong data-start=\"344\" data-end=\"375\">e hapur dhe e rregullueshme<\/strong> e b\u00ebn t\u00eb p\u00ebrshtatshme p\u00ebr \u00e7do madh\u00ebsi gishti.<\/p>\n<\/li>\n<li data-start=\"424\" data-end=\"531\">\n<p data-start=\"426\" data-end=\"531\">E punuar nga <strong data-start=\"439\" data-end=\"479\">\u00e7elik316 (Stainless Steel 316)<\/strong>, p\u00ebr q\u00ebndrueshm\u00ebri dhe rezistenc\u00eb ndaj ndryshkut.<\/p>\n<\/li>\n<li data-start=\"532\" data-end=\"609\">\n<p data-start=\"534\" data-end=\"609\">Veshje me <strong data-start=\"544\" data-end=\"560\">PVD Gold 18K<\/strong> p\u00ebr shk\u00eblqim t\u00eb q\u00ebndruesh\u00ebm dhe pamje luksoze.<\/p>\n<\/li>\n<li data-start=\"610\" data-end=\"677\">\n<p data-start=\"612\" data-end=\"677\">Dizajn modern dhe elegant q\u00eb i shton personalitet \u00e7do veshjeje.<\/p>\n<\/li>\n<li data-start=\"678\" data-end=\"741\">\n<p data-start=\"680\" data-end=\"741\">Ideale p\u00ebr ata q\u00eb duan nj\u00eb aksesor t\u00eb dalluesh\u00ebm dhe me stil.<\/p>\n<\/li>\n<\/ul>\n","protected":false},"featured_media":1150,"comment_status":"open","ping_status":"closed","template":"","meta":{"neve_meta_sidebar":"","neve_meta_container":"","neve_meta_enable_content_width":"off","neve_meta_content_width":100,"neve_meta_title_alignment":"","neve_meta_author_avatar":"","neve_post_elements_order":"","neve_meta_disable_header":"","neve_meta_disable_footer":"","neve_meta_disable_title":"","_themeisle_gutenberg_block_has_review":false},"product_brand":[],"product_cat":[24],"product_tag":[],"class_list":{"0":"post-1163","1":"product","2":"type-product","3":"status-publish","4":"has-post-thumbnail","6":"product_cat-unaza","8":"first","9":"instock","10":"shipping-taxable","11":"purchasable","12":"product-type-simple"},"_links":{"self":[{"href":"https:\/\/class-jewelry.com\/index.php\/wp-json\/wp\/v2\/product\/1163","targetHints":{"allow":["GET"]}}],"collection":[{"href":"https:\/\/class-jewelry.com\/index.php\/wp-json\/wp\/v2\/product"}],"about":[{"href":"https:\/\/class-jewelry.com\/index.php\/wp-json\/wp\/v2\/types\/product"}],"replies":[{"embeddable":true,"href":"https:\/\/class-jewelry.com\/index.php\/wp-json\/wp\/v2\/comments?post=1163"}],"wp:featuredmedia":[{"embeddable":true,"href":"https:\/\/class-jewelry.com\/index.php\/wp-json\/wp\/v2\/media\/1150"}],"wp:attachment":[{"href":"https:\/\/class-jewelry.com\/index.php\/wp-json\/wp\/v2\/media?parent=1163"}],"wp:term":[{"taxonomy":"product_brand","embeddable":true,"href":"https:\/\/class-jewelry.com\/index.php\/wp-json\/wp\/v2\/product_brand?post=1163"},{"taxonomy":"product_cat","embeddable":true,"href":"https:\/\/class-jewelry.com\/index.php\/wp-json\/wp\/v2\/product_cat?post=1163"},{"taxonomy":"product_tag","embeddable":true,"href":"https:\/\/class-jewelry.com\/index.php\/wp-json\/wp\/v2\/product_tag?post=1163"}],"curies":[{"name":"wp","href":"https:\/\/api.w.org\/{rel}","templated":true}]}}