{"id":1164,"date":"2025-09-01T14:50:04","date_gmt":"2025-09-01T12:50:04","guid":{"rendered":"https:\/\/class-jewelry.com\/?post_type=product&#038;p=1164"},"modified":"2025-09-04T21:20:36","modified_gmt":"2025-09-04T19:20:36","slug":"unaza-momnje-unaze-elegante-dhe-simbolike-me-shkrimin-mom-qe-percon-dashurine-dhe-mirenjohjen-per-nenen-e-bere-nga-materiali-i-qendrueshem-stainless-steel-316-dhe-e-veshur-me-pvd-gold-18k-k","status":"publish","type":"product","link":"https:\/\/class-jewelry.com\/index.php\/product\/unaza-momnje-unaze-elegante-dhe-simbolike-me-shkrimin-mom-qe-percon-dashurine-dhe-mirenjohjen-per-nenen-e-bere-nga-materiali-i-qendrueshem-stainless-steel-316-dhe-e-veshur-me-pvd-gold-18k-k\/","title":{"rendered":"Unaza &#8220;Mom&#8221;"},"content":{"rendered":"<p>Nj\u00eb unaz\u00eb elegante dhe simbolike me shkrimin &#8220;MOM&#8221;, q\u00eb p\u00ebr\u00e7on dashurin\u00eb dhe mir\u00ebnjohjen p\u00ebr n\u00ebn\u00ebn. E b\u00ebr\u00eb nga materiali i q\u00ebndruesh\u00ebm stainless steel 316 dhe e veshur me PVD Gold 18K, kjo unaz\u00eb ofron nj\u00eb kombinim t\u00eb bukuris\u00eb dhe funksionalitetit. Dizajni i thjesht\u00eb dhe i bukur e b\u00ebn t\u00eb p\u00ebrshtatshme p\u00ebr \u00e7do dit\u00eb dhe \u00e7do stil. Nj\u00eb dhurat\u00eb e ve\u00e7ant\u00eb p\u00ebr n\u00ebn\u00ebn, q\u00eb mund t\u00eb mbahet gjithmon\u00eb pran\u00eb zemr\u00ebs.<\/p>\n","protected":false},"excerpt":{"rendered":"<ul data-start=\"167\" data-end=\"707\">\n<li data-start=\"167\" data-end=\"260\">\n<p data-start=\"169\" data-end=\"260\">Unaz\u00eb delikate me shkrimin <strong data-start=\"196\" data-end=\"205\">&#8220;MOM&#8221;<\/strong>, simbol i dashuris\u00eb dhe lidhjes s\u00eb ve\u00e7ant\u00eb me n\u00ebn\u00ebn.<\/p>\n<\/li>\n<li data-start=\"261\" data-end=\"376\">\n<p data-start=\"263\" data-end=\"376\">E punuar nga <strong data-start=\"276\" data-end=\"316\">\u00e7elik\u00a0 316 (Stainless Steel 316)<\/strong>, q\u00eb garanton q\u00ebndrueshm\u00ebri dhe rezistenc\u00eb ndaj ndryshkut.<\/p>\n<\/li>\n<li data-start=\"377\" data-end=\"466\">\n<p data-start=\"379\" data-end=\"466\">Veshje elegante me <strong data-start=\"398\" data-end=\"414\">PVD Gold 18K<\/strong>, q\u00eb i jep unaz\u00ebs shk\u00eblqim luksoz dhe jet\u00ebgjat\u00ebsi.<\/p>\n<\/li>\n<li data-start=\"467\" data-end=\"547\">\n<p data-start=\"469\" data-end=\"547\">Dizajn i thjesht\u00eb, por me mesazh t\u00eb fuqish\u00ebm, ideal p\u00ebr dhurat\u00eb n\u00eb \u00e7do rast.<\/p>\n<\/li>\n<li data-start=\"548\" data-end=\"625\">\n<p data-start=\"550\" data-end=\"625\">Form\u00eb e komoditet t\u00eb lart\u00eb dhe e p\u00ebrshtatshme p\u00ebr p\u00ebrdorim t\u00eb p\u00ebrditsh\u00ebm.<\/p>\n<\/li>\n<li data-start=\"626\" data-end=\"707\">\n<p data-start=\"628\" data-end=\"707\">Nj\u00eb aksesor i rafinuar q\u00eb mban gjithmon\u00eb af\u00ebr kujtimin dhe dashurin\u00eb p\u00ebr n\u00ebn\u00ebn.<\/p>\n<\/li>\n<\/ul>\n","protected":false},"featured_media":1216,"comment_status":"open","ping_status":"closed","template":"","meta":{"neve_meta_sidebar":"","neve_meta_container":"","neve_meta_enable_content_width":"off","neve_meta_content_width":100,"neve_meta_title_alignment":"","neve_meta_author_avatar":"","neve_post_elements_order":"","neve_meta_disable_header":"","neve_meta_disable_footer":"","neve_meta_disable_title":"","_themeisle_gutenberg_block_has_review":false},"product_brand":[],"product_cat":[24],"product_tag":[],"class_list":{"0":"post-1164","1":"product","2":"type-product","3":"status-publish","4":"has-post-thumbnail","6":"product_cat-unaza","8":"first","9":"instock","10":"shipping-taxable","11":"purchasable","12":"product-type-simple"},"_links":{"self":[{"href":"https:\/\/class-jewelry.com\/index.php\/wp-json\/wp\/v2\/product\/1164","targetHints":{"allow":["GET"]}}],"collection":[{"href":"https:\/\/class-jewelry.com\/index.php\/wp-json\/wp\/v2\/product"}],"about":[{"href":"https:\/\/class-jewelry.com\/index.php\/wp-json\/wp\/v2\/types\/product"}],"replies":[{"embeddable":true,"href":"https:\/\/class-jewelry.com\/index.php\/wp-json\/wp\/v2\/comments?post=1164"}],"wp:featuredmedia":[{"embeddable":true,"href":"https:\/\/class-jewelry.com\/index.php\/wp-json\/wp\/v2\/media\/1216"}],"wp:attachment":[{"href":"https:\/\/class-jewelry.com\/index.php\/wp-json\/wp\/v2\/media?parent=1164"}],"wp:term":[{"taxonomy":"product_brand","embeddable":true,"href":"https:\/\/class-jewelry.com\/index.php\/wp-json\/wp\/v2\/product_brand?post=1164"},{"taxonomy":"product_cat","embeddable":true,"href":"https:\/\/class-jewelry.com\/index.php\/wp-json\/wp\/v2\/product_cat?post=1164"},{"taxonomy":"product_tag","embeddable":true,"href":"https:\/\/class-jewelry.com\/index.php\/wp-json\/wp\/v2\/product_tag?post=1164"}],"curies":[{"name":"wp","href":"https:\/\/api.w.org\/{rel}","templated":true}]}}