{"id":1165,"date":"2025-09-01T14:54:37","date_gmt":"2025-09-01T12:54:37","guid":{"rendered":"https:\/\/class-jewelry.com\/?post_type=product&#038;p=1165"},"modified":"2025-09-04T21:19:52","modified_gmt":"2025-09-04T19:19:52","slug":"unaza-dad","status":"publish","type":"product","link":"https:\/\/class-jewelry.com\/index.php\/product\/unaza-dad\/","title":{"rendered":"Unaza &#8220;Dad&#8221;"},"content":{"rendered":"<p>Nj\u00eb unaz\u00eb me shkrimin <strong data-start=\"784\" data-end=\"793\">\u201cDAD\u201d<\/strong>, q\u00eb p\u00ebr\u00e7on dashurin\u00eb dhe mir\u00ebnjohjen p\u00ebr babain. E punuar nga materiali i fort\u00eb dhe i q\u00ebndruesh\u00ebm <strong data-start=\"892\" data-end=\"915\">stainless steel 316<\/strong> dhe e veshur me <strong data-start=\"932\" data-end=\"948\">PVD Gold 18K<\/strong>, kjo unaz\u00eb kombinon eleganc\u00ebn me funksionalitetin. Dizajni i thjesht\u00eb e b\u00ebn t\u00eb p\u00ebrshtatshme p\u00ebr \u00e7do dit\u00eb dhe \u00e7do stil. Nj\u00eb aksesor i ve\u00e7ant\u00eb, q\u00eb simbolizon lidhjen e ve\u00e7ant\u00eb me babain dhe \u00ebsht\u00eb ideal p\u00ebr dhurat\u00eb.<\/p>\n","protected":false},"excerpt":{"rendered":"<ul data-start=\"191\" data-end=\"700\">\n<li data-start=\"191\" data-end=\"277\">\n<p data-start=\"193\" data-end=\"277\">Unaz\u00eb elegante me shkrimin <strong data-start=\"220\" data-end=\"229\">\u201cDAD\u201d<\/strong>, simbol i dashuris\u00eb dhe respektit p\u00ebr babain.<\/p>\n<\/li>\n<li data-start=\"278\" data-end=\"387\">\n<p data-start=\"280\" data-end=\"387\">E b\u00ebr\u00eb nga <strong data-start=\"291\" data-end=\"331\">\u00e7elik\u00a0 inox 316 (Stainless Steel 316)<\/strong>, material i q\u00ebndruesh\u00ebm dhe rezistent ndaj ndryshkut.<\/p>\n<\/li>\n<li data-start=\"388\" data-end=\"486\">\n<p data-start=\"390\" data-end=\"486\">Veshje me <strong data-start=\"400\" data-end=\"416\">PVD Gold 18K<\/strong>, q\u00eb i siguron unaz\u00ebs nj\u00eb shk\u00eblqim t\u00eb q\u00ebndruesh\u00ebm dhe pamje luksoze.<\/p>\n<\/li>\n<li data-start=\"487\" data-end=\"563\">\n<p data-start=\"489\" data-end=\"563\">Dizajn i thjesht\u00eb dhe modern, i p\u00ebrshtatsh\u00ebm p\u00ebr p\u00ebrdorim t\u00eb p\u00ebrditsh\u00ebm.<\/p>\n<\/li>\n<li data-start=\"564\" data-end=\"617\">\n<p data-start=\"566\" data-end=\"617\">Komode dhe e p\u00ebrshtatshme p\u00ebr \u00e7do madh\u00ebsi gishti.<\/p>\n<\/li>\n<li data-start=\"618\" data-end=\"700\">\n<p data-start=\"620\" data-end=\"700\">Nj\u00eb dhurat\u00eb me kuptim t\u00eb thell\u00eb p\u00ebr babain, q\u00eb mban af\u00ebr kujtimin dhe dashurin\u00eb.<\/p>\n<\/li>\n<\/ul>\n","protected":false},"featured_media":1215,"comment_status":"open","ping_status":"closed","template":"","meta":{"neve_meta_sidebar":"","neve_meta_container":"","neve_meta_enable_content_width":"off","neve_meta_content_width":100,"neve_meta_title_alignment":"","neve_meta_author_avatar":"","neve_post_elements_order":"","neve_meta_disable_header":"","neve_meta_disable_footer":"","neve_meta_disable_title":"","_themeisle_gutenberg_block_has_review":false},"product_brand":[],"product_cat":[24],"product_tag":[],"class_list":{"0":"post-1165","1":"product","2":"type-product","3":"status-publish","4":"has-post-thumbnail","6":"product_cat-unaza","8":"first","9":"instock","10":"shipping-taxable","11":"purchasable","12":"product-type-simple"},"_links":{"self":[{"href":"https:\/\/class-jewelry.com\/index.php\/wp-json\/wp\/v2\/product\/1165","targetHints":{"allow":["GET"]}}],"collection":[{"href":"https:\/\/class-jewelry.com\/index.php\/wp-json\/wp\/v2\/product"}],"about":[{"href":"https:\/\/class-jewelry.com\/index.php\/wp-json\/wp\/v2\/types\/product"}],"replies":[{"embeddable":true,"href":"https:\/\/class-jewelry.com\/index.php\/wp-json\/wp\/v2\/comments?post=1165"}],"wp:featuredmedia":[{"embeddable":true,"href":"https:\/\/class-jewelry.com\/index.php\/wp-json\/wp\/v2\/media\/1215"}],"wp:attachment":[{"href":"https:\/\/class-jewelry.com\/index.php\/wp-json\/wp\/v2\/media?parent=1165"}],"wp:term":[{"taxonomy":"product_brand","embeddable":true,"href":"https:\/\/class-jewelry.com\/index.php\/wp-json\/wp\/v2\/product_brand?post=1165"},{"taxonomy":"product_cat","embeddable":true,"href":"https:\/\/class-jewelry.com\/index.php\/wp-json\/wp\/v2\/product_cat?post=1165"},{"taxonomy":"product_tag","embeddable":true,"href":"https:\/\/class-jewelry.com\/index.php\/wp-json\/wp\/v2\/product_tag?post=1165"}],"curies":[{"name":"wp","href":"https:\/\/api.w.org\/{rel}","templated":true}]}}