{"id":1170,"date":"2025-09-01T15:21:37","date_gmt":"2025-09-01T13:21:37","guid":{"rendered":"https:\/\/class-jewelry.com\/?post_type=product&#038;p=1170"},"modified":"2025-09-01T15:21:37","modified_gmt":"2025-09-01T13:21:37","slug":"seti-lule-jeshile","status":"publish","type":"product","link":"https:\/\/class-jewelry.com\/index.php\/product\/seti-lule-jeshile\/","title":{"rendered":"Seti &#8220;Lule Jeshile&#8221;"},"content":{"rendered":"<p data-start=\"220\" data-end=\"487\">Seti \u201cme lule jeshile\u201d sjell nj\u00eb kombinim t\u00eb harmonish\u00ebm elegance dhe freskie, me dizajnin e njohur t\u00eb <strong data-start=\"315\" data-end=\"338\">lules me gur jeshil<\/strong>, t\u00eb punuar me kujdes dhe fines\u00eb. Seti p\u00ebrfshin <strong data-start=\"386\" data-end=\"395\">unaz\u00eb<\/strong>, <strong data-start=\"397\" data-end=\"406\">vath\u00eb<\/strong> dhe <strong data-start=\"411\" data-end=\"421\">var\u00ebse<\/strong>, duke ju dh\u00ebn\u00eb mund\u00ebsin\u00eb t\u00eb krijoni stilin tuaj t\u00eb personalizuar.<\/p>\n<p data-start=\"489\" data-end=\"630\">Var\u00ebset vijn\u00eb n\u00eb <strong data-start=\"506\" data-end=\"533\">dy modele t\u00eb ndryshme<\/strong>, si\u00e7 shfaqen n\u00eb foto \u2013 ju mund t\u00eb <strong data-start=\"568\" data-end=\"609\">zgjidhni at\u00eb q\u00eb ju p\u00ebrshtatet m\u00eb mir\u00eb<\/strong> stilit apo momentit.<\/p>\n<p data-start=\"632\" data-end=\"878\">Punuar nga <strong data-start=\"643\" data-end=\"661\">\u00e7elik inox 316<\/strong> dhe e veshur me <strong data-start=\"678\" data-end=\"694\">PVD Gold 18K<\/strong>, kjo bizhuteri \u00ebsht\u00eb nj\u00eb kombinim perfekt i <strong data-start=\"739\" data-end=\"754\">rezistenc\u00ebs<\/strong>, <strong data-start=\"756\" data-end=\"785\">shk\u00eblqimit t\u00eb q\u00ebndruesh\u00ebm<\/strong> dhe <strong data-start=\"790\" data-end=\"814\">stilit t\u00eb p\u00ebrjetsh\u00ebm<\/strong>. Ideale p\u00ebr \u00e7do dit\u00eb apo p\u00ebr ta b\u00ebr\u00eb dhurat\u00eb dikujt t\u00eb ve\u00e7ant\u00eb.<\/p>\n","protected":false},"excerpt":{"rendered":"<ul data-start=\"284\" data-end=\"874\">\n<li data-start=\"284\" data-end=\"530\">\n<p data-start=\"286\" data-end=\"530\">Set elegant dhe i rafinuar, i frym\u00ebzuar nga dizajni ikonik <strong data-start=\"345\" data-end=\"356\">Vanceef<\/strong>, i p\u00ebrb\u00ebr\u00eb nga:<br data-start=\"372\" data-end=\"375\" \/>\ud83d\udc49 <strong data-start=\"380\" data-end=\"398\">Unaz\u00eb delikate<\/strong> me lule jeshile<br data-start=\"414\" data-end=\"417\" \/>\ud83d\udc49 <strong data-start=\"422\" data-end=\"454\">Vath\u00eb t\u00eb bukur dhe simetrik\u00eb<\/strong><br data-start=\"454\" data-end=\"457\" \/>\ud83d\udc49 <strong data-start=\"462\" data-end=\"489\">Var\u00ebse n\u00eb dy variante<\/strong>, q\u00eb mund t\u00eb zgjidhet sipas preferenc\u00ebs<\/p>\n<\/li>\n<li data-start=\"532\" data-end=\"637\">\n<p data-start=\"534\" data-end=\"637\"><strong data-start=\"534\" data-end=\"551\">Lulja jeshile<\/strong> p\u00ebrfaq\u00ebson freskin\u00eb, harmonin\u00eb dhe stilin e ve\u00e7ant\u00eb natyror \u2013 ideale p\u00ebr \u00e7do stin\u00eb.<\/p>\n<\/li>\n<li data-start=\"638\" data-end=\"762\">\n<p data-start=\"640\" data-end=\"762\">Bizhuterit\u00eb jan\u00eb t\u00eb punuara nga <strong data-start=\"672\" data-end=\"690\">\u00e7elik inox 316<\/strong> me veshje <strong data-start=\"701\" data-end=\"717\">PVD Gold 18K<\/strong>, p\u00ebr rezistenc\u00eb, shk\u00eblqim dhe jet\u00ebgjat\u00ebsi.<\/p>\n<\/li>\n<li data-start=\"763\" data-end=\"874\">\n<p data-start=\"765\" data-end=\"874\">Dizajn <strong data-start=\"772\" data-end=\"806\">i p\u00ebrjetsh\u00ebm dhe i sofistikuar<\/strong>, i p\u00ebrshtatsh\u00ebm si p\u00ebr p\u00ebrditshm\u00ebri, ashtu edhe p\u00ebr raste speciale.<\/p>\n<\/li>\n<\/ul>\n","protected":false},"featured_media":1171,"comment_status":"open","ping_status":"closed","template":"","meta":{"neve_meta_sidebar":"","neve_meta_container":"","neve_meta_enable_content_width":"off","neve_meta_content_width":100,"neve_meta_title_alignment":"","neve_meta_author_avatar":"","neve_post_elements_order":"","neve_meta_disable_header":"","neve_meta_disable_footer":"","neve_meta_disable_title":"","_themeisle_gutenberg_block_has_review":false},"product_brand":[],"product_cat":[27],"product_tag":[],"class_list":{"0":"post-1170","1":"product","2":"type-product","3":"status-publish","4":"has-post-thumbnail","6":"product_cat-sete","8":"first","9":"instock","10":"shipping-taxable","11":"purchasable","12":"product-type-simple"},"_links":{"self":[{"href":"https:\/\/class-jewelry.com\/index.php\/wp-json\/wp\/v2\/product\/1170","targetHints":{"allow":["GET"]}}],"collection":[{"href":"https:\/\/class-jewelry.com\/index.php\/wp-json\/wp\/v2\/product"}],"about":[{"href":"https:\/\/class-jewelry.com\/index.php\/wp-json\/wp\/v2\/types\/product"}],"replies":[{"embeddable":true,"href":"https:\/\/class-jewelry.com\/index.php\/wp-json\/wp\/v2\/comments?post=1170"}],"wp:featuredmedia":[{"embeddable":true,"href":"https:\/\/class-jewelry.com\/index.php\/wp-json\/wp\/v2\/media\/1171"}],"wp:attachment":[{"href":"https:\/\/class-jewelry.com\/index.php\/wp-json\/wp\/v2\/media?parent=1170"}],"wp:term":[{"taxonomy":"product_brand","embeddable":true,"href":"https:\/\/class-jewelry.com\/index.php\/wp-json\/wp\/v2\/product_brand?post=1170"},{"taxonomy":"product_cat","embeddable":true,"href":"https:\/\/class-jewelry.com\/index.php\/wp-json\/wp\/v2\/product_cat?post=1170"},{"taxonomy":"product_tag","embeddable":true,"href":"https:\/\/class-jewelry.com\/index.php\/wp-json\/wp\/v2\/product_tag?post=1170"}],"curies":[{"name":"wp","href":"https:\/\/api.w.org\/{rel}","templated":true}]}}