{"id":1172,"date":"2025-09-01T15:30:05","date_gmt":"2025-09-01T13:30:05","guid":{"rendered":"https:\/\/class-jewelry.com\/?post_type=product&#038;p=1172"},"modified":"2025-09-01T15:30:05","modified_gmt":"2025-09-01T13:30:05","slug":"byzylyk-tiffline","status":"publish","type":"product","link":"https:\/\/class-jewelry.com\/index.php\/product\/byzylyk-tiffline\/","title":{"rendered":"Byzylyk &#8220;Tiffline&#8221;"},"content":{"rendered":"<p>Byzylyk me dizajn t\u00eb thjesht\u00eb dhe t\u00eb rafinuar n\u00eb stilin e njohur <strong data-start=\"894\" data-end=\"905\">Tiffany<\/strong>, me form\u00eb <strong data-start=\"916\" data-end=\"937\">zinxhiri t\u00eb holl\u00eb<\/strong> dhe <strong data-start=\"942\" data-end=\"964\">ngjyr\u00eb ari t\u00eb but\u00eb<\/strong>. I realizuar nga <strong data-start=\"982\" data-end=\"1000\">\u00e7elik inox 316<\/strong> dhe i veshur me <strong data-start=\"1017\" data-end=\"1033\">PVD Gold 18K<\/strong>, ky byzylyk \u00ebsht\u00eb nj\u00eb pjes\u00eb e p\u00ebrditshme, por me pamje luksoze.<br data-start=\"1097\" data-end=\"1100\" \/>P\u00ebr t\u2019u mbajtur vet\u00ebm ose p\u00ebr t\u2019u kombinuar me byzylyk\u00eb t\u00eb tjer\u00eb, ky aksesor i thjesht\u00eb por elegant i shton stil \u00e7do l\u00ebvizjeje.<\/p>\n","protected":false},"excerpt":{"rendered":"<ul>\n<li data-start=\"239\" data-end=\"332\">\n<p data-start=\"241\" data-end=\"332\"><strong data-start=\"241\" data-end=\"260\">Byzylyk elegant<\/strong> me dizajn minimalist, i frym\u00ebzuar nga stili i p\u00ebrjetsh\u00ebm <strong data-start=\"318\" data-end=\"329\">Tiffany<\/strong>.<\/p>\n<\/li>\n<li data-start=\"333\" data-end=\"436\">\n<p data-start=\"335\" data-end=\"436\">Struktura n\u00eb form\u00eb <strong data-start=\"354\" data-end=\"391\">zinxhiri t\u00eb holl\u00eb dhe t\u00eb thjesht\u00eb<\/strong>, q\u00eb ofron nj\u00eb pamje t\u00eb past\u00ebr dhe moderne.<\/p>\n<\/li>\n<li data-start=\"437\" data-end=\"523\">\n<p data-start=\"439\" data-end=\"523\">I punuar nga <strong data-start=\"452\" data-end=\"470\">\u00e7elik inox 316<\/strong>, rezistent ndaj ujit dhe p\u00ebrdorimit t\u00eb p\u00ebrditsh\u00ebm.<\/p>\n<\/li>\n<li data-start=\"524\" data-end=\"607\">\n<p data-start=\"526\" data-end=\"607\">Veshje <strong data-start=\"533\" data-end=\"549\">PVD Gold 18K<\/strong>, q\u00eb i jep ngjyr\u00eb t\u00eb ngroht\u00eb ari dhe shk\u00eblqim afatgjat\u00eb.<\/p>\n<\/li>\n<li data-start=\"608\" data-end=\"710\">\n<p data-start=\"610\" data-end=\"710\">P\u00ebrshtatet leht\u00eb me \u00e7do veshje \u2013 perfekt p\u00ebr ta veshur vet\u00ebm ose n\u00eb kombinim me aksesor\u00eb t\u00eb tjer\u00eb.<\/p>\n<\/li>\n<li data-start=\"711\" data-end=\"784\">\n<p data-start=\"713\" data-end=\"784\">Nj\u00eb aksesor elegant dhe i p\u00ebrhersh\u00ebm, ideal p\u00ebr \u00e7do stil dhe \u00e7do mosh\u00eb.<\/p>\n<\/li>\n<\/ul>\n","protected":false},"featured_media":1174,"comment_status":"open","ping_status":"closed","template":"","meta":{"neve_meta_sidebar":"","neve_meta_container":"","neve_meta_enable_content_width":"off","neve_meta_content_width":100,"neve_meta_title_alignment":"","neve_meta_author_avatar":"","neve_post_elements_order":"","neve_meta_disable_header":"","neve_meta_disable_footer":"","neve_meta_disable_title":"","_themeisle_gutenberg_block_has_review":false},"product_brand":[],"product_cat":[26],"product_tag":[],"class_list":{"0":"post-1172","1":"product","2":"type-product","3":"status-publish","4":"has-post-thumbnail","6":"product_cat-byrzylyk","8":"first","9":"instock","10":"shipping-taxable","11":"purchasable","12":"product-type-simple"},"_links":{"self":[{"href":"https:\/\/class-jewelry.com\/index.php\/wp-json\/wp\/v2\/product\/1172","targetHints":{"allow":["GET"]}}],"collection":[{"href":"https:\/\/class-jewelry.com\/index.php\/wp-json\/wp\/v2\/product"}],"about":[{"href":"https:\/\/class-jewelry.com\/index.php\/wp-json\/wp\/v2\/types\/product"}],"replies":[{"embeddable":true,"href":"https:\/\/class-jewelry.com\/index.php\/wp-json\/wp\/v2\/comments?post=1172"}],"wp:featuredmedia":[{"embeddable":true,"href":"https:\/\/class-jewelry.com\/index.php\/wp-json\/wp\/v2\/media\/1174"}],"wp:attachment":[{"href":"https:\/\/class-jewelry.com\/index.php\/wp-json\/wp\/v2\/media?parent=1172"}],"wp:term":[{"taxonomy":"product_brand","embeddable":true,"href":"https:\/\/class-jewelry.com\/index.php\/wp-json\/wp\/v2\/product_brand?post=1172"},{"taxonomy":"product_cat","embeddable":true,"href":"https:\/\/class-jewelry.com\/index.php\/wp-json\/wp\/v2\/product_cat?post=1172"},{"taxonomy":"product_tag","embeddable":true,"href":"https:\/\/class-jewelry.com\/index.php\/wp-json\/wp\/v2\/product_tag?post=1172"}],"curies":[{"name":"wp","href":"https:\/\/api.w.org\/{rel}","templated":true}]}}