{"id":1177,"date":"2025-09-01T15:43:05","date_gmt":"2025-09-01T13:43:05","guid":{"rendered":"https:\/\/class-jewelry.com\/?post_type=product&#038;p=1177"},"modified":"2025-09-01T15:43:05","modified_gmt":"2025-09-01T13:43:05","slug":"unaza-ouro","status":"publish","type":"product","link":"https:\/\/class-jewelry.com\/index.php\/product\/unaza-ouro\/","title":{"rendered":"Unaza &#8220;Ouro&#8221;"},"content":{"rendered":"<p data-start=\"816\" data-end=\"1193\">Unaz\u00eb e thjesht\u00eb dhe moderne me <strong data-start=\"848\" data-end=\"865\">form\u00eb gjarpri<\/strong>, q\u00eb rrotullohet leht\u00eb rreth gishtit me eleganc\u00eb.<br data-start=\"914\" data-end=\"917\" \/>E punuar nga <strong data-start=\"930\" data-end=\"948\">\u00e7elik inox 316<\/strong> dhe e veshur me <strong data-start=\"965\" data-end=\"981\">PVD Gold 18K<\/strong>, kjo unaz\u00eb \u00ebsht\u00eb nj\u00eb kombinim perfekt i <strong data-start=\"1022\" data-end=\"1046\">stilimit t\u00eb thjesht\u00eb<\/strong> dhe <strong data-start=\"1051\" data-end=\"1077\">simbolik\u00ebs s\u00eb fuqishme<\/strong>.<br data-start=\"1078\" data-end=\"1081\" \/>Stil i hapur, i p\u00ebrshtatsh\u00ebm p\u00ebr \u00e7do madh\u00ebsi gishti, dhe dizajn q\u00eb mbetet n\u00eb mod\u00eb. Nj\u00eb aksesor q\u00eb flet pa fjal\u00eb.<\/p>\n","protected":false},"excerpt":{"rendered":"<ul>\n<li data-start=\"241\" data-end=\"328\">\n<p data-start=\"243\" data-end=\"328\">Unaz\u00eb elegante me form\u00eb <strong data-start=\"267\" data-end=\"291\">gjarpri <\/strong>\u00a0dizajn minimalist dhe i rafinuar.<\/p>\n<\/li>\n<li data-start=\"329\" data-end=\"437\">\n<p data-start=\"331\" data-end=\"437\">E punuar me <strong data-start=\"343\" data-end=\"361\">\u00e7elik 316<\/strong>, p\u00ebr q\u00ebndrueshm\u00ebri dhe rezistenc\u00eb ndaj ujit dhe p\u00ebrdorimit t\u00eb p\u00ebrditsh\u00ebm.<\/p>\n<\/li>\n<li data-start=\"438\" data-end=\"508\">\n<p data-start=\"440\" data-end=\"508\">Veshje <strong data-start=\"447\" data-end=\"463\">PVD Gold 18K<\/strong>, p\u00ebr shk\u00eblqim afatgjat\u00eb dhe pamje luksoze.<\/p>\n<\/li>\n<li data-start=\"509\" data-end=\"594\">\n<p data-start=\"511\" data-end=\"594\"><strong data-start=\"511\" data-end=\"543\">Form\u00eb e hapur dhe fleksibile<\/strong>, q\u00eb p\u00ebrshtatet leht\u00ebsisht me \u00e7do madh\u00ebsi gishti.<\/p>\n<\/li>\n<li data-start=\"595\" data-end=\"696\">\n<p data-start=\"597\" data-end=\"696\">Nj\u00eb simbol i <strong data-start=\"610\" data-end=\"634\">rinovimit dhe forc\u00ebs<\/strong>, q\u00eb sjell nj\u00eb prekje misterioze dhe elegante n\u00eb \u00e7do veshje.<\/p>\n<\/li>\n<li data-start=\"697\" data-end=\"759\">\n<p data-start=\"699\" data-end=\"759\">Ideal p\u00ebr p\u00ebrdorim solo ose p\u00ebr kombinime me unaza t\u00eb tjera.<\/p>\n<\/li>\n<\/ul>\n","protected":false},"featured_media":1176,"comment_status":"open","ping_status":"closed","template":"","meta":{"neve_meta_sidebar":"","neve_meta_container":"","neve_meta_enable_content_width":"off","neve_meta_content_width":100,"neve_meta_title_alignment":"","neve_meta_author_avatar":"","neve_post_elements_order":"","neve_meta_disable_header":"","neve_meta_disable_footer":"","neve_meta_disable_title":"","_themeisle_gutenberg_block_has_review":false},"product_brand":[],"product_cat":[24],"product_tag":[],"class_list":{"0":"post-1177","1":"product","2":"type-product","3":"status-publish","4":"has-post-thumbnail","6":"product_cat-unaza","8":"first","9":"instock","10":"shipping-taxable","11":"purchasable","12":"product-type-simple"},"_links":{"self":[{"href":"https:\/\/class-jewelry.com\/index.php\/wp-json\/wp\/v2\/product\/1177","targetHints":{"allow":["GET"]}}],"collection":[{"href":"https:\/\/class-jewelry.com\/index.php\/wp-json\/wp\/v2\/product"}],"about":[{"href":"https:\/\/class-jewelry.com\/index.php\/wp-json\/wp\/v2\/types\/product"}],"replies":[{"embeddable":true,"href":"https:\/\/class-jewelry.com\/index.php\/wp-json\/wp\/v2\/comments?post=1177"}],"wp:featuredmedia":[{"embeddable":true,"href":"https:\/\/class-jewelry.com\/index.php\/wp-json\/wp\/v2\/media\/1176"}],"wp:attachment":[{"href":"https:\/\/class-jewelry.com\/index.php\/wp-json\/wp\/v2\/media?parent=1177"}],"wp:term":[{"taxonomy":"product_brand","embeddable":true,"href":"https:\/\/class-jewelry.com\/index.php\/wp-json\/wp\/v2\/product_brand?post=1177"},{"taxonomy":"product_cat","embeddable":true,"href":"https:\/\/class-jewelry.com\/index.php\/wp-json\/wp\/v2\/product_cat?post=1177"},{"taxonomy":"product_tag","embeddable":true,"href":"https:\/\/class-jewelry.com\/index.php\/wp-json\/wp\/v2\/product_tag?post=1177"}],"curies":[{"name":"wp","href":"https:\/\/api.w.org\/{rel}","templated":true}]}}