{"id":1178,"date":"2025-09-01T15:53:56","date_gmt":"2025-09-01T13:53:56","guid":{"rendered":"https:\/\/class-jewelry.com\/?post_type=product&#038;p=1178"},"modified":"2025-09-01T15:53:56","modified_gmt":"2025-09-01T13:53:56","slug":"unaza-solis","status":"publish","type":"product","link":"https:\/\/class-jewelry.com\/index.php\/product\/unaza-solis\/","title":{"rendered":"Unaza &#8220;S\u00f3lis&#8221;"},"content":{"rendered":"<p data-start=\"853\" data-end=\"1281\">Unaz\u00eb totalisht <strong data-start=\"869\" data-end=\"877\">gold<\/strong>, me nj\u00eb <strong data-start=\"886\" data-end=\"913\">pllak\u00eb t\u00eb shesht\u00eb sip\u00ebr<\/strong>, q\u00eb i jep nj\u00eb pamje t\u00eb fuqishme dhe t\u00eb sofistikuar.<br data-start=\"965\" data-end=\"968\" \/>Realizuar me <strong data-start=\"981\" data-end=\"999\">\u00e7elik inox 316<\/strong> dhe <strong data-start=\"1004\" data-end=\"1027\">veshje PVD Gold 18K<\/strong>, kjo unaz\u00eb \u00ebsht\u00eb rezistente, me shk\u00eblqim afatgjat\u00eb dhe pamje t\u00eb plot\u00eb metalike.<br data-start=\"1107\" data-end=\"1110\" \/>Stil <strong data-start=\"1115\" data-end=\"1150\">minimalist dhe i drejtp\u00ebrdrejt\u00eb<\/strong>, perfekt p\u00ebr p\u00ebrdorim t\u00eb p\u00ebrditsh\u00ebm apo p\u00ebr t\u00eb kompletuar nj\u00eb veshje m\u00eb serioze.<br data-start=\"1231\" data-end=\"1234\" \/>Nj\u00eb aksesor q\u00eb flet me thjesht\u00ebsi dhe eleganc\u00eb.<\/p>\n","protected":false},"excerpt":{"rendered":"<ul>\n<li data-start=\"234\" data-end=\"324\">\n<p data-start=\"236\" data-end=\"324\">Unaz\u00eb moderne me <strong data-start=\"253\" data-end=\"280\">pllak\u00eb t\u00eb shesht\u00eb sip\u00ebr<\/strong>, p\u00ebr nj\u00eb stil minimalist dhe t\u00eb fuqish\u00ebm.<\/p>\n<\/li>\n<li data-start=\"325\" data-end=\"407\">\n<p data-start=\"327\" data-end=\"407\">E punuar nga <strong data-start=\"340\" data-end=\"358\">\u00e7elik 316<\/strong>, q\u00eb ofron rezistenc\u00eb t\u00eb lart\u00eb dhe jet\u00ebgjat\u00ebsi.<\/p>\n<\/li>\n<li data-start=\"408\" data-end=\"499\">\n<p data-start=\"410\" data-end=\"499\">E veshur plot\u00ebsisht me <strong data-start=\"433\" data-end=\"449\">PVD Gold 18K<\/strong>, p\u00ebr nj\u00eb pamje t\u00eb past\u00ebr, uniforme dhe luksoze.<\/p>\n<\/li>\n<li data-start=\"500\" data-end=\"614\">\n<p data-start=\"502\" data-end=\"614\">Dizajn i thjesht\u00eb, por me <strong data-start=\"528\" data-end=\"554\">prani t\u00eb fort\u00eb vizuale<\/strong>, ideal p\u00ebr t\u2019u veshur vet\u00ebm ose si pjes\u00eb e nj\u00eb kombinimi.<\/p>\n<\/li>\n<li data-start=\"615\" data-end=\"675\">\n<p data-start=\"617\" data-end=\"675\">P\u00ebrshtatje perfekte me \u00e7do stil \u2013 nga klasik tek modern.<\/p>\n<\/li>\n<li data-start=\"676\" data-end=\"796\">\n<p data-start=\"678\" data-end=\"796\">Nj\u00eb zgjedhje ideale p\u00ebr ata q\u00eb preferojn\u00eb bizhuteri me linja t\u00eb pastra dhe mesazh t\u00eb qart\u00eb: <strong data-start=\"770\" data-end=\"795\">m\u00eb pak \u00ebsht\u00eb m\u00eb shum\u00eb<\/strong>.<\/p>\n<\/li>\n<\/ul>\n","protected":false},"featured_media":1179,"comment_status":"open","ping_status":"closed","template":"","meta":{"neve_meta_sidebar":"","neve_meta_container":"","neve_meta_enable_content_width":"off","neve_meta_content_width":100,"neve_meta_title_alignment":"","neve_meta_author_avatar":"","neve_post_elements_order":"","neve_meta_disable_header":"","neve_meta_disable_footer":"","neve_meta_disable_title":"","_themeisle_gutenberg_block_has_review":false},"product_brand":[],"product_cat":[24],"product_tag":[],"class_list":{"0":"post-1178","1":"product","2":"type-product","3":"status-publish","4":"has-post-thumbnail","6":"product_cat-unaza","8":"first","9":"instock","10":"shipping-taxable","11":"purchasable","12":"product-type-simple"},"_links":{"self":[{"href":"https:\/\/class-jewelry.com\/index.php\/wp-json\/wp\/v2\/product\/1178","targetHints":{"allow":["GET"]}}],"collection":[{"href":"https:\/\/class-jewelry.com\/index.php\/wp-json\/wp\/v2\/product"}],"about":[{"href":"https:\/\/class-jewelry.com\/index.php\/wp-json\/wp\/v2\/types\/product"}],"replies":[{"embeddable":true,"href":"https:\/\/class-jewelry.com\/index.php\/wp-json\/wp\/v2\/comments?post=1178"}],"wp:featuredmedia":[{"embeddable":true,"href":"https:\/\/class-jewelry.com\/index.php\/wp-json\/wp\/v2\/media\/1179"}],"wp:attachment":[{"href":"https:\/\/class-jewelry.com\/index.php\/wp-json\/wp\/v2\/media?parent=1178"}],"wp:term":[{"taxonomy":"product_brand","embeddable":true,"href":"https:\/\/class-jewelry.com\/index.php\/wp-json\/wp\/v2\/product_brand?post=1178"},{"taxonomy":"product_cat","embeddable":true,"href":"https:\/\/class-jewelry.com\/index.php\/wp-json\/wp\/v2\/product_cat?post=1178"},{"taxonomy":"product_tag","embeddable":true,"href":"https:\/\/class-jewelry.com\/index.php\/wp-json\/wp\/v2\/product_tag?post=1178"}],"curies":[{"name":"wp","href":"https:\/\/api.w.org\/{rel}","templated":true}]}}