{"id":1183,"date":"2025-09-01T16:01:13","date_gmt":"2025-09-01T14:01:13","guid":{"rendered":"https:\/\/class-jewelry.com\/?post_type=product&#038;p=1183"},"modified":"2025-09-01T16:01:14","modified_gmt":"2025-09-01T14:01:14","slug":"unazahelica","status":"publish","type":"product","link":"https:\/\/class-jewelry.com\/index.php\/product\/unazahelica\/","title":{"rendered":"Unaza&#8221;H\u00e9lica&#8221;"},"content":{"rendered":"<p>Nj\u00eb unaz\u00eb elegante me form\u00eb <strong data-start=\"759\" data-end=\"766\">\u201cH\u201d<\/strong>, e zbukuruar me gur\u00eb t\u00eb vegj\u00ebl q\u00eb i japin shk\u00eblqim dhe stil unik. E punuar nga materiali i q\u00ebndruesh\u00ebm <strong data-start=\"870\" data-end=\"888\">\u00e7elik inox 316<\/strong> dhe me veshje <strong data-start=\"903\" data-end=\"919\">PVD Gold 18K<\/strong>, kjo unaz\u00eb kombinon minimalizmin modern me luksin klasik. Nj\u00eb aksesor i ve\u00e7ant\u00eb q\u00eb plot\u00ebson \u00e7do pamje dhe \u00ebsht\u00eb i p\u00ebrshtatsh\u00ebm p\u00ebr p\u00ebrdorim t\u00eb p\u00ebrditsh\u00ebm apo p\u00ebr raste t\u00eb ve\u00e7anta.<\/p>\n","protected":false},"excerpt":{"rendered":"<ul>\n<li data-start=\"188\" data-end=\"332\">\n<p data-start=\"190\" data-end=\"332\">Unaz\u00eb me dizajn modern dhe t\u00eb ve\u00e7ant\u00eb n\u00eb form\u00ebn e shkronj\u00ebs <strong data-start=\"250\" data-end=\"257\">\u201cH\u201d<\/strong>, e zbukuruar me <strong data-start=\"274\" data-end=\"308\">gur\u00eb t\u00eb vegj\u00ebl t\u00eb shk\u00eblqyesh\u00ebm<\/strong> p\u00ebr nj\u00eb efekt luksoz.<\/p>\n<\/li>\n<li data-start=\"333\" data-end=\"409\">\n<p data-start=\"335\" data-end=\"409\">E punuar nga <strong data-start=\"348\" data-end=\"366\">\u00e7elik inox 316<\/strong>, q\u00eb garanton rezistenc\u00eb dhe jet\u00ebgjat\u00ebsi.<\/p>\n<\/li>\n<li data-start=\"410\" data-end=\"478\">\n<p data-start=\"412\" data-end=\"478\">Veshje <strong data-start=\"419\" data-end=\"435\">PVD Gold 18K<\/strong> p\u00ebr shk\u00eblqim dhe q\u00ebndrueshm\u00ebri t\u00eb lart\u00eb.<\/p>\n<\/li>\n<li data-start=\"479\" data-end=\"594\">\n<p data-start=\"481\" data-end=\"594\">Kombinimi i form\u00ebs unike dhe gur\u00ebve krijon nj\u00eb aksesor q\u00eb t\u00ebrheq v\u00ebmendjen dhe \u00ebsht\u00eb ideal p\u00ebr rastet elegante.<\/p>\n<\/li>\n<li data-start=\"595\" data-end=\"674\">\n<p data-start=\"597\" data-end=\"674\">P\u00ebrshtatet me \u00e7do madh\u00ebsi gishti dhe ofron nj\u00eb pamje moderne dhe t\u00eb rafinua<\/p>\n<\/li>\n<\/ul>\n","protected":false},"featured_media":1182,"comment_status":"open","ping_status":"closed","template":"","meta":{"neve_meta_sidebar":"","neve_meta_container":"","neve_meta_enable_content_width":"off","neve_meta_content_width":100,"neve_meta_title_alignment":"","neve_meta_author_avatar":"","neve_post_elements_order":"","neve_meta_disable_header":"","neve_meta_disable_footer":"","neve_meta_disable_title":"","_themeisle_gutenberg_block_has_review":false},"product_brand":[],"product_cat":[24],"product_tag":[],"class_list":{"0":"post-1183","1":"product","2":"type-product","3":"status-publish","4":"has-post-thumbnail","6":"product_cat-unaza","8":"first","9":"instock","10":"shipping-taxable","11":"purchasable","12":"product-type-simple"},"_links":{"self":[{"href":"https:\/\/class-jewelry.com\/index.php\/wp-json\/wp\/v2\/product\/1183","targetHints":{"allow":["GET"]}}],"collection":[{"href":"https:\/\/class-jewelry.com\/index.php\/wp-json\/wp\/v2\/product"}],"about":[{"href":"https:\/\/class-jewelry.com\/index.php\/wp-json\/wp\/v2\/types\/product"}],"replies":[{"embeddable":true,"href":"https:\/\/class-jewelry.com\/index.php\/wp-json\/wp\/v2\/comments?post=1183"}],"wp:featuredmedia":[{"embeddable":true,"href":"https:\/\/class-jewelry.com\/index.php\/wp-json\/wp\/v2\/media\/1182"}],"wp:attachment":[{"href":"https:\/\/class-jewelry.com\/index.php\/wp-json\/wp\/v2\/media?parent=1183"}],"wp:term":[{"taxonomy":"product_brand","embeddable":true,"href":"https:\/\/class-jewelry.com\/index.php\/wp-json\/wp\/v2\/product_brand?post=1183"},{"taxonomy":"product_cat","embeddable":true,"href":"https:\/\/class-jewelry.com\/index.php\/wp-json\/wp\/v2\/product_cat?post=1183"},{"taxonomy":"product_tag","embeddable":true,"href":"https:\/\/class-jewelry.com\/index.php\/wp-json\/wp\/v2\/product_tag?post=1183"}],"curies":[{"name":"wp","href":"https:\/\/api.w.org\/{rel}","templated":true}]}}