{"id":1185,"date":"2025-09-01T16:10:19","date_gmt":"2025-09-01T14:10:19","guid":{"rendered":"https:\/\/class-jewelry.com\/?post_type=product&#038;p=1185"},"modified":"2025-09-01T16:10:19","modified_gmt":"2025-09-01T14:10:19","slug":"unazaelara","status":"publish","type":"product","link":"https:\/\/class-jewelry.com\/index.php\/product\/unazaelara\/","title":{"rendered":"Unaza&#8221;Elara&#8221;"},"content":{"rendered":"<p>Unaz\u00eb me form\u00eb <strong data-start=\"788\" data-end=\"805\">drejtk\u00ebnd\u00ebshi<\/strong>, e punuar nga <strong data-start=\"820\" data-end=\"838\">\u00e7elik inox 316<\/strong> dhe e veshur me <strong data-start=\"855\" data-end=\"871\">PVD Gold 18K<\/strong>, q\u00eb ofron nj\u00eb kombinim perfekt t\u00eb stilit modern dhe rezistenc\u00ebs.<br data-start=\"936\" data-end=\"939\" \/>Form\u00eb e ve\u00e7ant\u00eb dhe minimalistike q\u00eb i shton nj\u00eb prekje arkitekturore pamjes s\u00eb p\u00ebrgjithshme.<br data-start=\"1032\" data-end=\"1035\" \/>Nj\u00eb aksesor ideal p\u00ebr p\u00ebrdorim t\u00eb p\u00ebrditsh\u00ebm ose p\u00ebr raste speciale, q\u00eb t\u00eb b\u00ebn t\u00eb dallosh n\u00eb m\u00ebnyr\u00eb t\u00eb sofistikuar.<\/p>\n","protected":false},"excerpt":{"rendered":"<ul data-start=\"194\" data-end=\"716\">\n<li data-start=\"194\" data-end=\"316\">\n<p data-start=\"196\" data-end=\"316\">Unaz\u00eb me dizajn modern dhe t\u00eb ve\u00e7ant\u00eb n\u00eb form\u00eb <strong data-start=\"243\" data-end=\"260\">drejtk\u00ebnd\u00ebshi<\/strong>, q\u00eb i jep nj\u00eb pamje arkitektonike dhe t\u00eb sofistikuar.<\/p>\n<\/li>\n<li data-start=\"317\" data-end=\"410\">\n<p data-start=\"319\" data-end=\"410\">E punuar nga <strong data-start=\"332\" data-end=\"350\">\u00e7elik inox 316<\/strong>, q\u00eb garanton q\u00ebndrueshm\u00ebri dhe rezistenc\u00eb ndaj ndryshkut.<\/p>\n<\/li>\n<li data-start=\"411\" data-end=\"471\">\n<p data-start=\"413\" data-end=\"471\">Veshje <strong data-start=\"420\" data-end=\"436\">PVD Gold 18K<\/strong>, p\u00ebr shk\u00eblqim dhe pamje luksoze.<\/p>\n<\/li>\n<li data-start=\"472\" data-end=\"559\">\n<p data-start=\"474\" data-end=\"559\">Dizajn minimalist, me linja t\u00eb pastra dhe form\u00eb t\u00eb guximshme q\u00eb dallon n\u00eb \u00e7do rast.<\/p>\n<\/li>\n<li data-start=\"560\" data-end=\"654\">\n<p data-start=\"562\" data-end=\"654\">P\u00ebrshtatet p\u00ebr \u00e7do madh\u00ebsi gishti dhe mund t\u00eb kombinohet leht\u00ebsisht me bizhuteri t\u00eb tjera.<\/p>\n<\/li>\n<li data-start=\"655\" data-end=\"716\">\n<p data-start=\"657\" data-end=\"716\">Nj\u00eb aksesor ideal p\u00ebr ata q\u00eb duan nj\u00eb stil modern dhe unik.<\/p>\n<\/li>\n<\/ul>\n","protected":false},"featured_media":1184,"comment_status":"open","ping_status":"closed","template":"","meta":{"neve_meta_sidebar":"","neve_meta_container":"","neve_meta_enable_content_width":"off","neve_meta_content_width":100,"neve_meta_title_alignment":"","neve_meta_author_avatar":"","neve_post_elements_order":"","neve_meta_disable_header":"","neve_meta_disable_footer":"","neve_meta_disable_title":"","_themeisle_gutenberg_block_has_review":false},"product_brand":[],"product_cat":[24],"product_tag":[],"class_list":{"0":"post-1185","1":"product","2":"type-product","3":"status-publish","4":"has-post-thumbnail","6":"product_cat-unaza","8":"first","9":"instock","10":"shipping-taxable","11":"purchasable","12":"product-type-simple"},"_links":{"self":[{"href":"https:\/\/class-jewelry.com\/index.php\/wp-json\/wp\/v2\/product\/1185","targetHints":{"allow":["GET"]}}],"collection":[{"href":"https:\/\/class-jewelry.com\/index.php\/wp-json\/wp\/v2\/product"}],"about":[{"href":"https:\/\/class-jewelry.com\/index.php\/wp-json\/wp\/v2\/types\/product"}],"replies":[{"embeddable":true,"href":"https:\/\/class-jewelry.com\/index.php\/wp-json\/wp\/v2\/comments?post=1185"}],"wp:featuredmedia":[{"embeddable":true,"href":"https:\/\/class-jewelry.com\/index.php\/wp-json\/wp\/v2\/media\/1184"}],"wp:attachment":[{"href":"https:\/\/class-jewelry.com\/index.php\/wp-json\/wp\/v2\/media?parent=1185"}],"wp:term":[{"taxonomy":"product_brand","embeddable":true,"href":"https:\/\/class-jewelry.com\/index.php\/wp-json\/wp\/v2\/product_brand?post=1185"},{"taxonomy":"product_cat","embeddable":true,"href":"https:\/\/class-jewelry.com\/index.php\/wp-json\/wp\/v2\/product_cat?post=1185"},{"taxonomy":"product_tag","embeddable":true,"href":"https:\/\/class-jewelry.com\/index.php\/wp-json\/wp\/v2\/product_tag?post=1185"}],"curies":[{"name":"wp","href":"https:\/\/api.w.org\/{rel}","templated":true}]}}