{"id":1190,"date":"2025-09-01T16:26:48","date_gmt":"2025-09-01T14:26:48","guid":{"rendered":"https:\/\/class-jewelry.com\/?post_type=product&#038;p=1190"},"modified":"2025-09-01T16:26:48","modified_gmt":"2025-09-01T14:26:48","slug":"varse-nerina","status":"publish","type":"product","link":"https:\/\/class-jewelry.com\/index.php\/product\/varse-nerina\/","title":{"rendered":"Varse  &#8220;Nerina&#8221;"},"content":{"rendered":"<p data-start=\"181\" data-end=\"635\">Nj\u00eb var\u00ebse elegante q\u00eb kombinon tre element\u00eb t\u00eb ve\u00e7ant\u00eb: guask\u00ebn natyrale, perl\u00ebn dhe yllin, duke krijuar nj\u00eb aksesor t\u00eb ve\u00e7ant\u00eb dhe t\u00eb hijsh\u00ebm. E punuar nga materiali i q\u00ebndruesh\u00ebm <strong data-start=\"363\" data-end=\"381\">\u00e7elik inox 316<\/strong> me veshje <strong data-start=\"392\" data-end=\"408\">PVD Gold 18K<\/strong>, kjo var\u00ebse ofron nj\u00eb shk\u00eblqim t\u00eb q\u00ebndruesh\u00ebm dhe rezistenc\u00eb ndaj p\u00ebrdorimit t\u00eb p\u00ebrditsh\u00ebm. Dizajni i saj i leht\u00eb dhe i rafinuar e b\u00ebn perfekte p\u00ebr \u00e7do rast dhe stil, duke i shtuar nj\u00eb prekje natyrale dhe elegante \u00e7do pamjeje.<\/p>\n","protected":false},"excerpt":{"rendered":"<ul>\n<li data-start=\"211\" data-end=\"340\">\n<p data-start=\"213\" data-end=\"340\">Var\u00ebse unike dhe delikate q\u00eb kombinon tre element\u00eb t\u00eb bukur: <strong data-start=\"274\" data-end=\"294\">guask\u00ebn natyrale<\/strong>, <strong data-start=\"296\" data-end=\"314\">perl\u00ebn klasike<\/strong> dhe <strong data-start=\"319\" data-end=\"337\">yllin simbolik<\/strong>.<\/p>\n<\/li>\n<li data-start=\"341\" data-end=\"450\">\n<p data-start=\"343\" data-end=\"450\">Guaska sjell nj\u00eb ndjesi bregdetare dhe natyrale, nd\u00ebrsa perla shton nj\u00eb shk\u00eblqim t\u00eb but\u00eb dhe t\u00eb rafinuar.<\/p>\n<\/li>\n<li data-start=\"451\" data-end=\"560\">\n<p data-start=\"453\" data-end=\"560\">Ylli i vog\u00ebl e p\u00ebr\u00e7on ndjesin\u00eb e \u00ebndrrave dhe shpres\u00ebs, duke e b\u00ebr\u00eb k\u00ebt\u00eb var\u00ebse t\u00eb ve\u00e7ant\u00eb dhe me kuptim.<\/p>\n<\/li>\n<li data-start=\"561\" data-end=\"666\">\n<p data-start=\"563\" data-end=\"666\">E punuar nga <strong data-start=\"576\" data-end=\"594\">\u00e7elik\u00a0 316<\/strong> me veshje <strong data-start=\"605\" data-end=\"621\">PVD Gold 18K<\/strong>, p\u00ebr q\u00ebndrueshm\u00ebri dhe shk\u00eblqim afatgjat\u00eb.<\/p>\n<\/li>\n<li data-start=\"667\" data-end=\"739\">\n<p data-start=\"669\" data-end=\"739\">Dizajn i leht\u00eb dhe elegant, ideal p\u00ebr \u00e7do dit\u00eb apo raste t\u00eb ve\u00e7anta.<\/p>\n<\/li>\n<li data-start=\"740\" data-end=\"828\">\n<p data-start=\"742\" data-end=\"828\">Nj\u00eb aksesor q\u00eb p\u00ebrputhet leht\u00ebsisht me \u00e7do stil dhe i jep nj\u00eb prekje unike \u00e7do look-u.<\/p>\n<\/li>\n<\/ul>\n","protected":false},"featured_media":1189,"comment_status":"open","ping_status":"closed","template":"","meta":{"neve_meta_sidebar":"","neve_meta_container":"","neve_meta_enable_content_width":"off","neve_meta_content_width":100,"neve_meta_title_alignment":"","neve_meta_author_avatar":"","neve_post_elements_order":"","neve_meta_disable_header":"","neve_meta_disable_footer":"","neve_meta_disable_title":"","_themeisle_gutenberg_block_has_review":false},"product_brand":[],"product_cat":[23],"product_tag":[],"class_list":{"0":"post-1190","1":"product","2":"type-product","3":"status-publish","4":"has-post-thumbnail","6":"product_cat-varse","8":"first","9":"instock","10":"shipping-taxable","11":"purchasable","12":"product-type-simple"},"_links":{"self":[{"href":"https:\/\/class-jewelry.com\/index.php\/wp-json\/wp\/v2\/product\/1190","targetHints":{"allow":["GET"]}}],"collection":[{"href":"https:\/\/class-jewelry.com\/index.php\/wp-json\/wp\/v2\/product"}],"about":[{"href":"https:\/\/class-jewelry.com\/index.php\/wp-json\/wp\/v2\/types\/product"}],"replies":[{"embeddable":true,"href":"https:\/\/class-jewelry.com\/index.php\/wp-json\/wp\/v2\/comments?post=1190"}],"wp:featuredmedia":[{"embeddable":true,"href":"https:\/\/class-jewelry.com\/index.php\/wp-json\/wp\/v2\/media\/1189"}],"wp:attachment":[{"href":"https:\/\/class-jewelry.com\/index.php\/wp-json\/wp\/v2\/media?parent=1190"}],"wp:term":[{"taxonomy":"product_brand","embeddable":true,"href":"https:\/\/class-jewelry.com\/index.php\/wp-json\/wp\/v2\/product_brand?post=1190"},{"taxonomy":"product_cat","embeddable":true,"href":"https:\/\/class-jewelry.com\/index.php\/wp-json\/wp\/v2\/product_cat?post=1190"},{"taxonomy":"product_tag","embeddable":true,"href":"https:\/\/class-jewelry.com\/index.php\/wp-json\/wp\/v2\/product_tag?post=1190"}],"curies":[{"name":"wp","href":"https:\/\/api.w.org\/{rel}","templated":true}]}}