{"id":1191,"date":"2025-09-01T16:31:18","date_gmt":"2025-09-01T14:31:18","guid":{"rendered":"https:\/\/class-jewelry.com\/?post_type=product&#038;p=1191"},"modified":"2025-09-01T16:31:18","modified_gmt":"2025-09-01T14:31:18","slug":"varse-petalia","status":"publish","type":"product","link":"https:\/\/class-jewelry.com\/index.php\/product\/varse-petalia\/","title":{"rendered":"Varse &#8220;Petalia&#8221;"},"content":{"rendered":"<p data-start=\"167\" data-end=\"590\">Var\u00ebse e bukur dhe e rafinuar q\u00eb p\u00ebrmban <strong data-start=\"208\" data-end=\"226\">5 lule jeshile<\/strong>, duke sjell\u00eb nj\u00eb ndjesi freskie dhe natyraliteti. E punuar me material cil\u00ebsor, <strong data-start=\"307\" data-end=\"325\">\u00e7elik inox 316<\/strong> me veshje <strong data-start=\"336\" data-end=\"352\">PVD Gold 18K<\/strong>, kjo var\u00ebse kombinon q\u00ebndrueshm\u00ebrin\u00eb me stilin modern dhe t\u00eb but\u00eb. Dizajni i saj i thjesht\u00eb dhe i harmonish\u00ebm e b\u00ebn t\u00eb p\u00ebrshtatshme p\u00ebr p\u00ebrdorim t\u00eb p\u00ebrditsh\u00ebm apo raste speciale, duke i dh\u00ebn\u00eb \u00e7do pamjeje nj\u00eb prekje natyrale dhe elegante.<\/p>\n","protected":false},"excerpt":{"rendered":"<ul data-start=\"162\" data-end=\"717\">\n<li data-start=\"162\" data-end=\"279\">\n<p data-start=\"164\" data-end=\"279\">Var\u00ebse delikate dhe fem\u00ebrore me <strong data-start=\"196\" data-end=\"223\">5 lule t\u00eb vogla jeshile<\/strong>, q\u00eb sjellin freski dhe ngjyra natyrale n\u00eb \u00e7do veshje.<\/p>\n<\/li>\n<li data-start=\"280\" data-end=\"396\">\n<p data-start=\"282\" data-end=\"396\">Dizajn i punuar me kujdes, ku secila lule ka nuanca t\u00eb ndryshme jeshile p\u00ebr nj\u00eb efekt t\u00eb gjall\u00eb dhe dimensional.<\/p>\n<\/li>\n<li data-start=\"397\" data-end=\"524\">\n<p data-start=\"399\" data-end=\"524\">Material i q\u00ebndruesh\u00ebm: <strong>stainless steel<\/strong> <strong data-start=\"423\" data-end=\"441\">316<\/strong> me veshje <strong data-start=\"452\" data-end=\"468\">PVD Gold 18K<\/strong>, q\u00eb garanton shk\u00eblqim dhe rezistenc\u00eb ndaj p\u00ebrdorimit.<\/p>\n<\/li>\n<li data-start=\"525\" data-end=\"632\">\n<p data-start=\"527\" data-end=\"632\">Ideale p\u00ebr \u00e7do dit\u00eb dhe raste speciale, p\u00ebr t\u00eb shtuar nj\u00eb prekje natyrale dhe t\u00eb gjall\u00eb n\u00eb stilin tuaj.<\/p>\n<\/li>\n<li data-start=\"633\" data-end=\"717\">\n<p data-start=\"635\" data-end=\"717\">Leht\u00ebsisht e kombinuar me aksesor\u00eb t\u00eb tjer\u00eb, p\u00ebr nj\u00eb pamje harmonike dhe elegante.<\/p>\n<\/li>\n<\/ul>\n","protected":false},"featured_media":1192,"comment_status":"open","ping_status":"closed","template":"","meta":{"neve_meta_sidebar":"","neve_meta_container":"","neve_meta_enable_content_width":"off","neve_meta_content_width":100,"neve_meta_title_alignment":"","neve_meta_author_avatar":"","neve_post_elements_order":"","neve_meta_disable_header":"","neve_meta_disable_footer":"","neve_meta_disable_title":"","_themeisle_gutenberg_block_has_review":false},"product_brand":[],"product_cat":[23],"product_tag":[],"class_list":{"0":"post-1191","1":"product","2":"type-product","3":"status-publish","4":"has-post-thumbnail","6":"product_cat-varse","8":"first","9":"instock","10":"shipping-taxable","11":"purchasable","12":"product-type-simple"},"_links":{"self":[{"href":"https:\/\/class-jewelry.com\/index.php\/wp-json\/wp\/v2\/product\/1191","targetHints":{"allow":["GET"]}}],"collection":[{"href":"https:\/\/class-jewelry.com\/index.php\/wp-json\/wp\/v2\/product"}],"about":[{"href":"https:\/\/class-jewelry.com\/index.php\/wp-json\/wp\/v2\/types\/product"}],"replies":[{"embeddable":true,"href":"https:\/\/class-jewelry.com\/index.php\/wp-json\/wp\/v2\/comments?post=1191"}],"wp:featuredmedia":[{"embeddable":true,"href":"https:\/\/class-jewelry.com\/index.php\/wp-json\/wp\/v2\/media\/1192"}],"wp:attachment":[{"href":"https:\/\/class-jewelry.com\/index.php\/wp-json\/wp\/v2\/media?parent=1191"}],"wp:term":[{"taxonomy":"product_brand","embeddable":true,"href":"https:\/\/class-jewelry.com\/index.php\/wp-json\/wp\/v2\/product_brand?post=1191"},{"taxonomy":"product_cat","embeddable":true,"href":"https:\/\/class-jewelry.com\/index.php\/wp-json\/wp\/v2\/product_cat?post=1191"},{"taxonomy":"product_tag","embeddable":true,"href":"https:\/\/class-jewelry.com\/index.php\/wp-json\/wp\/v2\/product_tag?post=1191"}],"curies":[{"name":"wp","href":"https:\/\/api.w.org\/{rel}","templated":true}]}}