{"id":1193,"date":"2025-09-01T16:37:40","date_gmt":"2025-09-01T14:37:40","guid":{"rendered":"https:\/\/class-jewelry.com\/?post_type=product&#038;p=1193"},"modified":"2025-09-01T16:37:40","modified_gmt":"2025-09-01T14:37:40","slug":"varsjanigris","status":"publish","type":"product","link":"https:\/\/class-jewelry.com\/index.php\/product\/varsjanigris\/","title":{"rendered":"Varsja&#8221;Nigris&#8221;"},"content":{"rendered":"<p>Var\u00ebse elegante dhe e rafinuar q\u00eb p\u00ebrmban <strong data-start=\"249\" data-end=\"267\">5 lule t\u00eb zeza<\/strong>, duke i dh\u00ebn\u00eb nj\u00eb pamje misterioze dhe unike. E punuar nga <strong data-start=\"327\" data-end=\"345\">\u00e7elik inox 316<\/strong> me veshje <strong data-start=\"356\" data-end=\"372\">PVD Gold 18K<\/strong>, kjo var\u00ebse kombinon q\u00ebndrueshm\u00ebrin\u00eb me nj\u00eb stil modern dhe t\u00eb fuqish\u00ebm. Dizajni i saj i thjesht\u00eb dhe i rafinuar e b\u00ebn t\u00eb p\u00ebrshtatshme p\u00ebr \u00e7do rast, duke i shtuar \u00e7do pamjeje nj\u00eb prekje t\u00eb ve\u00e7ant\u00eb dhe t\u00eb thell\u00eb.<\/p>\n","protected":false},"excerpt":{"rendered":"<ul>\n<li data-start=\"159\" data-end=\"275\">\n<p data-start=\"161\" data-end=\"275\">Var\u00ebse elegante dhe unike me <strong data-start=\"190\" data-end=\"208\">5 lule t\u00eb zeza<\/strong>, q\u00eb sjellin nj\u00eb ndjesi misterioze dhe t\u00eb fuqishme n\u00eb \u00e7do veshje.<\/p>\n<\/li>\n<li data-start=\"276\" data-end=\"369\">\n<p data-start=\"278\" data-end=\"369\">E punuar nga\u00a0 <strong>stainless steel\u00a0316<\/strong>, q\u00eb garanton q\u00ebndrueshm\u00ebri dhe rezistenc\u00eb ndaj ndryshkut.<\/p>\n<\/li>\n<li data-start=\"370\" data-end=\"451\">\n<p data-start=\"372\" data-end=\"451\">E veshur me <strong data-start=\"384\" data-end=\"400\">PVD Gold 18K<\/strong>, p\u00ebr nj\u00eb shk\u00eblqim t\u00eb rafinuar dhe pamje luksoze.<\/p>\n<\/li>\n<li data-start=\"452\" data-end=\"556\">\n<p data-start=\"454\" data-end=\"556\">Dizajn i rafinuar dhe delikat, ideal p\u00ebr t\u00eb shtuar nj\u00eb prekje dramatike dhe elegante n\u00eb pamjen tuaj.<\/p>\n<\/li>\n<li data-start=\"557\" data-end=\"672\">\n<p data-start=\"559\" data-end=\"672\">E p\u00ebrshtatshme p\u00ebr \u00e7do rast, nga m\u00eb formalet deri te ato m\u00eb casual, duke i dh\u00ebn\u00eb stil dhe karakter \u00e7do kombinimi.<\/p>\n<\/li>\n<\/ul>\n","protected":false},"featured_media":1194,"comment_status":"open","ping_status":"closed","template":"","meta":{"neve_meta_sidebar":"","neve_meta_container":"","neve_meta_enable_content_width":"off","neve_meta_content_width":100,"neve_meta_title_alignment":"","neve_meta_author_avatar":"","neve_post_elements_order":"","neve_meta_disable_header":"","neve_meta_disable_footer":"","neve_meta_disable_title":"","_themeisle_gutenberg_block_has_review":false},"product_brand":[],"product_cat":[23],"product_tag":[],"class_list":{"0":"post-1193","1":"product","2":"type-product","3":"status-publish","4":"has-post-thumbnail","6":"product_cat-varse","8":"first","9":"instock","10":"shipping-taxable","11":"purchasable","12":"product-type-simple"},"_links":{"self":[{"href":"https:\/\/class-jewelry.com\/index.php\/wp-json\/wp\/v2\/product\/1193","targetHints":{"allow":["GET"]}}],"collection":[{"href":"https:\/\/class-jewelry.com\/index.php\/wp-json\/wp\/v2\/product"}],"about":[{"href":"https:\/\/class-jewelry.com\/index.php\/wp-json\/wp\/v2\/types\/product"}],"replies":[{"embeddable":true,"href":"https:\/\/class-jewelry.com\/index.php\/wp-json\/wp\/v2\/comments?post=1193"}],"wp:featuredmedia":[{"embeddable":true,"href":"https:\/\/class-jewelry.com\/index.php\/wp-json\/wp\/v2\/media\/1194"}],"wp:attachment":[{"href":"https:\/\/class-jewelry.com\/index.php\/wp-json\/wp\/v2\/media?parent=1193"}],"wp:term":[{"taxonomy":"product_brand","embeddable":true,"href":"https:\/\/class-jewelry.com\/index.php\/wp-json\/wp\/v2\/product_brand?post=1193"},{"taxonomy":"product_cat","embeddable":true,"href":"https:\/\/class-jewelry.com\/index.php\/wp-json\/wp\/v2\/product_cat?post=1193"},{"taxonomy":"product_tag","embeddable":true,"href":"https:\/\/class-jewelry.com\/index.php\/wp-json\/wp\/v2\/product_tag?post=1193"}],"curies":[{"name":"wp","href":"https:\/\/api.w.org\/{rel}","templated":true}]}}