{"id":1195,"date":"2025-09-01T16:53:44","date_gmt":"2025-09-01T14:53:44","guid":{"rendered":"https:\/\/class-jewelry.com\/?post_type=product&#038;p=1195"},"modified":"2025-09-01T16:53:44","modified_gmt":"2025-09-01T14:53:44","slug":"varsebianca","status":"publish","type":"product","link":"https:\/\/class-jewelry.com\/index.php\/product\/varsebianca\/","title":{"rendered":"Varse&#8221;Bianca&#8221;"},"content":{"rendered":"<p>Var\u00ebse e rafinuar dhe e thjesht\u00eb q\u00eb p\u00ebrmban <strong data-start=\"237\" data-end=\"257\">5 lule t\u00eb bardha<\/strong>, duke sjell\u00eb nj\u00eb ndjesi past\u00ebrtie dhe freskie. E punuar nga <strong data-start=\"318\" data-end=\"336\">\u00e7elik inox 316<\/strong> me veshje <strong data-start=\"347\" data-end=\"363\">PVD Gold 18K<\/strong>, kjo var\u00ebse kombinon q\u00ebndrueshm\u00ebrin\u00eb me stilin modern dhe delikat. Dizajni i saj harmonik e b\u00ebn t\u00eb p\u00ebrshtatshme p\u00ebr \u00e7do dit\u00eb apo raste speciale, duke i dh\u00ebn\u00eb \u00e7do pamjeje nj\u00eb prekje elegante dhe natyrale.<\/p>\n","protected":false},"excerpt":{"rendered":"<ul>\n<li data-start=\"165\" data-end=\"272\">\n<p data-start=\"167\" data-end=\"272\">Var\u00ebse delikate dhe elegante me <strong data-start=\"199\" data-end=\"219\">5 lule t\u00eb bardha<\/strong>, q\u00eb simbolizojn\u00eb past\u00ebrtin\u00eb dhe bukurin\u00eb natyrale.<\/p>\n<\/li>\n<li data-start=\"273\" data-end=\"366\">\n<p data-start=\"275\" data-end=\"366\">E punuar nga <strong data-start=\"288\" data-end=\"306\">stainless steel316<\/strong>, q\u00eb garanton q\u00ebndrueshm\u00ebri dhe rezistenc\u00eb ndaj ndryshkut.<\/p>\n<\/li>\n<li data-start=\"367\" data-end=\"448\">\n<p data-start=\"369\" data-end=\"448\">E veshur me <strong data-start=\"381\" data-end=\"397\">PVD Gold 18K<\/strong>, p\u00ebr nj\u00eb shk\u00eblqim t\u00eb rafinuar dhe pamje luksoze.<\/p>\n<\/li>\n<li data-start=\"449\" data-end=\"552\">\n<p data-start=\"451\" data-end=\"552\">Dizajn i but\u00eb dhe i rafinuar, ideal p\u00ebr t\u00eb shtuar nj\u00eb prekje t\u00eb fresk\u00ebt dhe elegante n\u00eb \u00e7do veshje.<\/p>\n<\/li>\n<li data-start=\"553\" data-end=\"677\">\n<p data-start=\"555\" data-end=\"677\">E p\u00ebrshtatshme p\u00ebr \u00e7do rast, nga ngjarjet formale deri te ato t\u00eb p\u00ebrditshme, duke dh\u00ebn\u00eb nj\u00eb ndjesi harmonike dhe delikate.<\/p>\n<\/li>\n<\/ul>\n","protected":false},"featured_media":1196,"comment_status":"open","ping_status":"closed","template":"","meta":{"neve_meta_sidebar":"","neve_meta_container":"","neve_meta_enable_content_width":"off","neve_meta_content_width":100,"neve_meta_title_alignment":"","neve_meta_author_avatar":"","neve_post_elements_order":"","neve_meta_disable_header":"","neve_meta_disable_footer":"","neve_meta_disable_title":"","_themeisle_gutenberg_block_has_review":false},"product_brand":[],"product_cat":[23],"product_tag":[],"class_list":{"0":"post-1195","1":"product","2":"type-product","3":"status-publish","4":"has-post-thumbnail","6":"product_cat-varse","8":"first","9":"instock","10":"shipping-taxable","11":"purchasable","12":"product-type-simple"},"_links":{"self":[{"href":"https:\/\/class-jewelry.com\/index.php\/wp-json\/wp\/v2\/product\/1195","targetHints":{"allow":["GET"]}}],"collection":[{"href":"https:\/\/class-jewelry.com\/index.php\/wp-json\/wp\/v2\/product"}],"about":[{"href":"https:\/\/class-jewelry.com\/index.php\/wp-json\/wp\/v2\/types\/product"}],"replies":[{"embeddable":true,"href":"https:\/\/class-jewelry.com\/index.php\/wp-json\/wp\/v2\/comments?post=1195"}],"wp:featuredmedia":[{"embeddable":true,"href":"https:\/\/class-jewelry.com\/index.php\/wp-json\/wp\/v2\/media\/1196"}],"wp:attachment":[{"href":"https:\/\/class-jewelry.com\/index.php\/wp-json\/wp\/v2\/media?parent=1195"}],"wp:term":[{"taxonomy":"product_brand","embeddable":true,"href":"https:\/\/class-jewelry.com\/index.php\/wp-json\/wp\/v2\/product_brand?post=1195"},{"taxonomy":"product_cat","embeddable":true,"href":"https:\/\/class-jewelry.com\/index.php\/wp-json\/wp\/v2\/product_cat?post=1195"},{"taxonomy":"product_tag","embeddable":true,"href":"https:\/\/class-jewelry.com\/index.php\/wp-json\/wp\/v2\/product_tag?post=1195"}],"curies":[{"name":"wp","href":"https:\/\/api.w.org\/{rel}","templated":true}]}}