{"id":1198,"date":"2025-09-01T16:59:14","date_gmt":"2025-09-01T14:59:14","guid":{"rendered":"https:\/\/class-jewelry.com\/?post_type=product&#038;p=1198"},"modified":"2025-09-01T16:59:14","modified_gmt":"2025-09-01T14:59:14","slug":"byzylykelea","status":"publish","type":"product","link":"https:\/\/class-jewelry.com\/index.php\/product\/byzylykelea\/","title":{"rendered":"Byzylyk&#8221;El\u00e9a&#8221;"},"content":{"rendered":"<p data-start=\"204\" data-end=\"571\">Byzylyk i thjesht\u00eb dhe i rafinuar me nj\u00eb <strong data-start=\"245\" data-end=\"270\">lule t\u00eb vetme Vanceef<\/strong> n\u00eb ngjyr\u00eb gold, q\u00eb sjell nj\u00eb ndjesi fem\u00ebrore, t\u00eb past\u00ebr dhe t\u00eb p\u00ebrjetshme. I punuar nga <strong data-start=\"359\" data-end=\"377\">\u00e7elik inox 316<\/strong> dhe i veshur me <strong data-start=\"394\" data-end=\"410\">PVD Gold 18K<\/strong>, ky byzylyk p\u00ebrfaq\u00ebson eleganc\u00ebn e heshtur. Dizajni i tij i holl\u00eb dhe i balancuar e b\u00ebn t\u00eb p\u00ebrshtatsh\u00ebm p\u00ebr \u00e7do dit\u00eb, solo ose i kombinuar me aksesor\u00eb t\u00eb tjer\u00eb.<\/p>\n","protected":false},"excerpt":{"rendered":"<ul data-start=\"154\" data-end=\"675\">\n<li data-start=\"154\" data-end=\"239\">\n<p data-start=\"156\" data-end=\"239\">Byzylyk delikat dhe elegant, me <strong data-start=\"188\" data-end=\"217\">nj\u00eb lule t\u00eb vetme<\/strong> si element kryesor.<\/p>\n<\/li>\n<li data-start=\"240\" data-end=\"377\">\n<p data-start=\"242\" data-end=\"377\">I punuar nga stainless steel <strong data-start=\"255\" data-end=\"273\">316<\/strong> dhe i veshur me <strong data-start=\"290\" data-end=\"306\">PVD Gold 18K<\/strong>, q\u00eb garanton shk\u00eblqim t\u00eb q\u00ebndruesh\u00ebm dhe rezistenc\u00eb ndaj konsumimit.<\/p>\n<\/li>\n<li data-start=\"378\" data-end=\"474\">\n<p data-start=\"380\" data-end=\"474\">Dizajni minimalist dhe modern, i p\u00ebrshtatsh\u00ebm p\u00ebr p\u00ebrdorim t\u00eb p\u00ebrditsh\u00ebm apo raste speciale.<\/p>\n<\/li>\n<li data-start=\"475\" data-end=\"534\">\n<p data-start=\"477\" data-end=\"534\">Nj\u00eb aksesor q\u00eb t\u00eb shton eleganc\u00eb dhe stil pa e tepruar.<\/p>\n<\/li>\n<li data-start=\"535\" data-end=\"675\">\n<p data-start=\"537\" data-end=\"675\">Lulja Vanceef simbolizon bukurin\u00eb dhe delikates\u00ebn, duke e b\u00ebr\u00eb k\u00ebt\u00eb byzylyk nj\u00eb dhurat\u00eb perfekte ose nj\u00eb shtes\u00eb unike n\u00eb koleksionin tuaj.<\/p>\n<\/li>\n<\/ul>\n","protected":false},"featured_media":1197,"comment_status":"open","ping_status":"closed","template":"","meta":{"neve_meta_sidebar":"","neve_meta_container":"","neve_meta_enable_content_width":"off","neve_meta_content_width":100,"neve_meta_title_alignment":"","neve_meta_author_avatar":"","neve_post_elements_order":"","neve_meta_disable_header":"","neve_meta_disable_footer":"","neve_meta_disable_title":"","_themeisle_gutenberg_block_has_review":false},"product_brand":[],"product_cat":[26],"product_tag":[],"class_list":{"0":"post-1198","1":"product","2":"type-product","3":"status-publish","4":"has-post-thumbnail","6":"product_cat-byrzylyk","8":"first","9":"instock","10":"shipping-taxable","11":"purchasable","12":"product-type-simple"},"_links":{"self":[{"href":"https:\/\/class-jewelry.com\/index.php\/wp-json\/wp\/v2\/product\/1198","targetHints":{"allow":["GET"]}}],"collection":[{"href":"https:\/\/class-jewelry.com\/index.php\/wp-json\/wp\/v2\/product"}],"about":[{"href":"https:\/\/class-jewelry.com\/index.php\/wp-json\/wp\/v2\/types\/product"}],"replies":[{"embeddable":true,"href":"https:\/\/class-jewelry.com\/index.php\/wp-json\/wp\/v2\/comments?post=1198"}],"wp:featuredmedia":[{"embeddable":true,"href":"https:\/\/class-jewelry.com\/index.php\/wp-json\/wp\/v2\/media\/1197"}],"wp:attachment":[{"href":"https:\/\/class-jewelry.com\/index.php\/wp-json\/wp\/v2\/media?parent=1198"}],"wp:term":[{"taxonomy":"product_brand","embeddable":true,"href":"https:\/\/class-jewelry.com\/index.php\/wp-json\/wp\/v2\/product_brand?post=1198"},{"taxonomy":"product_cat","embeddable":true,"href":"https:\/\/class-jewelry.com\/index.php\/wp-json\/wp\/v2\/product_cat?post=1198"},{"taxonomy":"product_tag","embeddable":true,"href":"https:\/\/class-jewelry.com\/index.php\/wp-json\/wp\/v2\/product_tag?post=1198"}],"curies":[{"name":"wp","href":"https:\/\/api.w.org\/{rel}","templated":true}]}}