{"id":1200,"date":"2025-09-01T17:03:25","date_gmt":"2025-09-01T15:03:25","guid":{"rendered":"https:\/\/class-jewelry.com\/?post_type=product&#038;p=1200"},"modified":"2025-09-01T17:03:25","modified_gmt":"2025-09-01T15:03:25","slug":"vethe","status":"publish","type":"product","link":"https:\/\/class-jewelry.com\/index.php\/product\/vethe\/","title":{"rendered":"V\u00ebth\u00eb"},"content":{"rendered":"<p data-start=\"890\" data-end=\"1222\">V\u00ebth\u00eb t\u00eb bukur dhe t\u00eb hijsh\u00ebm me <strong data-start=\"923\" data-end=\"947\">lule t\u00eb zez\u00eb <\/strong>, t\u00eb vendosur mbi baz\u00eb <strong data-start=\"970\" data-end=\"978\">gold<\/strong>, p\u00ebr nj\u00eb kombinim t\u00eb fort\u00eb mes eleganc\u00ebs dhe individualitetit.<br data-start=\"1041\" data-end=\"1044\" \/>Material cil\u00ebsor: <strong data-start=\"1062\" data-end=\"1080\">\u00e7elik inox 316<\/strong> me <strong data-start=\"1084\" data-end=\"1107\">veshje PVD Gold 18K<\/strong>.<br data-start=\"1108\" data-end=\"1111\" \/>Dizajni i tyre i thjesht\u00eb, por me efekt t\u00eb fort\u00eb vizual, i b\u00ebn perfekt\u00eb p\u00ebr \u00e7do stil \u2013 klasik, modern apo edgy.<\/p>\n","protected":false},"excerpt":{"rendered":"<ul>\n<li data-start=\"216\" data-end=\"369\">\n<p data-start=\"218\" data-end=\"369\">V\u00ebth\u00eb elegant\u00eb me dizajnin ikon\u00eb t\u00eb <strong data-start=\"254\" data-end=\"271\">lules <\/strong>, t\u00eb punuar me kujdes n\u00eb <strong data-start=\"296\" data-end=\"322\">nuanc\u00eb t\u00eb zez\u00eb klasike<\/strong>, p\u00ebr nj\u00eb pamje t\u00eb thell\u00eb dhe t\u00eb sofistikuar.<\/p>\n<\/li>\n<li data-start=\"370\" data-end=\"484\">\n<p data-start=\"372\" data-end=\"484\">E punuar nga <strong>stainless steel316<\/strong> dhe veshje <strong data-start=\"415\" data-end=\"431\">PVD Gold 18K<\/strong>, q\u00eb garanton rezistenc\u00eb, shk\u00eblqim dhe jet\u00ebgjat\u00ebsi.<\/p>\n<\/li>\n<li data-start=\"485\" data-end=\"606\">\n<p data-start=\"487\" data-end=\"606\">Kombinimi i <strong data-start=\"499\" data-end=\"518\">ngjyr\u00ebs s\u00eb zez\u00eb<\/strong> me <strong data-start=\"522\" data-end=\"540\">gold-in e but\u00eb<\/strong> krijon nj\u00eb kontrast t\u00eb mrekulluesh\u00ebm q\u00eb bie n\u00eb sy pa e tepruar.<\/p>\n<\/li>\n<li data-start=\"607\" data-end=\"725\">\n<p data-start=\"609\" data-end=\"725\">Ideal\u00eb p\u00ebr t\u2019u veshur n\u00eb p\u00ebrditshm\u00ebri apo n\u00eb mbr\u00ebmje, duke i dh\u00ebn\u00eb nj\u00eb prekje misterioze dhe t\u00eb fort\u00eb \u00e7do pamjeje.<\/p>\n<\/li>\n<li data-start=\"726\" data-end=\"833\">\n<p data-start=\"728\" data-end=\"833\">Minimalist\u00eb, por me personalitet \u2013 nj\u00eb zgjedhje p\u00ebr ata q\u00eb duan t\u00eb shprehin stilin n\u00eb m\u00ebnyr\u00eb t\u00eb rafinuar<\/p>\n<\/li>\n<\/ul>\n","protected":false},"featured_media":1199,"comment_status":"open","ping_status":"closed","template":"","meta":{"neve_meta_sidebar":"","neve_meta_container":"","neve_meta_enable_content_width":"off","neve_meta_content_width":100,"neve_meta_title_alignment":"","neve_meta_author_avatar":"","neve_post_elements_order":"","neve_meta_disable_header":"","neve_meta_disable_footer":"","neve_meta_disable_title":"","_themeisle_gutenberg_block_has_review":false},"product_brand":[],"product_cat":[25],"product_tag":[],"class_list":{"0":"post-1200","1":"product","2":"type-product","3":"status-publish","4":"has-post-thumbnail","6":"product_cat-vethe","8":"first","9":"instock","10":"shipping-taxable","11":"purchasable","12":"product-type-simple"},"_links":{"self":[{"href":"https:\/\/class-jewelry.com\/index.php\/wp-json\/wp\/v2\/product\/1200","targetHints":{"allow":["GET"]}}],"collection":[{"href":"https:\/\/class-jewelry.com\/index.php\/wp-json\/wp\/v2\/product"}],"about":[{"href":"https:\/\/class-jewelry.com\/index.php\/wp-json\/wp\/v2\/types\/product"}],"replies":[{"embeddable":true,"href":"https:\/\/class-jewelry.com\/index.php\/wp-json\/wp\/v2\/comments?post=1200"}],"wp:featuredmedia":[{"embeddable":true,"href":"https:\/\/class-jewelry.com\/index.php\/wp-json\/wp\/v2\/media\/1199"}],"wp:attachment":[{"href":"https:\/\/class-jewelry.com\/index.php\/wp-json\/wp\/v2\/media?parent=1200"}],"wp:term":[{"taxonomy":"product_brand","embeddable":true,"href":"https:\/\/class-jewelry.com\/index.php\/wp-json\/wp\/v2\/product_brand?post=1200"},{"taxonomy":"product_cat","embeddable":true,"href":"https:\/\/class-jewelry.com\/index.php\/wp-json\/wp\/v2\/product_cat?post=1200"},{"taxonomy":"product_tag","embeddable":true,"href":"https:\/\/class-jewelry.com\/index.php\/wp-json\/wp\/v2\/product_tag?post=1200"}],"curies":[{"name":"wp","href":"https:\/\/api.w.org\/{rel}","templated":true}]}}