{"id":1204,"date":"2025-09-01T17:16:28","date_gmt":"2025-09-01T15:16:28","guid":{"rendered":"https:\/\/class-jewelry.com\/?post_type=product&#038;p=1204"},"modified":"2025-09-01T17:16:28","modified_gmt":"2025-09-01T15:16:28","slug":"seti-jeshil","status":"publish","type":"product","link":"https:\/\/class-jewelry.com\/index.php\/product\/seti-jeshil\/","title":{"rendered":"Seti &#8220;Jeshil&#8221;"},"content":{"rendered":"<p>Set i p\u00ebrb\u00ebr\u00eb nga <strong data-start=\"1032\" data-end=\"1069\">byzylyk dhe unaz\u00eb me lule jeshile<\/strong>. Material cil\u00ebsor (<strong data-start=\"1107\" data-end=\"1125\">\u00e7elik inox 316<\/strong> + <strong data-start=\"1128\" data-end=\"1144\">PVD Gold 18K<\/strong>) dhe dizajn i past\u00ebr q\u00eb bashkon thjesht\u00ebsin\u00eb me eleganc\u00ebn. Nj\u00eb kombinim i leht\u00eb p\u00ebr t\u2019u veshur \u00e7do dit\u00eb, q\u00eb sjell freski, fines\u00eb dhe balanc\u00eb n\u00eb \u00e7do pamje.<\/p>\n","protected":false},"excerpt":{"rendered":"<ul data-start=\"298\" data-end=\"957\">\n<li data-start=\"298\" data-end=\"533\">\n<p data-start=\"300\" data-end=\"533\">Nj\u00eb set delikat dhe i sofistikuar q\u00eb p\u00ebrfshin:<br data-start=\"346\" data-end=\"349\" \/>\ud83d\udc49 <strong data-start=\"354\" data-end=\"391\">Byzylyk me 1 lule jeshile <\/strong>, n\u00eb dizajn minimalist dhe t\u00eb rafinuar<br data-start=\"429\" data-end=\"432\" \/>\ud83d\udc49 <strong data-start=\"437\" data-end=\"459\">Unaz\u00eb e koordinuar<\/strong>, n\u00eb t\u00eb nj\u00ebjtin stil dhe ngjyr\u00eb, p\u00ebr nj\u00eb pamje t\u00eb plot\u00eb dhe t\u00eb harmonizuar<\/p>\n<\/li>\n<li data-start=\"535\" data-end=\"659\">\n<p data-start=\"537\" data-end=\"659\">E punuar me <strong data-start=\"549\" data-end=\"567\">stainless steel 316<\/strong> dhe e veshur me <strong data-start=\"584\" data-end=\"600\">PVD Gold 18K<\/strong>, q\u00eb ofron shk\u00eblqim afatgjat\u00eb dhe q\u00ebndrueshm\u00ebri t\u00eb lart\u00eb.<\/p>\n<\/li>\n<li data-start=\"660\" data-end=\"749\">\n<p data-start=\"662\" data-end=\"749\">Lulja jeshile sjell freski dhe delikates\u00eb, nd\u00ebrsa baza gold i jep nj\u00eb prekje luksoze.<\/p>\n<\/li>\n<li data-start=\"750\" data-end=\"851\">\n<p data-start=\"752\" data-end=\"851\">Dizajni i thjesht\u00eb por me karakter, i p\u00ebrshtatsh\u00ebm p\u00ebr p\u00ebrdorim t\u00eb p\u00ebrditsh\u00ebm ose raste speciale.<\/p>\n<\/li>\n<li data-start=\"852\" data-end=\"957\">\n<p data-start=\"854\" data-end=\"957\">Ideale si dhurat\u00eb ose si set p\u00ebr ata q\u00eb duan t\u00eb kombinojn\u00eb bizhuteri t\u00eb thjeshta me stil t\u00eb dalluesh\u00ebm.<\/p>\n<\/li>\n<\/ul>\n","protected":false},"featured_media":1208,"comment_status":"open","ping_status":"closed","template":"","meta":{"neve_meta_sidebar":"","neve_meta_container":"","neve_meta_enable_content_width":"off","neve_meta_content_width":100,"neve_meta_title_alignment":"","neve_meta_author_avatar":"","neve_post_elements_order":"","neve_meta_disable_header":"","neve_meta_disable_footer":"","neve_meta_disable_title":"","_themeisle_gutenberg_block_has_review":false},"product_brand":[],"product_cat":[27],"product_tag":[],"class_list":{"0":"post-1204","1":"product","2":"type-product","3":"status-publish","4":"has-post-thumbnail","6":"product_cat-sete","8":"first","9":"instock","10":"shipping-taxable","11":"purchasable","12":"product-type-simple"},"_links":{"self":[{"href":"https:\/\/class-jewelry.com\/index.php\/wp-json\/wp\/v2\/product\/1204","targetHints":{"allow":["GET"]}}],"collection":[{"href":"https:\/\/class-jewelry.com\/index.php\/wp-json\/wp\/v2\/product"}],"about":[{"href":"https:\/\/class-jewelry.com\/index.php\/wp-json\/wp\/v2\/types\/product"}],"replies":[{"embeddable":true,"href":"https:\/\/class-jewelry.com\/index.php\/wp-json\/wp\/v2\/comments?post=1204"}],"wp:featuredmedia":[{"embeddable":true,"href":"https:\/\/class-jewelry.com\/index.php\/wp-json\/wp\/v2\/media\/1208"}],"wp:attachment":[{"href":"https:\/\/class-jewelry.com\/index.php\/wp-json\/wp\/v2\/media?parent=1204"}],"wp:term":[{"taxonomy":"product_brand","embeddable":true,"href":"https:\/\/class-jewelry.com\/index.php\/wp-json\/wp\/v2\/product_brand?post=1204"},{"taxonomy":"product_cat","embeddable":true,"href":"https:\/\/class-jewelry.com\/index.php\/wp-json\/wp\/v2\/product_cat?post=1204"},{"taxonomy":"product_tag","embeddable":true,"href":"https:\/\/class-jewelry.com\/index.php\/wp-json\/wp\/v2\/product_tag?post=1204"}],"curies":[{"name":"wp","href":"https:\/\/api.w.org\/{rel}","templated":true}]}}