{"id":1210,"date":"2025-09-01T17:20:59","date_gmt":"2025-09-01T15:20:59","guid":{"rendered":"https:\/\/class-jewelry.com\/?post_type=product&#038;p=1210"},"modified":"2025-09-01T17:21:23","modified_gmt":"2025-09-01T15:21:23","slug":"noira-set","status":"publish","type":"product","link":"https:\/\/class-jewelry.com\/index.php\/product\/noira-set\/","title":{"rendered":"Noira Set"},"content":{"rendered":"<p data-start=\"180\" data-end=\"502\">Ky set unik p\u00ebrfshin nj\u00eb <strong data-start=\"205\" data-end=\"216\">byzylyk<\/strong> dhe nj\u00eb <strong data-start=\"225\" data-end=\"234\">unaz\u00eb<\/strong> me dizajn minimalist dhe t\u00eb fuqish\u00ebm, ku elementi kryesor \u00ebsht\u00eb <strong data-start=\"299\" data-end=\"326\">nj\u00eb lule\u00a0 e zez\u00eb<\/strong>. E punuar me kujdes nga <strong data-start=\"351\" data-end=\"369\">\u00e7elik inox 316<\/strong> dhe e veshur me <strong data-start=\"386\" data-end=\"402\">PVD Gold 18K<\/strong>, kjo koleksion sjell nj\u00eb kombinim perfekt mes shk\u00eblqimit t\u00eb art\u00eb dhe thell\u00ebsis\u00eb s\u00eb ngjyr\u00ebs s\u00eb zez\u00eb.<\/p>\n<p data-start=\"504\" data-end=\"743\">Dizajni i thjesht\u00eb, por me karakter t\u00eb fort\u00eb, e b\u00ebn k\u00ebt\u00eb set t\u00eb p\u00ebrshtatsh\u00ebm p\u00ebr \u00e7do stil dhe rast, nga m\u00eb formalet deri te ato m\u00eb casual. Lulja e zez\u00eb simbolizon misterin dhe fuqin\u00eb, duke i dh\u00ebn\u00eb \u00e7do pamjeje nj\u00eb prekje unike dhe elegante.<\/p>\n<p data-start=\"745\" data-end=\"923\">Ky set \u00ebsht\u00eb zgjedhja ideale p\u00ebr ata q\u00eb k\u00ebrkojn\u00eb aksesor\u00eb t\u00eb rafinuar, me stil dhe personalitet, t\u00eb cil\u00ebt dallohen p\u00ebr eleganc\u00ebn e tyre t\u00eb heshtur dhe bukurin\u00eb e tyre t\u00eb ve\u00e7ant\u00eb.<\/p>\n","protected":false},"excerpt":{"rendered":"<ul>\n<li data-start=\"179\" data-end=\"246\">\n<p data-start=\"181\" data-end=\"246\">Set p\u00ebrb\u00ebhet nga byzylyk dhe unaz\u00eb me nj\u00eb lule t\u00eb zez\u00eb .<\/p>\n<\/li>\n<li data-start=\"247\" data-end=\"338\">\n<p data-start=\"249\" data-end=\"338\">Material: stainless steel <strong data-start=\"259\" data-end=\"277\">316<\/strong> me veshje <strong data-start=\"288\" data-end=\"304\">PVD Gold 18K<\/strong>\u00a0p\u00ebr shk\u00eblqim dhe q\u00ebndrueshm\u00ebri.<\/p>\n<\/li>\n<li data-start=\"247\" data-end=\"338\">Antialergjik, rezistente ndaj ujit.<\/li>\n<li data-start=\"339\" data-end=\"410\">\n<p data-start=\"341\" data-end=\"410\">Dizajn minimalist dhe modern, me prekje t\u00eb fuqishme dhe misterioze.<\/p>\n<\/li>\n<li data-start=\"411\" data-end=\"478\">\n<p data-start=\"413\" data-end=\"478\">Lulja e zez\u00eb simbolizon stilin e fort\u00eb dhe personalitetin unik.<\/p>\n<\/li>\n<li data-start=\"479\" data-end=\"563\">\n<p data-start=\"481\" data-end=\"563\">I p\u00ebrshtatsh\u00ebm p\u00ebr \u00e7do rast, nga eventet formale deri te p\u00ebrdorimi i p\u00ebrditsh\u00ebm.<\/p>\n<\/li>\n<li data-start=\"564\" data-end=\"637\">\n<p data-start=\"566\" data-end=\"637\">Nj\u00eb zgjedhje perfekte p\u00ebr ata q\u00eb duan aksesor\u00eb elegant\u00eb dhe t\u00eb ve\u00e7ant\u00eb.<\/p>\n<\/li>\n<\/ul>\n","protected":false},"featured_media":1205,"comment_status":"open","ping_status":"closed","template":"","meta":{"neve_meta_sidebar":"","neve_meta_container":"","neve_meta_enable_content_width":"off","neve_meta_content_width":100,"neve_meta_title_alignment":"","neve_meta_author_avatar":"","neve_post_elements_order":"","neve_meta_disable_header":"","neve_meta_disable_footer":"","neve_meta_disable_title":"","_themeisle_gutenberg_block_has_review":false},"product_brand":[],"product_cat":[27],"product_tag":[],"class_list":{"0":"post-1210","1":"product","2":"type-product","3":"status-publish","4":"has-post-thumbnail","6":"product_cat-sete","8":"first","9":"instock","10":"shipping-taxable","11":"purchasable","12":"product-type-simple"},"_links":{"self":[{"href":"https:\/\/class-jewelry.com\/index.php\/wp-json\/wp\/v2\/product\/1210","targetHints":{"allow":["GET"]}}],"collection":[{"href":"https:\/\/class-jewelry.com\/index.php\/wp-json\/wp\/v2\/product"}],"about":[{"href":"https:\/\/class-jewelry.com\/index.php\/wp-json\/wp\/v2\/types\/product"}],"replies":[{"embeddable":true,"href":"https:\/\/class-jewelry.com\/index.php\/wp-json\/wp\/v2\/comments?post=1210"}],"wp:featuredmedia":[{"embeddable":true,"href":"https:\/\/class-jewelry.com\/index.php\/wp-json\/wp\/v2\/media\/1205"}],"wp:attachment":[{"href":"https:\/\/class-jewelry.com\/index.php\/wp-json\/wp\/v2\/media?parent=1210"}],"wp:term":[{"taxonomy":"product_brand","embeddable":true,"href":"https:\/\/class-jewelry.com\/index.php\/wp-json\/wp\/v2\/product_brand?post=1210"},{"taxonomy":"product_cat","embeddable":true,"href":"https:\/\/class-jewelry.com\/index.php\/wp-json\/wp\/v2\/product_cat?post=1210"},{"taxonomy":"product_tag","embeddable":true,"href":"https:\/\/class-jewelry.com\/index.php\/wp-json\/wp\/v2\/product_tag?post=1210"}],"curies":[{"name":"wp","href":"https:\/\/api.w.org\/{rel}","templated":true}]}}