{"id":1211,"date":"2025-09-01T17:24:36","date_gmt":"2025-09-01T15:24:36","guid":{"rendered":"https:\/\/class-jewelry.com\/?post_type=product&#038;p=1211"},"modified":"2025-09-01T17:24:36","modified_gmt":"2025-09-01T15:24:36","slug":"seti-gold","status":"publish","type":"product","link":"https:\/\/class-jewelry.com\/index.php\/product\/seti-gold\/","title":{"rendered":"Seti GOLD"},"content":{"rendered":"<p data-start=\"210\" data-end=\"547\">Ky set p\u00ebrb\u00ebhet nga nj\u00eb unaz\u00eb dhe nj\u00eb byzylyk t\u00eb dizajnuar n\u00eb harmoni perfekte, ku secili aksesor \u00ebsht\u00eb zbukuruar me nj\u00eb lule Unaye q\u00eb simbolizon energjin\u00eb pozitive dhe balanc\u00ebn. I punuar me kujdes nga <strong data-start=\"412\" data-end=\"430\">\u00e7elik inox 316<\/strong> dhe i veshur me <strong data-start=\"447\" data-end=\"463\">PVD Gold 18K<\/strong>, seti garanton cil\u00ebsi t\u00eb lart\u00eb, shk\u00eblqim t\u00eb ngroht\u00eb dhe rezistenc\u00eb ndaj konsumimit.<\/p>\n<p data-start=\"549\" data-end=\"834\">Dizajni i tij minimal dhe elegant i jep mund\u00ebsi t\u00eb kombinohet leht\u00ebsisht me \u00e7do stil, duke qen\u00eb ideal p\u00ebr p\u00ebrdorim t\u00eb p\u00ebrditsh\u00ebm apo raste t\u00eb ve\u00e7anta. Ky set \u00ebsht\u00eb zgjedhja perfekte p\u00ebr ata q\u00eb k\u00ebrkojn\u00eb aksesor\u00eb me karakter, t\u00eb thjesht\u00eb por me nj\u00eb mesazh t\u00eb thell\u00eb dhe energji pozitive.<\/p>\n","protected":false},"excerpt":{"rendered":"<ul data-start=\"221\" data-end=\"853\">\n<li data-start=\"221\" data-end=\"313\">\n<p data-start=\"223\" data-end=\"313\"><strong data-start=\"223\" data-end=\"237\">Materiali:<\/strong> Stainless Steel 316 \u2013 cil\u00ebsi e lart\u00eb, rezistente dhe pa shkaktuar alergji<\/p>\n<\/li>\n<li data-start=\"314\" data-end=\"381\">\n<p data-start=\"316\" data-end=\"381\"><strong data-start=\"316\" data-end=\"327\">Veshja:<\/strong> PVD Gold 18K \u2013 me shk\u00eblqim t\u00eb ngroht\u00eb dhe jet\u00ebgjat\u00eb<\/p>\n<\/li>\n<li data-start=\"382\" data-end=\"447\">\n<p data-start=\"384\" data-end=\"447\"><strong data-start=\"384\" data-end=\"396\">Cil\u00ebsia:<\/strong> Antialergjik, nuk nxihet dhe rezistent ndaj ujit<\/p>\n<\/li>\n<li data-start=\"448\" data-end=\"565\">\n<p data-start=\"450\" data-end=\"565\"><strong data-start=\"450\" data-end=\"462\">Dizajni:<\/strong> I thjesht\u00eb dhe elegant, secili aksesor ka nj\u00eb lule Unaye \u2013 simbol i harmonis\u00eb dhe energjis\u00eb pozitive<\/p>\n<\/li>\n<li data-start=\"566\" data-end=\"644\">\n<p data-start=\"568\" data-end=\"644\"><strong data-start=\"568\" data-end=\"586\">Seti p\u00ebrfshin:<\/strong> Unaz\u00eb dhe byzylyk n\u00eb stil t\u00eb koordinuar dhe t\u00eb rafinuar<\/p>\n<\/li>\n<li data-start=\"645\" data-end=\"745\">\n<p data-start=\"647\" data-end=\"745\"><strong data-start=\"647\" data-end=\"657\">Stili:<\/strong> Minimalist dhe luksoz, i p\u00ebrshtatsh\u00ebm p\u00ebr p\u00ebrdorim t\u00eb p\u00ebrditsh\u00ebm dhe raste t\u00eb ve\u00e7anta<\/p>\n<\/li>\n<li data-start=\"746\" data-end=\"853\">\n<p data-start=\"748\" data-end=\"853\">\ud83c\udf1f Nj\u00eb set q\u00eb sjell freski dhe eleganc\u00eb n\u00eb \u00e7do pamje, duke mbajtur stilin klasik dhe modern nj\u00ebkoh\u00ebsisht.<\/p>\n<\/li>\n<\/ul>\n","protected":false},"featured_media":1207,"comment_status":"open","ping_status":"closed","template":"","meta":{"neve_meta_sidebar":"","neve_meta_container":"","neve_meta_enable_content_width":"off","neve_meta_content_width":100,"neve_meta_title_alignment":"","neve_meta_author_avatar":"","neve_post_elements_order":"","neve_meta_disable_header":"","neve_meta_disable_footer":"","neve_meta_disable_title":"","_themeisle_gutenberg_block_has_review":false},"product_brand":[],"product_cat":[27],"product_tag":[],"class_list":{"0":"post-1211","1":"product","2":"type-product","3":"status-publish","4":"has-post-thumbnail","6":"product_cat-sete","8":"first","9":"instock","10":"shipping-taxable","11":"purchasable","12":"product-type-simple"},"_links":{"self":[{"href":"https:\/\/class-jewelry.com\/index.php\/wp-json\/wp\/v2\/product\/1211","targetHints":{"allow":["GET"]}}],"collection":[{"href":"https:\/\/class-jewelry.com\/index.php\/wp-json\/wp\/v2\/product"}],"about":[{"href":"https:\/\/class-jewelry.com\/index.php\/wp-json\/wp\/v2\/types\/product"}],"replies":[{"embeddable":true,"href":"https:\/\/class-jewelry.com\/index.php\/wp-json\/wp\/v2\/comments?post=1211"}],"wp:featuredmedia":[{"embeddable":true,"href":"https:\/\/class-jewelry.com\/index.php\/wp-json\/wp\/v2\/media\/1207"}],"wp:attachment":[{"href":"https:\/\/class-jewelry.com\/index.php\/wp-json\/wp\/v2\/media?parent=1211"}],"wp:term":[{"taxonomy":"product_brand","embeddable":true,"href":"https:\/\/class-jewelry.com\/index.php\/wp-json\/wp\/v2\/product_brand?post=1211"},{"taxonomy":"product_cat","embeddable":true,"href":"https:\/\/class-jewelry.com\/index.php\/wp-json\/wp\/v2\/product_cat?post=1211"},{"taxonomy":"product_tag","embeddable":true,"href":"https:\/\/class-jewelry.com\/index.php\/wp-json\/wp\/v2\/product_tag?post=1211"}],"curies":[{"name":"wp","href":"https:\/\/api.w.org\/{rel}","templated":true}]}}