{"id":1225,"date":"2025-09-04T21:42:32","date_gmt":"2025-09-04T19:42:32","guid":{"rendered":"https:\/\/class-jewelry.com\/?post_type=product&#038;p=1225"},"modified":"2025-09-04T21:42:33","modified_gmt":"2025-09-04T19:42:33","slug":"byzylyk-statik-9","status":"publish","type":"product","link":"https:\/\/class-jewelry.com\/index.php\/product\/byzylyk-statik-9\/","title":{"rendered":"Byzylyk statik"},"content":{"rendered":"","protected":false},"excerpt":{"rendered":"<ul>\n<li>Byzylyk statik, i hapur, me dy guaska n\u00eb t\u00eb dyja an\u00ebt<\/li>\n<li>Material: Stainless Steel 316 + PVD Gold 18K, rezistent dhe nuk nxihet<\/li>\n<li>PVD Gold 18K: shtres\u00eb e holl\u00eb ari e aplikuar me teknologji moderne, q\u00eb i jep byzylykut shk\u00eblqim t\u00eb q\u00ebndruesh\u00ebm dhe mbrojtje nga g\u00ebrvishtjet<\/li>\n<li>Dizajn minimalist dhe modern<\/li>\n<li>I p\u00ebrshtatsh\u00ebm p\u00ebr p\u00ebrdorim t\u00eb p\u00ebrditsh\u00ebm ose raste speciale<\/li>\n<\/ul>\n","protected":false},"featured_media":1226,"comment_status":"open","ping_status":"closed","template":"","meta":{"neve_meta_sidebar":"","neve_meta_container":"","neve_meta_enable_content_width":"off","neve_meta_content_width":100,"neve_meta_title_alignment":"","neve_meta_author_avatar":"","neve_post_elements_order":"","neve_meta_disable_header":"","neve_meta_disable_footer":"","neve_meta_disable_title":"","_themeisle_gutenberg_block_has_review":false},"product_brand":[],"product_cat":[26],"product_tag":[],"class_list":{"0":"post-1225","1":"product","2":"type-product","3":"status-publish","4":"has-post-thumbnail","6":"product_cat-byrzylyk","8":"first","9":"instock","10":"shipping-taxable","11":"purchasable","12":"product-type-simple"},"_links":{"self":[{"href":"https:\/\/class-jewelry.com\/index.php\/wp-json\/wp\/v2\/product\/1225","targetHints":{"allow":["GET"]}}],"collection":[{"href":"https:\/\/class-jewelry.com\/index.php\/wp-json\/wp\/v2\/product"}],"about":[{"href":"https:\/\/class-jewelry.com\/index.php\/wp-json\/wp\/v2\/types\/product"}],"replies":[{"embeddable":true,"href":"https:\/\/class-jewelry.com\/index.php\/wp-json\/wp\/v2\/comments?post=1225"}],"wp:featuredmedia":[{"embeddable":true,"href":"https:\/\/class-jewelry.com\/index.php\/wp-json\/wp\/v2\/media\/1226"}],"wp:attachment":[{"href":"https:\/\/class-jewelry.com\/index.php\/wp-json\/wp\/v2\/media?parent=1225"}],"wp:term":[{"taxonomy":"product_brand","embeddable":true,"href":"https:\/\/class-jewelry.com\/index.php\/wp-json\/wp\/v2\/product_brand?post=1225"},{"taxonomy":"product_cat","embeddable":true,"href":"https:\/\/class-jewelry.com\/index.php\/wp-json\/wp\/v2\/product_cat?post=1225"},{"taxonomy":"product_tag","embeddable":true,"href":"https:\/\/class-jewelry.com\/index.php\/wp-json\/wp\/v2\/product_tag?post=1225"}],"curies":[{"name":"wp","href":"https:\/\/api.w.org\/{rel}","templated":true}]}}