{"id":1233,"date":"2025-09-08T14:50:03","date_gmt":"2025-09-08T12:50:03","guid":{"rendered":"https:\/\/class-jewelry.com\/?post_type=product&#038;p=1233"},"modified":"2025-09-08T14:50:03","modified_gmt":"2025-09-08T12:50:03","slug":"vethe-2","status":"publish","type":"product","link":"https:\/\/class-jewelry.com\/index.php\/product\/vethe-2\/","title":{"rendered":"V\u00ebth\u00eb"},"content":{"rendered":"<p style=\"text-align: left;\">Vethet pik\u00eb loti jan\u00eb nj\u00eb aksesor i ve\u00e7ant\u00eb q\u00eb bashkon stilin me simbolik\u00ebn personale.<br data-start=\"679\" data-end=\"682\" \/>T\u00eb punuara nga \u00e7elik inox 316 dhe t\u00eb veshura me flori 18K p\u00ebrmes metod\u00ebs PVD, ato ofrojn\u00eb shk\u00eblqim t\u00eb q\u00ebndruesh\u00ebm dhe jet\u00ebgjat\u00ebsi.<br data-start=\"812\" data-end=\"815\" \/>Materiali \u00ebsht\u00eb antialergjik dhe rezistent ndaj ujit dhe lag\u00ebshtir\u00ebs \u2013 ideale p\u00ebr p\u00ebrdorim t\u00eb p\u00ebrditsh\u00ebm pa shqet\u00ebsime.<\/p>\n","protected":false},"excerpt":{"rendered":"<div class=\"woocommerce-tabs wc-tabs-wrapper\">\n<div id=\"tab-description\" class=\"woocommerce-Tabs-panel woocommerce-Tabs-panel--description panel entry-content wc-tab\" role=\"tabpanel\" aria-labelledby=\"tab-title-description\">\n<p data-start=\"122\" data-end=\"216\"><strong data-start=\"124\" data-end=\"138\">Materiali:<\/strong> Stainless Steel 316 me veshje PVD Gold 18K \u2013 antialergjik dhe i q\u00ebndruesh\u00ebm<\/p>\n<p data-start=\"218\" data-end=\"286\">\u2022 <strong data-start=\"220\" data-end=\"235\">Rezistenc\u00eb:<\/strong> Nuk nxihen, rezistente ndaj ujit dhe lag\u00ebshtir\u00ebs<\/p>\n<p data-start=\"288\" data-end=\"365\">\u2022 <strong data-start=\"290\" data-end=\"301\">Dizajn:<\/strong> Vethe pik\u00eb loti<\/p>\n<p data-start=\"367\" data-end=\"456\">\u2022 <strong data-start=\"369\" data-end=\"378\">Stil:<\/strong> Minimaliste dhe personale \u2013 perfekte p\u00ebr nj\u00eb stil t\u00eb thjesht\u00eb por me kuptim<\/p>\n<p data-start=\"458\" data-end=\"558\">\u2022 <strong data-start=\"460\" data-end=\"480\">P\u00ebrshtatshm\u00ebria:<\/strong> T\u00eb lehta, t\u00eb rehatshme dhe t\u00eb p\u00ebrshtatshme p\u00ebr \u00e7do dit\u00eb apo evente speciale<\/p>\n<\/div>\n<\/div>\n","protected":false},"featured_media":1234,"comment_status":"open","ping_status":"closed","template":"","meta":{"neve_meta_sidebar":"","neve_meta_container":"","neve_meta_enable_content_width":"off","neve_meta_content_width":100,"neve_meta_title_alignment":"","neve_meta_author_avatar":"","neve_post_elements_order":"","neve_meta_disable_header":"","neve_meta_disable_footer":"","neve_meta_disable_title":"","_themeisle_gutenberg_block_has_review":false},"product_brand":[],"product_cat":[25],"product_tag":[],"class_list":{"0":"post-1233","1":"product","2":"type-product","3":"status-publish","4":"has-post-thumbnail","6":"product_cat-vethe","8":"first","9":"instock","10":"shipping-taxable","11":"purchasable","12":"product-type-simple"},"_links":{"self":[{"href":"https:\/\/class-jewelry.com\/index.php\/wp-json\/wp\/v2\/product\/1233","targetHints":{"allow":["GET"]}}],"collection":[{"href":"https:\/\/class-jewelry.com\/index.php\/wp-json\/wp\/v2\/product"}],"about":[{"href":"https:\/\/class-jewelry.com\/index.php\/wp-json\/wp\/v2\/types\/product"}],"replies":[{"embeddable":true,"href":"https:\/\/class-jewelry.com\/index.php\/wp-json\/wp\/v2\/comments?post=1233"}],"wp:featuredmedia":[{"embeddable":true,"href":"https:\/\/class-jewelry.com\/index.php\/wp-json\/wp\/v2\/media\/1234"}],"wp:attachment":[{"href":"https:\/\/class-jewelry.com\/index.php\/wp-json\/wp\/v2\/media?parent=1233"}],"wp:term":[{"taxonomy":"product_brand","embeddable":true,"href":"https:\/\/class-jewelry.com\/index.php\/wp-json\/wp\/v2\/product_brand?post=1233"},{"taxonomy":"product_cat","embeddable":true,"href":"https:\/\/class-jewelry.com\/index.php\/wp-json\/wp\/v2\/product_cat?post=1233"},{"taxonomy":"product_tag","embeddable":true,"href":"https:\/\/class-jewelry.com\/index.php\/wp-json\/wp\/v2\/product_tag?post=1233"}],"curies":[{"name":"wp","href":"https:\/\/api.w.org\/{rel}","templated":true}]}}