{"id":1253,"date":"2025-10-01T11:23:22","date_gmt":"2025-10-01T09:23:22","guid":{"rendered":"https:\/\/class-jewelry.com\/?post_type=product&#038;p=1253"},"modified":"2025-10-01T11:23:22","modified_gmt":"2025-10-01T09:23:22","slug":"set-argjend","status":"publish","type":"product","link":"https:\/\/class-jewelry.com\/index.php\/product\/set-argjend\/","title":{"rendered":"Set Argjend"},"content":{"rendered":"<p>\u201cSet argjendi 925 me dizajn elegant dhe shk\u00eblqim t\u00eb p\u00ebrjetsh\u00ebm. Kombinim perfekt i thjesht\u00ebsis\u00eb dhe fines\u00ebs, i p\u00ebrshtatsh\u00ebm si p\u00ebr p\u00ebrditshm\u00ebri ashtu edhe p\u00ebr raste t\u00eb ve\u00e7anta<\/p>\n","protected":false},"excerpt":{"rendered":"<ul>\n<li>Materiali: Argjend 925<\/li>\n<li>Ngjyra: Silver e past\u00ebr me gure zirkon Blu<\/li>\n<li>P\u00ebrfshin: Var\u00ebse,, v\u00ebth\u00eb dhe<\/li>\n<li>Dizajn elegant, i p\u00ebrditsh\u00ebm por edhe p\u00ebr raste speciale<\/li>\n<li>Hipoallergjik, i sigurt p\u00ebr l\u00ebkur\u00ebn<\/li>\n<li>Dhurat\u00eb perfekte p\u00ebr \u00e7do rast \u2728<\/li>\n<\/ul>\n","protected":false},"featured_media":1254,"comment_status":"open","ping_status":"closed","template":"","meta":{"neve_meta_sidebar":"","neve_meta_container":"","neve_meta_enable_content_width":"off","neve_meta_content_width":100,"neve_meta_title_alignment":"","neve_meta_author_avatar":"","neve_post_elements_order":"","neve_meta_disable_header":"","neve_meta_disable_footer":"","neve_meta_disable_title":"","_themeisle_gutenberg_block_has_review":false},"product_brand":[],"product_cat":[27],"product_tag":[],"class_list":{"0":"post-1253","1":"product","2":"type-product","3":"status-publish","4":"has-post-thumbnail","6":"product_cat-sete","8":"first","9":"instock","10":"shipping-taxable","11":"purchasable","12":"product-type-simple"},"_links":{"self":[{"href":"https:\/\/class-jewelry.com\/index.php\/wp-json\/wp\/v2\/product\/1253","targetHints":{"allow":["GET"]}}],"collection":[{"href":"https:\/\/class-jewelry.com\/index.php\/wp-json\/wp\/v2\/product"}],"about":[{"href":"https:\/\/class-jewelry.com\/index.php\/wp-json\/wp\/v2\/types\/product"}],"replies":[{"embeddable":true,"href":"https:\/\/class-jewelry.com\/index.php\/wp-json\/wp\/v2\/comments?post=1253"}],"wp:featuredmedia":[{"embeddable":true,"href":"https:\/\/class-jewelry.com\/index.php\/wp-json\/wp\/v2\/media\/1254"}],"wp:attachment":[{"href":"https:\/\/class-jewelry.com\/index.php\/wp-json\/wp\/v2\/media?parent=1253"}],"wp:term":[{"taxonomy":"product_brand","embeddable":true,"href":"https:\/\/class-jewelry.com\/index.php\/wp-json\/wp\/v2\/product_brand?post=1253"},{"taxonomy":"product_cat","embeddable":true,"href":"https:\/\/class-jewelry.com\/index.php\/wp-json\/wp\/v2\/product_cat?post=1253"},{"taxonomy":"product_tag","embeddable":true,"href":"https:\/\/class-jewelry.com\/index.php\/wp-json\/wp\/v2\/product_tag?post=1253"}],"curies":[{"name":"wp","href":"https:\/\/api.w.org\/{rel}","templated":true}]}}