{"id":1255,"date":"2025-10-01T11:25:32","date_gmt":"2025-10-01T09:25:32","guid":{"rendered":"https:\/\/class-jewelry.com\/?post_type=product&#038;p=1255"},"modified":"2025-10-01T11:25:32","modified_gmt":"2025-10-01T09:25:32","slug":"set-argjend925","status":"publish","type":"product","link":"https:\/\/class-jewelry.com\/index.php\/product\/set-argjend925\/","title":{"rendered":"Set Argjend925"},"content":{"rendered":"<p>\u201cSet argjendi 925 me var\u00ebse dhe v\u00ebth\u00eb t\u00eb punuar me gur\u00eb t\u00eb bardh\u00eb q\u00eb reflektojn\u00eb drit\u00ebn me fines\u00eb. Nj\u00eb kombinim i thjesht\u00eb, por i paharruesh\u00ebm.\u201d<\/p>\n","protected":false},"excerpt":{"rendered":"<ul>\n<li>Material: Argjend 925<\/li>\n<li>P\u00ebrfshin: Var\u00ebse dhe v\u00ebth\u00eb t\u00eb kombinuar<\/li>\n<li>I zbukuruar me gur\u00eb t\u00eb bardh\u00eb me shk\u00eblqim kristali<\/li>\n<li>Dizajn elegant dhe i sofistikuar<\/li>\n<li>Hipoallergjik, i sigurt p\u00ebr p\u00ebrdorim t\u00eb p\u00ebrditsh\u00ebm<\/li>\n<li>Dhurat\u00eb e ve\u00e7ant\u00eb p\u00ebr nj\u00eb person t\u00eb dashur \u2728<\/li>\n<\/ul>\n","protected":false},"featured_media":1256,"comment_status":"open","ping_status":"closed","template":"","meta":{"neve_meta_sidebar":"","neve_meta_container":"","neve_meta_enable_content_width":"off","neve_meta_content_width":100,"neve_meta_title_alignment":"","neve_meta_author_avatar":"","neve_post_elements_order":"","neve_meta_disable_header":"","neve_meta_disable_footer":"","neve_meta_disable_title":"","_themeisle_gutenberg_block_has_review":false},"product_brand":[],"product_cat":[27],"product_tag":[],"class_list":{"0":"post-1255","1":"product","2":"type-product","3":"status-publish","4":"has-post-thumbnail","6":"product_cat-sete","8":"first","9":"instock","10":"shipping-taxable","11":"purchasable","12":"product-type-simple"},"_links":{"self":[{"href":"https:\/\/class-jewelry.com\/index.php\/wp-json\/wp\/v2\/product\/1255","targetHints":{"allow":["GET"]}}],"collection":[{"href":"https:\/\/class-jewelry.com\/index.php\/wp-json\/wp\/v2\/product"}],"about":[{"href":"https:\/\/class-jewelry.com\/index.php\/wp-json\/wp\/v2\/types\/product"}],"replies":[{"embeddable":true,"href":"https:\/\/class-jewelry.com\/index.php\/wp-json\/wp\/v2\/comments?post=1255"}],"wp:featuredmedia":[{"embeddable":true,"href":"https:\/\/class-jewelry.com\/index.php\/wp-json\/wp\/v2\/media\/1256"}],"wp:attachment":[{"href":"https:\/\/class-jewelry.com\/index.php\/wp-json\/wp\/v2\/media?parent=1255"}],"wp:term":[{"taxonomy":"product_brand","embeddable":true,"href":"https:\/\/class-jewelry.com\/index.php\/wp-json\/wp\/v2\/product_brand?post=1255"},{"taxonomy":"product_cat","embeddable":true,"href":"https:\/\/class-jewelry.com\/index.php\/wp-json\/wp\/v2\/product_cat?post=1255"},{"taxonomy":"product_tag","embeddable":true,"href":"https:\/\/class-jewelry.com\/index.php\/wp-json\/wp\/v2\/product_tag?post=1255"}],"curies":[{"name":"wp","href":"https:\/\/api.w.org\/{rel}","templated":true}]}}