{"id":1257,"date":"2025-10-01T11:35:30","date_gmt":"2025-10-01T09:35:30","guid":{"rendered":"https:\/\/class-jewelry.com\/?post_type=product&#038;p=1257"},"modified":"2025-10-01T11:35:30","modified_gmt":"2025-10-01T09:35:30","slug":"vethe-kryq","status":"publish","type":"product","link":"https:\/\/class-jewelry.com\/index.php\/product\/vethe-kryq\/","title":{"rendered":"Vethe \u201cKryq\u201d"},"content":{"rendered":"<p>\u201cV\u00ebthe stainless steel 316L, t\u00eb veshura me PVD Gold 18K dhe t\u00eb zbukuruara me gur\u00eb t\u00eb vegj\u00ebl mbi kryq, q\u00eb sjellin nj\u00eb shk\u00eblqim modern dhe elegant.<\/p>\n","protected":false},"excerpt":{"rendered":"<ul>\n<li>Material: Stainless Steel 316L cil\u00ebsor<\/li>\n<li>Veshje: PVD Gold 18K rezistente ndaj zbehjes<\/li>\n<li>Dizajn: Kryq elegante<\/li>\n<li>I zbukuruar me gur\u00eb t\u00eb vegj\u00ebl shk\u00eblqimplot\u00eb n\u00eb sip\u00ebrfaqe<\/li>\n<li>Hipoallergjik dhe i q\u00ebndruesh\u00ebm p\u00ebr p\u00ebrdorim t\u00eb p\u00ebrditsh\u00ebm<\/li>\n<li>Ideale si dhurat\u00eb apo aksesor personal \u2728<\/li>\n<\/ul>\n","protected":false},"featured_media":1258,"comment_status":"open","ping_status":"closed","template":"","meta":{"neve_meta_sidebar":"","neve_meta_container":"","neve_meta_enable_content_width":"off","neve_meta_content_width":100,"neve_meta_title_alignment":"","neve_meta_author_avatar":"","neve_post_elements_order":"","neve_meta_disable_header":"","neve_meta_disable_footer":"","neve_meta_disable_title":"","_themeisle_gutenberg_block_has_review":false},"product_brand":[],"product_cat":[15],"product_tag":[],"class_list":{"0":"post-1257","1":"product","2":"type-product","3":"status-publish","4":"has-post-thumbnail","6":"product_cat-uncategorized","8":"first","9":"instock","10":"shipping-taxable","11":"purchasable","12":"product-type-simple"},"_links":{"self":[{"href":"https:\/\/class-jewelry.com\/index.php\/wp-json\/wp\/v2\/product\/1257","targetHints":{"allow":["GET"]}}],"collection":[{"href":"https:\/\/class-jewelry.com\/index.php\/wp-json\/wp\/v2\/product"}],"about":[{"href":"https:\/\/class-jewelry.com\/index.php\/wp-json\/wp\/v2\/types\/product"}],"replies":[{"embeddable":true,"href":"https:\/\/class-jewelry.com\/index.php\/wp-json\/wp\/v2\/comments?post=1257"}],"wp:featuredmedia":[{"embeddable":true,"href":"https:\/\/class-jewelry.com\/index.php\/wp-json\/wp\/v2\/media\/1258"}],"wp:attachment":[{"href":"https:\/\/class-jewelry.com\/index.php\/wp-json\/wp\/v2\/media?parent=1257"}],"wp:term":[{"taxonomy":"product_brand","embeddable":true,"href":"https:\/\/class-jewelry.com\/index.php\/wp-json\/wp\/v2\/product_brand?post=1257"},{"taxonomy":"product_cat","embeddable":true,"href":"https:\/\/class-jewelry.com\/index.php\/wp-json\/wp\/v2\/product_cat?post=1257"},{"taxonomy":"product_tag","embeddable":true,"href":"https:\/\/class-jewelry.com\/index.php\/wp-json\/wp\/v2\/product_tag?post=1257"}],"curies":[{"name":"wp","href":"https:\/\/api.w.org\/{rel}","templated":true}]}}