{"id":1265,"date":"2025-10-01T11:58:04","date_gmt":"2025-10-01T09:58:04","guid":{"rendered":"https:\/\/class-jewelry.com\/?post_type=product&#038;p=1265"},"modified":"2025-10-01T11:58:04","modified_gmt":"2025-10-01T09:58:04","slug":"varse-me-shkronjen-a","status":"publish","type":"product","link":"https:\/\/class-jewelry.com\/index.php\/product\/varse-me-shkronjen-a\/","title":{"rendered":"Varse me shkronjen \u201cA\u201d"},"content":{"rendered":"<ul>\n<li>Aksesor minimalist dhe i personalizuar me shkronj\u00ebn A<\/li>\n<li>Material cil\u00ebsor, hypoallergjik dhe me shk\u00eblqim t\u00eb q\u00ebndruesh\u00ebm fal\u00eb larjes n\u00eb flori 18K<\/li>\n<\/ul>\n","protected":false},"excerpt":{"rendered":"<ul>\n<li>Aksesor unik q\u00eb bashkon thjesht\u00ebsin\u00eb me luksin<\/li>\n<li>Realizuar me stainless steel 316, material hipoallergjik dhe rezistent ndaj ujit<\/li>\n<li>Larja me flori 18K e b\u00ebn varsen t\u00eb q\u00ebndroj\u00eb gjat\u00eb me shk\u00eblqim t\u00eb pandryshuesh\u00ebm<\/li>\n<li>Shkronja A shpreh individualitet, duke e kthyer varsen n\u00eb nj\u00eb simbol personal<\/li>\n<li>E leht\u00eb p\u00ebr t\u2019u mbajtur, kombinon bukur me var\u00ebse t\u00eb tjera ose q\u00ebndron e ve\u00e7ant\u00eb m\u00eb vete.<\/li>\n<\/ul>\n","protected":false},"featured_media":1263,"comment_status":"open","ping_status":"closed","template":"","meta":{"neve_meta_sidebar":"","neve_meta_container":"","neve_meta_enable_content_width":"off","neve_meta_content_width":100,"neve_meta_title_alignment":"","neve_meta_author_avatar":"","neve_post_elements_order":"","neve_meta_disable_header":"","neve_meta_disable_footer":"","neve_meta_disable_title":"","_themeisle_gutenberg_block_has_review":false},"product_brand":[],"product_cat":[23],"product_tag":[],"class_list":{"0":"post-1265","1":"product","2":"type-product","3":"status-publish","4":"has-post-thumbnail","6":"product_cat-varse","8":"first","9":"instock","10":"shipping-taxable","11":"purchasable","12":"product-type-simple"},"_links":{"self":[{"href":"https:\/\/class-jewelry.com\/index.php\/wp-json\/wp\/v2\/product\/1265","targetHints":{"allow":["GET"]}}],"collection":[{"href":"https:\/\/class-jewelry.com\/index.php\/wp-json\/wp\/v2\/product"}],"about":[{"href":"https:\/\/class-jewelry.com\/index.php\/wp-json\/wp\/v2\/types\/product"}],"replies":[{"embeddable":true,"href":"https:\/\/class-jewelry.com\/index.php\/wp-json\/wp\/v2\/comments?post=1265"}],"wp:featuredmedia":[{"embeddable":true,"href":"https:\/\/class-jewelry.com\/index.php\/wp-json\/wp\/v2\/media\/1263"}],"wp:attachment":[{"href":"https:\/\/class-jewelry.com\/index.php\/wp-json\/wp\/v2\/media?parent=1265"}],"wp:term":[{"taxonomy":"product_brand","embeddable":true,"href":"https:\/\/class-jewelry.com\/index.php\/wp-json\/wp\/v2\/product_brand?post=1265"},{"taxonomy":"product_cat","embeddable":true,"href":"https:\/\/class-jewelry.com\/index.php\/wp-json\/wp\/v2\/product_cat?post=1265"},{"taxonomy":"product_tag","embeddable":true,"href":"https:\/\/class-jewelry.com\/index.php\/wp-json\/wp\/v2\/product_tag?post=1265"}],"curies":[{"name":"wp","href":"https:\/\/api.w.org\/{rel}","templated":true}]}}