{"id":1302,"date":"2026-04-08T22:49:02","date_gmt":"2026-04-08T20:49:02","guid":{"rendered":"https:\/\/class-jewelry.com\/?post_type=product&#038;p=1302"},"modified":"2026-04-08T22:49:02","modified_gmt":"2026-04-08T20:49:02","slug":"byzylyk-gold-tennis","status":"publish","type":"product","link":"https:\/\/class-jewelry.com\/index.php\/product\/byzylyk-gold-tennis\/","title":{"rendered":"Byzylyk \u201cGold Tennis\u201d"},"content":{"rendered":"<p>\u2728 Shk\u00eblqim q\u00eb bie n\u00eb sy n\u00eb \u00e7do l\u00ebvizje<\/p>\n<p>Byzylyk elegant me kristale q\u00eb i japin dor\u00ebs nj\u00eb look t\u00eb past\u00ebr dhe luksoz \ud83d\udcab<\/p>\n<p>\ud83d\udc9b Minimal, por shum\u00eb classy<\/p>\n","protected":false},"excerpt":{"rendered":"<p>Eleganc\u00eb klasike q\u00eb nuk del kurr\u00eb nga moda \u2728<\/p>\n<p>Byzylyk \u201cGold Tennis\u201d i zbukuruar me kristale t\u00eb shndritshme q\u00eb reflektojn\u00eb drit\u00ebn n\u00eb \u00e7do l\u00ebvizje \ud83d\udcab<\/p>\n<p>\ud83d\udc9b Stainless Steel 316L<\/p>\n<p>\ud83d\udc9b Veshje PVD Gold 18K<\/p>\n<p>\ud83d\udc9b Nuk ndryshket &amp; anti-alergjik<\/p>\n<p>Perfekt p\u00ebr \u00e7do dit\u00eb\u2026 dhe \u00e7do event \u2728<\/p>\n","protected":false},"featured_media":1303,"comment_status":"open","ping_status":"closed","template":"","meta":{"neve_meta_sidebar":"","neve_meta_container":"","neve_meta_enable_content_width":"off","neve_meta_content_width":100,"neve_meta_title_alignment":"","neve_meta_author_avatar":"","neve_post_elements_order":"","neve_meta_disable_header":"","neve_meta_disable_footer":"","neve_meta_disable_title":"","_themeisle_gutenberg_block_has_review":false},"product_brand":[],"product_cat":[26],"product_tag":[],"class_list":{"0":"post-1302","1":"product","2":"type-product","3":"status-publish","4":"has-post-thumbnail","6":"product_cat-byrzylyk","8":"first","9":"instock","10":"shipping-taxable","11":"purchasable","12":"product-type-simple"},"_links":{"self":[{"href":"https:\/\/class-jewelry.com\/index.php\/wp-json\/wp\/v2\/product\/1302","targetHints":{"allow":["GET"]}}],"collection":[{"href":"https:\/\/class-jewelry.com\/index.php\/wp-json\/wp\/v2\/product"}],"about":[{"href":"https:\/\/class-jewelry.com\/index.php\/wp-json\/wp\/v2\/types\/product"}],"replies":[{"embeddable":true,"href":"https:\/\/class-jewelry.com\/index.php\/wp-json\/wp\/v2\/comments?post=1302"}],"wp:featuredmedia":[{"embeddable":true,"href":"https:\/\/class-jewelry.com\/index.php\/wp-json\/wp\/v2\/media\/1303"}],"wp:attachment":[{"href":"https:\/\/class-jewelry.com\/index.php\/wp-json\/wp\/v2\/media?parent=1302"}],"wp:term":[{"taxonomy":"product_brand","embeddable":true,"href":"https:\/\/class-jewelry.com\/index.php\/wp-json\/wp\/v2\/product_brand?post=1302"},{"taxonomy":"product_cat","embeddable":true,"href":"https:\/\/class-jewelry.com\/index.php\/wp-json\/wp\/v2\/product_cat?post=1302"},{"taxonomy":"product_tag","embeddable":true,"href":"https:\/\/class-jewelry.com\/index.php\/wp-json\/wp\/v2\/product_tag?post=1302"}],"curies":[{"name":"wp","href":"https:\/\/api.w.org\/{rel}","templated":true}]}}