{"id":531,"date":"2025-08-10T18:33:46","date_gmt":"2025-08-10T16:33:46","guid":{"rendered":"https:\/\/class-jewelry.com\/?post_type=product&#038;p=531"},"modified":"2025-08-14T22:40:30","modified_gmt":"2025-08-14T20:40:30","slug":"vethe-me-perle-guacke","status":"publish","type":"product","link":"https:\/\/class-jewelry.com\/index.php\/product\/vethe-me-perle-guacke\/","title":{"rendered":"V\u00ebthe me Perl\u00eb &#038; Guack\u00eb"},"content":{"rendered":"<p>Eleganc\u00eb natyrale dhe materiale premium. T\u00eb punuara nga Stainless Steel 316, t\u00eb veshura me PVD Gold 18K p\u00ebr shk\u00eblqim t\u00eb q\u00ebndruesh\u00ebm dhe rezistenc\u00eb ndaj konsumit. Perla dhe guacka natyrale i japin nj\u00eb prekje unike dhe fem\u00ebrore. Hipoalergjike dhe ideale p\u00ebr p\u00ebrdorim t\u00eb p\u00ebrditsh\u00ebm.<\/p>\n","protected":false},"excerpt":{"rendered":"<ul>\n<li data-start=\"58\" data-end=\"162\">\n<p data-start=\"60\" data-end=\"162\"><strong data-start=\"60\" data-end=\"81\">Material premium:<\/strong> Stainless Steel 316 me veshje <strong data-start=\"112\" data-end=\"128\">PVD Gold 18K<\/strong> p\u00ebr <strong data-start=\"133\" data-end=\"160\">shk\u00eblqim t\u00eb q\u00ebndruesh\u00ebm<\/strong><\/p>\n<\/li>\n<li data-start=\"163\" data-end=\"234\">\n<p data-start=\"165\" data-end=\"234\"><strong data-start=\"165\" data-end=\"182\">Detaje unike:<\/strong> Perla dhe guacka natyrale p\u00ebr nj\u00eb prekje fem\u00ebrore<\/p>\n<\/li>\n<li data-start=\"235\" data-end=\"312\">\n<p data-start=\"237\" data-end=\"312\"><strong data-start=\"237\" data-end=\"264\">Rezistent ndaj konsumit<\/strong> dhe i p\u00ebrshtatsh\u00ebm p\u00ebr p\u00ebrdorim t\u00eb p\u00ebrditsh\u00ebm<\/p>\n<\/li>\n<li data-start=\"313\" data-end=\"353\">\n<p data-start=\"315\" data-end=\"353\"><strong data-start=\"315\" data-end=\"331\">Hipoalergjik<\/strong>, i but\u00eb p\u00ebr l\u00ebkur\u00ebn<\/p>\n<\/li>\n<li data-start=\"354\" data-end=\"397\">\n<p data-start=\"356\" data-end=\"397\"><strong data-start=\"356\" data-end=\"377\">Eleganc\u00eb natyrale<\/strong> dhe dizajn modern<\/p>\n<\/li>\n<\/ul>\n","protected":false},"featured_media":532,"comment_status":"open","ping_status":"closed","template":"","meta":{"neve_meta_sidebar":"","neve_meta_container":"","neve_meta_enable_content_width":"off","neve_meta_content_width":100,"neve_meta_title_alignment":"","neve_meta_author_avatar":"","neve_post_elements_order":"","neve_meta_disable_header":"","neve_meta_disable_footer":"","neve_meta_disable_title":"","_themeisle_gutenberg_block_has_review":false},"product_brand":[],"product_cat":[25],"product_tag":[],"class_list":{"0":"post-531","1":"product","2":"type-product","3":"status-publish","4":"has-post-thumbnail","6":"product_cat-vethe","8":"first","9":"instock","10":"shipping-taxable","11":"purchasable","12":"product-type-simple"},"_links":{"self":[{"href":"https:\/\/class-jewelry.com\/index.php\/wp-json\/wp\/v2\/product\/531","targetHints":{"allow":["GET"]}}],"collection":[{"href":"https:\/\/class-jewelry.com\/index.php\/wp-json\/wp\/v2\/product"}],"about":[{"href":"https:\/\/class-jewelry.com\/index.php\/wp-json\/wp\/v2\/types\/product"}],"replies":[{"embeddable":true,"href":"https:\/\/class-jewelry.com\/index.php\/wp-json\/wp\/v2\/comments?post=531"}],"wp:featuredmedia":[{"embeddable":true,"href":"https:\/\/class-jewelry.com\/index.php\/wp-json\/wp\/v2\/media\/532"}],"wp:attachment":[{"href":"https:\/\/class-jewelry.com\/index.php\/wp-json\/wp\/v2\/media?parent=531"}],"wp:term":[{"taxonomy":"product_brand","embeddable":true,"href":"https:\/\/class-jewelry.com\/index.php\/wp-json\/wp\/v2\/product_brand?post=531"},{"taxonomy":"product_cat","embeddable":true,"href":"https:\/\/class-jewelry.com\/index.php\/wp-json\/wp\/v2\/product_cat?post=531"},{"taxonomy":"product_tag","embeddable":true,"href":"https:\/\/class-jewelry.com\/index.php\/wp-json\/wp\/v2\/product_tag?post=531"}],"curies":[{"name":"wp","href":"https:\/\/api.w.org\/{rel}","templated":true}]}}