{"id":533,"date":"2025-08-10T18:38:30","date_gmt":"2025-08-10T16:38:30","guid":{"rendered":"https:\/\/class-jewelry.com\/?post_type=product&#038;p=533"},"modified":"2025-08-15T20:25:40","modified_gmt":"2025-08-15T18:25:40","slug":"unaza-aura","status":"publish","type":"product","link":"https:\/\/class-jewelry.com\/index.php\/product\/unaza-aura\/","title":{"rendered":"Unaza \u201cAura\u201d"},"content":{"rendered":"<p>Nj\u00eb kombinim elegant i nj\u00eb guri zirkon me shk\u00eblqim dhe nj\u00eb detaji t\u00eb art\u00eb me form\u00eb t\u00eb ve\u00e7ant\u00eb. E punuar nga Stainless Steel 316 dhe e veshur me PVD Gold 18K, kjo unaz\u00eb ofron q\u00ebndrueshm\u00ebri, shk\u00eblqim t\u00eb gjat\u00eb dhe \u00ebsht\u00eb hipoalergjike \u2013 perfekte p\u00ebr p\u00ebrdorim t\u00eb p\u00ebrditsh\u00ebm apo raste t\u00eb ve\u00e7anta.<\/p>\n","protected":false},"excerpt":{"rendered":"<ul>\n<li data-start=\"74\" data-end=\"125\">\n<p data-start=\"76\" data-end=\"125\"><strong data-start=\"76\" data-end=\"103\">Material i q\u00ebndruesh\u00ebm:<\/strong> Stainless Steel 316<\/p>\n<\/li>\n<li data-start=\"126\" data-end=\"163\">\n<p data-start=\"128\" data-end=\"163\"><strong data-start=\"128\" data-end=\"148\">Shk\u00eblqim luksoz:<\/strong> PVD Gold 18K<\/p>\n<\/li>\n<li data-start=\"164\" data-end=\"202\">\n<p data-start=\"166\" data-end=\"202\"><strong data-start=\"166\" data-end=\"180\">Gur zirkon<\/strong> me shk\u00eblqim elegant<\/p>\n<\/li>\n<li data-start=\"203\" data-end=\"247\">\n<p data-start=\"205\" data-end=\"247\"><strong data-start=\"205\" data-end=\"225\">Detaj unik n\u00eb ar<\/strong> p\u00ebr stil t\u00eb ve\u00e7ant\u00eb<\/p>\n<\/li>\n<li data-start=\"248\" data-end=\"315\">\n<p data-start=\"250\" data-end=\"315\"><strong data-start=\"250\" data-end=\"267\">Hipoalergjike<\/strong> dhe e p\u00ebrshtatshme p\u00ebr p\u00ebrdorim t\u00eb p\u00ebrditsh\u00ebm<\/p>\n<\/li>\n<li data-start=\"316\" data-end=\"393\">\n<p data-start=\"318\" data-end=\"393\"><strong data-start=\"318\" data-end=\"357\">Q\u00ebndrueshm\u00ebri dhe shk\u00eblqim t\u00eb gjat\u00eb<\/strong>, ideale edhe p\u00ebr raste t\u00eb ve\u00e7anta<\/p>\n<\/li>\n<\/ul>\n","protected":false},"featured_media":534,"comment_status":"open","ping_status":"closed","template":"","meta":{"neve_meta_sidebar":"","neve_meta_container":"","neve_meta_enable_content_width":"off","neve_meta_content_width":100,"neve_meta_title_alignment":"","neve_meta_author_avatar":"","neve_post_elements_order":"","neve_meta_disable_header":"","neve_meta_disable_footer":"","neve_meta_disable_title":"","_themeisle_gutenberg_block_has_review":false},"product_brand":[],"product_cat":[24],"product_tag":[],"class_list":{"0":"post-533","1":"product","2":"type-product","3":"status-publish","4":"has-post-thumbnail","6":"product_cat-unaza","8":"first","9":"instock","10":"shipping-taxable","11":"purchasable","12":"product-type-simple"},"_links":{"self":[{"href":"https:\/\/class-jewelry.com\/index.php\/wp-json\/wp\/v2\/product\/533","targetHints":{"allow":["GET"]}}],"collection":[{"href":"https:\/\/class-jewelry.com\/index.php\/wp-json\/wp\/v2\/product"}],"about":[{"href":"https:\/\/class-jewelry.com\/index.php\/wp-json\/wp\/v2\/types\/product"}],"replies":[{"embeddable":true,"href":"https:\/\/class-jewelry.com\/index.php\/wp-json\/wp\/v2\/comments?post=533"}],"wp:featuredmedia":[{"embeddable":true,"href":"https:\/\/class-jewelry.com\/index.php\/wp-json\/wp\/v2\/media\/534"}],"wp:attachment":[{"href":"https:\/\/class-jewelry.com\/index.php\/wp-json\/wp\/v2\/media?parent=533"}],"wp:term":[{"taxonomy":"product_brand","embeddable":true,"href":"https:\/\/class-jewelry.com\/index.php\/wp-json\/wp\/v2\/product_brand?post=533"},{"taxonomy":"product_cat","embeddable":true,"href":"https:\/\/class-jewelry.com\/index.php\/wp-json\/wp\/v2\/product_cat?post=533"},{"taxonomy":"product_tag","embeddable":true,"href":"https:\/\/class-jewelry.com\/index.php\/wp-json\/wp\/v2\/product_tag?post=533"}],"curies":[{"name":"wp","href":"https:\/\/api.w.org\/{rel}","templated":true}]}}