{"id":535,"date":"2025-08-10T18:39:32","date_gmt":"2025-08-10T16:39:32","guid":{"rendered":"https:\/\/class-jewelry.com\/?post_type=product&#038;p=535"},"modified":"2025-08-31T22:05:00","modified_gmt":"2025-08-31T20:05:00","slug":"varse-me-diell","status":"publish","type":"product","link":"https:\/\/class-jewelry.com\/index.php\/product\/varse-me-diell\/","title":{"rendered":"Varse me diell"},"content":{"rendered":"<p>Kjo var\u00ebse elegante me simbolin e diellit p\u00ebrb\u00ebhet nga materiali stainless steel316 me mb\u00ebshtjellje PVD 18K Gold , q\u00eb i jep shk\u00eblqim t\u00eb q\u00ebndruesh\u00ebm dhe nj\u00eb pamje luksoze. Materiali cil\u00ebsor \u00ebsht\u00eb antialergjik, nuk nxihet dhe reziston ndaj ujit dhe lag\u00ebshtir\u00ebs, duke e b\u00ebr\u00eb ideale p\u00ebr p\u00ebrdorim t\u00eb p\u00ebrditsh\u00ebm n\u00eb \u00e7do stin\u00eb. Dizajni unik i diellit p\u00ebr\u00e7on energji pozitive dhe drit\u00eb, duke shtuar nj\u00eb prekje elegante dhe simbolike n\u00eb \u00e7do veshje.<\/p>\n","protected":false},"excerpt":{"rendered":"<ul>\n<li data-start=\"336\" data-end=\"397\">\n<p data-start=\"338\" data-end=\"397\"><strong data-start=\"338\" data-end=\"359\">Material premium:<\/strong> Stainless Steel 316 me PVD 18K Gold<\/p>\n<\/li>\n<li data-start=\"398\" data-end=\"436\">\n<p data-start=\"400\" data-end=\"436\"><strong data-start=\"400\" data-end=\"434\">Antialergjik dhe i q\u00ebndruesh\u00ebm<\/strong><\/p>\n<\/li>\n<li data-start=\"437\" data-end=\"492\">\n<p data-start=\"439\" data-end=\"492\"><strong data-start=\"439\" data-end=\"453\">Nuk nxihet<\/strong>, rezistent ndaj ujit dhe lag\u00ebshtir\u00ebs<\/p>\n<\/li>\n<li data-start=\"493\" data-end=\"553\">\n<p data-start=\"495\" data-end=\"553\"><strong data-start=\"495\" data-end=\"520\">Dizajn unik simbolik:<\/strong> Dielli p\u00ebr\u00e7on energji pozitive<\/p>\n<\/li>\n<li data-start=\"554\" data-end=\"591\">\n<p data-start=\"556\" data-end=\"591\"><strong data-start=\"556\" data-end=\"589\">Prekje elegante n\u00eb \u00e7do veshje<\/strong><\/p>\n<\/li>\n<\/ul>\n","protected":false},"featured_media":1102,"comment_status":"open","ping_status":"closed","template":"","meta":{"neve_meta_sidebar":"","neve_meta_container":"","neve_meta_enable_content_width":"off","neve_meta_content_width":100,"neve_meta_title_alignment":"","neve_meta_author_avatar":"","neve_post_elements_order":"","neve_meta_disable_header":"","neve_meta_disable_footer":"","neve_meta_disable_title":"","_themeisle_gutenberg_block_has_review":false},"product_brand":[],"product_cat":[23],"product_tag":[],"class_list":{"0":"post-535","1":"product","2":"type-product","3":"status-publish","4":"has-post-thumbnail","6":"product_cat-varse","8":"first","9":"instock","10":"shipping-taxable","11":"purchasable","12":"product-type-simple"},"_links":{"self":[{"href":"https:\/\/class-jewelry.com\/index.php\/wp-json\/wp\/v2\/product\/535","targetHints":{"allow":["GET"]}}],"collection":[{"href":"https:\/\/class-jewelry.com\/index.php\/wp-json\/wp\/v2\/product"}],"about":[{"href":"https:\/\/class-jewelry.com\/index.php\/wp-json\/wp\/v2\/types\/product"}],"replies":[{"embeddable":true,"href":"https:\/\/class-jewelry.com\/index.php\/wp-json\/wp\/v2\/comments?post=535"}],"wp:featuredmedia":[{"embeddable":true,"href":"https:\/\/class-jewelry.com\/index.php\/wp-json\/wp\/v2\/media\/1102"}],"wp:attachment":[{"href":"https:\/\/class-jewelry.com\/index.php\/wp-json\/wp\/v2\/media?parent=535"}],"wp:term":[{"taxonomy":"product_brand","embeddable":true,"href":"https:\/\/class-jewelry.com\/index.php\/wp-json\/wp\/v2\/product_brand?post=535"},{"taxonomy":"product_cat","embeddable":true,"href":"https:\/\/class-jewelry.com\/index.php\/wp-json\/wp\/v2\/product_cat?post=535"},{"taxonomy":"product_tag","embeddable":true,"href":"https:\/\/class-jewelry.com\/index.php\/wp-json\/wp\/v2\/product_tag?post=535"}],"curies":[{"name":"wp","href":"https:\/\/api.w.org\/{rel}","templated":true}]}}