{"id":539,"date":"2025-08-10T18:41:02","date_gmt":"2025-08-10T16:41:02","guid":{"rendered":"https:\/\/class-jewelry.com\/?post_type=product&#038;p=539"},"modified":"2025-08-29T14:28:08","modified_gmt":"2025-08-29T12:28:08","slug":"ora-philipp-laurent","status":"publish","type":"product","link":"https:\/\/class-jewelry.com\/index.php\/product\/ora-philipp-laurent\/","title":{"rendered":"Ora Philipp Laurent"},"content":{"rendered":"<p><strong data-start=\"82\" data-end=\"116\">Or\u00eb origjinale Philipp Laurent<\/strong> me dizajn elegant dhe cil\u00ebsi t\u00eb garantuar. E punuar nga <strong data-start=\"173\" data-end=\"192\">Stainless Steel<\/strong> n\u00eb ngjyr\u00eb silver, e rezistent ndaj ujit dhe nuk nxihet. Vjen me <strong data-start=\"257\" data-end=\"291\">bateri me jet\u00ebgjat\u00ebsi t\u00eb gjat\u00eb<\/strong>, <strong data-start=\"293\" data-end=\"312\" data-is-only-node=\"\">kuti origjinale<\/strong> dhe <strong data-start=\"317\" data-end=\"338\">garanci 1-vje\u00e7are<\/strong>.<\/p>\n","protected":false},"excerpt":{"rendered":"<div><\/div>\n<div>\u2022 Produkt origjinal Philipp Laurent me cil\u00ebsi t\u00eb garantuar<\/div>\n<div>\u2022 Material: Stainless steel n\u00eb ngjyr\u00eb silver<\/div>\n<div>\u2022 Rezistente ndaj ujit<\/div>\n<div>\u2022 Me bateri me jet\u00ebgjat\u00ebsi t\u00eb lart\u00eb<\/div>\n<div>\u2022 Nuk nxihet<\/div>\n<div>\u2022 Shoq\u00ebrohet me kutin\u00eb origjinale<\/div>\n<div>\u2022 Garanci 1-vje\u00e7are<\/div>\n<div><\/div>\n<div><\/div>\n","protected":false},"featured_media":540,"comment_status":"open","ping_status":"closed","template":"","meta":{"neve_meta_sidebar":"","neve_meta_container":"","neve_meta_enable_content_width":"off","neve_meta_content_width":100,"neve_meta_title_alignment":"","neve_meta_author_avatar":"","neve_post_elements_order":"","neve_meta_disable_header":"","neve_meta_disable_footer":"","neve_meta_disable_title":"","_themeisle_gutenberg_block_has_review":false},"product_brand":[],"product_cat":[30],"product_tag":[],"class_list":{"0":"post-539","1":"product","2":"type-product","3":"status-publish","4":"has-post-thumbnail","6":"product_cat-ora","8":"first","9":"instock","10":"shipping-taxable","11":"purchasable","12":"product-type-simple"},"_links":{"self":[{"href":"https:\/\/class-jewelry.com\/index.php\/wp-json\/wp\/v2\/product\/539","targetHints":{"allow":["GET"]}}],"collection":[{"href":"https:\/\/class-jewelry.com\/index.php\/wp-json\/wp\/v2\/product"}],"about":[{"href":"https:\/\/class-jewelry.com\/index.php\/wp-json\/wp\/v2\/types\/product"}],"replies":[{"embeddable":true,"href":"https:\/\/class-jewelry.com\/index.php\/wp-json\/wp\/v2\/comments?post=539"}],"wp:featuredmedia":[{"embeddable":true,"href":"https:\/\/class-jewelry.com\/index.php\/wp-json\/wp\/v2\/media\/540"}],"wp:attachment":[{"href":"https:\/\/class-jewelry.com\/index.php\/wp-json\/wp\/v2\/media?parent=539"}],"wp:term":[{"taxonomy":"product_brand","embeddable":true,"href":"https:\/\/class-jewelry.com\/index.php\/wp-json\/wp\/v2\/product_brand?post=539"},{"taxonomy":"product_cat","embeddable":true,"href":"https:\/\/class-jewelry.com\/index.php\/wp-json\/wp\/v2\/product_cat?post=539"},{"taxonomy":"product_tag","embeddable":true,"href":"https:\/\/class-jewelry.com\/index.php\/wp-json\/wp\/v2\/product_tag?post=539"}],"curies":[{"name":"wp","href":"https:\/\/api.w.org\/{rel}","templated":true}]}}