{"id":706,"date":"2025-08-15T21:34:50","date_gmt":"2025-08-15T19:34:50","guid":{"rendered":"https:\/\/class-jewelry.com\/?post_type=product&#038;p=706"},"modified":"2025-08-15T21:34:50","modified_gmt":"2025-08-15T19:34:50","slug":"vethe-me-yll","status":"publish","type":"product","link":"https:\/\/class-jewelry.com\/index.php\/product\/vethe-me-yll\/","title":{"rendered":"Vethe me yll"},"content":{"rendered":"<p>\u2728 Vethe me Yll \u2013 T\u00eb dizajnuara p\u00ebr t\u00eb shtuar shk\u00eblqim n\u00eb \u00e7do moment. T\u00eb punuara nga stainless steel 316 me veshje PVD Gold 18K, rezistente ndaj ujit dhe q\u00eb nuk ndryshken. Ylli i ndritsh\u00ebm n\u00eb qend\u00ebr i jep nj\u00eb prekje magjike dhe fem\u00ebrore.<\/p>\n","protected":false},"excerpt":{"rendered":"<ul>\n<li style=\"text-align: left;\">\u00a0Materiali: Stainless Steel 316, rezistent ndaj ujit<\/li>\n<li>Veshja: PVD Gold 18K, nuk nxihet<\/li>\n<li>Dizajni: Form\u00eb ylli me shk\u00eblqim elegant<\/li>\n<li>Stili: Minimaliste, e p\u00ebrditshme ose festive<\/li>\n<li>Rezistenc\u00eb: E q\u00ebndrueshme dhe anti-alergjike<\/li>\n<li>P\u00ebrshtatja: Kombinohet leht\u00eb me \u00e7do look<\/li>\n<\/ul>\n","protected":false},"featured_media":707,"comment_status":"open","ping_status":"closed","template":"","meta":{"neve_meta_sidebar":"","neve_meta_container":"","neve_meta_enable_content_width":"off","neve_meta_content_width":100,"neve_meta_title_alignment":"","neve_meta_author_avatar":"","neve_post_elements_order":"","neve_meta_disable_header":"","neve_meta_disable_footer":"","neve_meta_disable_title":"","_themeisle_gutenberg_block_has_review":false},"product_brand":[],"product_cat":[25],"product_tag":[],"class_list":{"0":"post-706","1":"product","2":"type-product","3":"status-publish","4":"has-post-thumbnail","6":"product_cat-vethe","8":"first","9":"instock","10":"shipping-taxable","11":"purchasable","12":"product-type-simple"},"_links":{"self":[{"href":"https:\/\/class-jewelry.com\/index.php\/wp-json\/wp\/v2\/product\/706","targetHints":{"allow":["GET"]}}],"collection":[{"href":"https:\/\/class-jewelry.com\/index.php\/wp-json\/wp\/v2\/product"}],"about":[{"href":"https:\/\/class-jewelry.com\/index.php\/wp-json\/wp\/v2\/types\/product"}],"replies":[{"embeddable":true,"href":"https:\/\/class-jewelry.com\/index.php\/wp-json\/wp\/v2\/comments?post=706"}],"wp:featuredmedia":[{"embeddable":true,"href":"https:\/\/class-jewelry.com\/index.php\/wp-json\/wp\/v2\/media\/707"}],"wp:attachment":[{"href":"https:\/\/class-jewelry.com\/index.php\/wp-json\/wp\/v2\/media?parent=706"}],"wp:term":[{"taxonomy":"product_brand","embeddable":true,"href":"https:\/\/class-jewelry.com\/index.php\/wp-json\/wp\/v2\/product_brand?post=706"},{"taxonomy":"product_cat","embeddable":true,"href":"https:\/\/class-jewelry.com\/index.php\/wp-json\/wp\/v2\/product_cat?post=706"},{"taxonomy":"product_tag","embeddable":true,"href":"https:\/\/class-jewelry.com\/index.php\/wp-json\/wp\/v2\/product_tag?post=706"}],"curies":[{"name":"wp","href":"https:\/\/api.w.org\/{rel}","templated":true}]}}