{"id":717,"date":"2025-08-15T23:10:17","date_gmt":"2025-08-15T21:10:17","guid":{"rendered":"https:\/\/class-jewelry.com\/?post_type=product&#038;p=717"},"modified":"2025-08-15T23:10:17","modified_gmt":"2025-08-15T21:10:17","slug":"unaza-me-gur-opal","status":"publish","type":"product","link":"https:\/\/class-jewelry.com\/index.php\/product\/unaza-me-gur-opal\/","title":{"rendered":"Unaza me gur opal"},"content":{"rendered":"<p>Unaz\u00eb Elegant Gold me Gur Oval<\/p>\n<p>Kjo unaz\u00eb \u00ebsht\u00eb krijuar nga \u00e7elik inox 316 me veshje PVD Gold 18K, nj\u00eb shtres\u00eb ari e aplikuar me teknologji t\u00eb avancuar q\u00eb garanton shk\u00eblqim t\u00eb q\u00ebndruesh\u00ebm, ngjyr\u00eb t\u00eb pasur dhe rezistenc\u00eb ndaj zbehjes, oksidimit dhe g\u00ebrvishtjeve.<\/p>\n<p>N\u00eb qend\u00ebr ka nj\u00eb gur oval me efekt perle, i rrethuar nga nj\u00eb korniz\u00eb elegante ari, q\u00eb i jep unaz\u00ebs nj\u00eb pamje klasike dhe t\u00eb sofistikuar. Stili elegant dhe klasik e b\u00ebn perfekte p\u00ebr kombinime t\u00eb p\u00ebrditshme, por edhe p\u00ebr raste speciale.<\/p>\n<p>Fal\u00eb rezistenc\u00ebs ndaj ujit, kjo unaz\u00eb mund t\u00eb vishet pa frik\u00eb gjat\u00eb kontaktit me uj\u00eb, duke p\u00ebrfshir\u00eb pishin\u00ebn ose detin, duke ruajtur bukurin\u00eb dhe shk\u00eblqimin e saj p\u00ebr nj\u00eb koh\u00eb t\u00eb gjat\u00eb.<\/p>\n","protected":false},"excerpt":{"rendered":"<p>\u2022 Materiali: \u00c7elik inox 316 me veshje PVD Gold 18K \u2013 shtres\u00eb ari e aplikuar me teknologji t\u00eb avancuar, ofron shk\u00eblqim t\u00eb q\u00ebndruesh\u00ebm, ngjyr\u00eb t\u00eb pasur dhe rezistenc\u00eb t\u00eb lart\u00eb ndaj zbehjes, oksidimit dhe g\u00ebrvishtjeve<\/p>\n<p>\u2022 Rezistenca ndaj ujit: I pap\u00ebrshkuesh\u00ebm nga uji, p\u00ebrfshir\u00eb ujin e detit dhe pishin\u00ebs<\/p>\n<p>\u2022 Dizajni: Gur oval me efekt perle n\u00eb qend\u00ebr, i rrethuar nga korniz\u00eb elegante ari<\/p>\n<p>\u2022 Stili: Elegant dhe klasik, perfekt p\u00ebr kombinime t\u00eb p\u00ebrditshme ose raste speciale<\/p>\n<p>\u2022 P\u00ebrdorimi: Ideale p\u00ebr p\u00ebrdorim t\u00eb p\u00ebrditsh\u00ebm \u2013 ruan bukurin\u00eb dhe shk\u00eblqimin p\u00ebr nj\u00eb koh\u00eb t\u00eb gjat\u00eb<\/p>\n<p><em>Shkruani mas\u00ebn tuaj t\u00eb unaz\u00ebs n\u00eb kutin.<\/em><\/p>\n","protected":false},"featured_media":716,"comment_status":"open","ping_status":"closed","template":"","meta":{"neve_meta_sidebar":"","neve_meta_container":"","neve_meta_enable_content_width":"off","neve_meta_content_width":100,"neve_meta_title_alignment":"","neve_meta_author_avatar":"","neve_post_elements_order":"","neve_meta_disable_header":"","neve_meta_disable_footer":"","neve_meta_disable_title":"","_themeisle_gutenberg_block_has_review":false},"product_brand":[],"product_cat":[24],"product_tag":[],"class_list":{"0":"post-717","1":"product","2":"type-product","3":"status-publish","4":"has-post-thumbnail","6":"product_cat-unaza","8":"first","9":"instock","10":"shipping-taxable","11":"purchasable","12":"product-type-simple"},"_links":{"self":[{"href":"https:\/\/class-jewelry.com\/index.php\/wp-json\/wp\/v2\/product\/717","targetHints":{"allow":["GET"]}}],"collection":[{"href":"https:\/\/class-jewelry.com\/index.php\/wp-json\/wp\/v2\/product"}],"about":[{"href":"https:\/\/class-jewelry.com\/index.php\/wp-json\/wp\/v2\/types\/product"}],"replies":[{"embeddable":true,"href":"https:\/\/class-jewelry.com\/index.php\/wp-json\/wp\/v2\/comments?post=717"}],"wp:featuredmedia":[{"embeddable":true,"href":"https:\/\/class-jewelry.com\/index.php\/wp-json\/wp\/v2\/media\/716"}],"wp:attachment":[{"href":"https:\/\/class-jewelry.com\/index.php\/wp-json\/wp\/v2\/media?parent=717"}],"wp:term":[{"taxonomy":"product_brand","embeddable":true,"href":"https:\/\/class-jewelry.com\/index.php\/wp-json\/wp\/v2\/product_brand?post=717"},{"taxonomy":"product_cat","embeddable":true,"href":"https:\/\/class-jewelry.com\/index.php\/wp-json\/wp\/v2\/product_cat?post=717"},{"taxonomy":"product_tag","embeddable":true,"href":"https:\/\/class-jewelry.com\/index.php\/wp-json\/wp\/v2\/product_tag?post=717"}],"curies":[{"name":"wp","href":"https:\/\/api.w.org\/{rel}","templated":true}]}}