{"id":725,"date":"2025-08-16T00:20:05","date_gmt":"2025-08-15T22:20:05","guid":{"rendered":"https:\/\/class-jewelry.com\/?post_type=product&#038;p=725"},"modified":"2025-08-16T00:22:33","modified_gmt":"2025-08-15T22:22:33","slug":"725","status":"publish","type":"product","link":"https:\/\/class-jewelry.com\/index.php\/product\/725\/","title":{"rendered":"Varse Te Dua"},"content":{"rendered":"<p data-start=\"78\" data-end=\"243\">\ud83d\udc9b <strong data-start=\"81\" data-end=\"111\">Nj\u00eb fjal\u00eb, mij\u00ebra ndjenja\u2026<\/strong><br data-start=\"111\" data-end=\"114\" \/>Kjo var\u00ebse me shkrimin <strong data-start=\"137\" data-end=\"149\">\u201cT\u00eb dua\u201d<\/strong> \u00ebsht\u00eb m\u00eb shum\u00eb se nj\u00eb aksesor \u2013 \u00ebsht\u00eb nj\u00eb kujtim i vog\u00ebl q\u00eb mbart dashurin\u00eb kudo q\u00eb shkoni.<\/p>\n<p data-start=\"245\" data-end=\"600\">\u2728 <strong data-start=\"247\" data-end=\"268\">Material premium:<\/strong> Stainless Steel 316 me veshje <strong data-start=\"299\" data-end=\"315\">PVD Gold 18K<\/strong> \u2013shtres\u00eb ari e aplikuar me teknologji t\u00eb avancuar, ofron shk\u00eblqim t\u00eb q\u00ebndrueshem, ngiyr\u00eb te pasur dhe rezistence te lart\u00eb ndaj zbehjes, oksidimit dhe gervishtjeve<\/p>\n<p data-start=\"245\" data-end=\"600\"><br data-start=\"375\" data-end=\"378\" \/>\ud83d\udc8c <strong data-start=\"381\" data-end=\"405\">Mesazh i p\u00ebrjetsh\u00ebm:<\/strong> \u201cT\u00eb dua\u201d \u2013 nj\u00eb prekje romantike p\u00ebr veten ose dhurat\u00ebn perfekte p\u00ebr nj\u00eb person t\u00eb ve\u00e7ant\u00eb.<br data-start=\"496\" data-end=\"499\" data-is-only-node=\"\" \/>\ud83c\udf39 <strong data-start=\"502\" data-end=\"528\">Eleganc\u00eb e p\u00ebrditshme:<\/strong> E thjesht\u00eb, por plot kuptim, kombinohet me \u00e7do veshje dhe \u00e7do moment.<\/p>\n","protected":false},"excerpt":{"rendered":"<ul>\n<li data-start=\"86\" data-end=\"158\">\n<p data-start=\"88\" data-end=\"158\"><strong data-start=\"88\" data-end=\"109\">Material premium:<\/strong> Stainless Steel 316 me veshje <strong data-start=\"140\" data-end=\"156\">PVD Gold 18K<\/strong><\/p>\n<\/li>\n<li data-start=\"159\" data-end=\"211\">\n<p data-start=\"161\" data-end=\"211\"><strong data-start=\"161\" data-end=\"178\">Antialergjike<\/strong> \u2013 e sigurt p\u00ebr \u00e7do lloj l\u00ebkure<\/p>\n<\/li>\n<li data-start=\"212\" data-end=\"300\">\n<p data-start=\"214\" data-end=\"300\"><strong data-start=\"214\" data-end=\"228\">Nuk nxihet<\/strong> dhe <strong data-start=\"233\" data-end=\"257\">rezistente ndaj ujit<\/strong> (p\u00ebrfshir\u00eb ujin e detit dhe t\u00eb pishin\u00ebs)<\/p>\n<\/li>\n<li data-start=\"301\" data-end=\"381\">\n<p data-start=\"303\" data-end=\"381\"><strong data-start=\"303\" data-end=\"328\">Dizajn me dometh\u00ebnie:<\/strong> Shkrimi <strong data-start=\"337\" data-end=\"349\">\u201cT\u00eb dua\u201d<\/strong> \u2013 simbol dashurie dhe af\u00ebrsie<\/p>\n<\/li>\n<li data-start=\"382\" data-end=\"455\">\n<p data-start=\"384\" data-end=\"455\"><strong data-start=\"384\" data-end=\"408\">Eleganc\u00eb universale:<\/strong> Kombinohet leht\u00ebsisht me \u00e7do veshje dhe stil<\/p>\n<\/li>\n<li data-start=\"456\" data-end=\"529\">\n<p data-start=\"458\" data-end=\"529\"><strong data-start=\"458\" data-end=\"483\">E p\u00ebrkryer si dhurat\u00eb<\/strong> p\u00ebr raste t\u00eb ve\u00e7anta ose si kujtim personal<\/p>\n<\/li>\n<\/ul>\n","protected":false},"featured_media":722,"comment_status":"open","ping_status":"closed","template":"","meta":{"neve_meta_sidebar":"","neve_meta_container":"","neve_meta_enable_content_width":"off","neve_meta_content_width":100,"neve_meta_title_alignment":"","neve_meta_author_avatar":"","neve_post_elements_order":"","neve_meta_disable_header":"","neve_meta_disable_footer":"","neve_meta_disable_title":"","_themeisle_gutenberg_block_has_review":false},"product_brand":[],"product_cat":[23],"product_tag":[],"class_list":{"0":"post-725","1":"product","2":"type-product","3":"status-publish","4":"has-post-thumbnail","6":"product_cat-varse","8":"first","9":"instock","10":"shipping-taxable","11":"purchasable","12":"product-type-simple"},"_links":{"self":[{"href":"https:\/\/class-jewelry.com\/index.php\/wp-json\/wp\/v2\/product\/725","targetHints":{"allow":["GET"]}}],"collection":[{"href":"https:\/\/class-jewelry.com\/index.php\/wp-json\/wp\/v2\/product"}],"about":[{"href":"https:\/\/class-jewelry.com\/index.php\/wp-json\/wp\/v2\/types\/product"}],"replies":[{"embeddable":true,"href":"https:\/\/class-jewelry.com\/index.php\/wp-json\/wp\/v2\/comments?post=725"}],"wp:featuredmedia":[{"embeddable":true,"href":"https:\/\/class-jewelry.com\/index.php\/wp-json\/wp\/v2\/media\/722"}],"wp:attachment":[{"href":"https:\/\/class-jewelry.com\/index.php\/wp-json\/wp\/v2\/media?parent=725"}],"wp:term":[{"taxonomy":"product_brand","embeddable":true,"href":"https:\/\/class-jewelry.com\/index.php\/wp-json\/wp\/v2\/product_brand?post=725"},{"taxonomy":"product_cat","embeddable":true,"href":"https:\/\/class-jewelry.com\/index.php\/wp-json\/wp\/v2\/product_cat?post=725"},{"taxonomy":"product_tag","embeddable":true,"href":"https:\/\/class-jewelry.com\/index.php\/wp-json\/wp\/v2\/product_tag?post=725"}],"curies":[{"name":"wp","href":"https:\/\/api.w.org\/{rel}","templated":true}]}}