{"id":729,"date":"2025-08-16T02:02:37","date_gmt":"2025-08-16T00:02:37","guid":{"rendered":"https:\/\/class-jewelry.com\/?post_type=product&#038;p=729"},"modified":"2025-08-16T02:02:37","modified_gmt":"2025-08-16T00:02:37","slug":"vathet-triora","status":"publish","type":"product","link":"https:\/\/class-jewelry.com\/index.php\/product\/vathet-triora\/","title":{"rendered":"Vath\u00ebt \u201cTriora\u201d"},"content":{"rendered":"<p data-start=\"617\" data-end=\"1090\">K\u00ebto vath\u00eb jan\u00eb krijuar p\u00ebr t\u00eb kombinuar eleganc\u00ebn moderne me funksionalitetin e p\u00ebrditsh\u00ebm. T\u00eb punuar nga <strong data-start=\"724\" data-end=\"747\">Stainless Steel 316<\/strong> dhe t\u00eb veshur me <strong data-start=\"765\" data-end=\"781\">PVD Gold 18K<\/strong>, ato ofrojn\u00eb shk\u00eblqim t\u00eb q\u00ebndruesh\u00ebm, rezistenc\u00eb ndaj g\u00ebrvishtjeve dhe mbrojtje nga oksidimi. Dizajni i tyre unik p\u00ebrb\u00ebhet nga linja t\u00eb rrumbullakosura q\u00eb krijojn\u00eb nj\u00eb efekt t\u00eb sofistikuar dhe t\u00eb dalluesh\u00ebm, duke i b\u00ebr\u00eb t\u00eb p\u00ebrshtatshme p\u00ebr \u00e7do kombinim veshjeje \u2013 nga casual deri tek eventet m\u00eb elegante.<\/p>\n<p data-start=\"1092\" data-end=\"1423\">T\u00eb lehta dhe antialergjike, k\u00ebto vath\u00eb mbahen me rehati gjat\u00eb gjith\u00eb dit\u00ebs, duke ruajtur bukurin\u00eb dhe shk\u00eblqimin e tyre. Rezistenca ndaj ujit dhe lag\u00ebshtir\u00ebs i b\u00ebn t\u00eb p\u00ebrshtatshme edhe p\u00ebr p\u00ebrdorim t\u00eb p\u00ebrditsh\u00ebm pa shqet\u00ebsime. Nj\u00eb zgjedhje ideale p\u00ebr \u00e7do grua q\u00eb d\u00ebshiron nj\u00eb aksesor minimalist, luksoz dhe me stil t\u00eb p\u00ebrhersh\u00ebm.<\/p>\n","protected":false},"excerpt":{"rendered":"<ul data-start=\"147\" data-end=\"579\">\n<li data-start=\"147\" data-end=\"219\">\n<p style=\"text-align: left;\" data-start=\"149\" data-end=\"219\"><strong data-start=\"149\" data-end=\"170\">\u00a0Material premium:<\/strong> Stainless Steel 316 me veshje <strong data-start=\"201\" data-end=\"217\">PVD Gold 18K<\/strong><\/p>\n<\/li>\n<li data-start=\"220\" data-end=\"272\">\n<p data-start=\"222\" data-end=\"272\"><strong data-start=\"222\" data-end=\"238\">Antialergjik<\/strong> dhe rezistent ndaj g\u00ebrvishtjeve<\/p>\n<\/li>\n<li data-start=\"273\" data-end=\"328\">\n<p data-start=\"275\" data-end=\"328\"><strong data-start=\"275\" data-end=\"298\">Rezistent ndaj ujit<\/strong> dhe lag\u00ebshtir\u00ebs, nuk nxihet<\/p>\n<\/li>\n<li data-start=\"329\" data-end=\"419\">\n<p data-start=\"331\" data-end=\"419\"><strong data-start=\"331\" data-end=\"349\">Dizajn modern:<\/strong> Form\u00eb unike me linja t\u00eb rrumbullakosura, elegante dhe t\u00eb dallueshme<\/p>\n<\/li>\n<li data-start=\"420\" data-end=\"503\">\n<p data-start=\"422\" data-end=\"503\"><strong data-start=\"422\" data-end=\"431\">Stil:<\/strong> Minimalist, luksoz dhe i p\u00ebrshtatsh\u00ebm p\u00ebr \u00e7do dit\u00eb ose raste speciale<\/p>\n<\/li>\n<li data-start=\"504\" data-end=\"579\">\n<p data-start=\"506\" data-end=\"579\"><strong data-start=\"506\" data-end=\"520\">P\u00ebrdorimi:<\/strong> Leht\u00eb dhe i rehatsh\u00ebm p\u00ebr t\u2019u mbajtur gjat\u00eb gjith\u00eb dit\u00ebs<\/p>\n<\/li>\n<\/ul>\n","protected":false},"featured_media":730,"comment_status":"open","ping_status":"closed","template":"","meta":{"neve_meta_sidebar":"","neve_meta_container":"","neve_meta_enable_content_width":"off","neve_meta_content_width":100,"neve_meta_title_alignment":"","neve_meta_author_avatar":"","neve_post_elements_order":"","neve_meta_disable_header":"","neve_meta_disable_footer":"","neve_meta_disable_title":"","_themeisle_gutenberg_block_has_review":false},"product_brand":[],"product_cat":[25],"product_tag":[],"class_list":{"0":"post-729","1":"product","2":"type-product","3":"status-publish","4":"has-post-thumbnail","6":"product_cat-vethe","8":"first","9":"instock","10":"shipping-taxable","11":"purchasable","12":"product-type-simple"},"_links":{"self":[{"href":"https:\/\/class-jewelry.com\/index.php\/wp-json\/wp\/v2\/product\/729","targetHints":{"allow":["GET"]}}],"collection":[{"href":"https:\/\/class-jewelry.com\/index.php\/wp-json\/wp\/v2\/product"}],"about":[{"href":"https:\/\/class-jewelry.com\/index.php\/wp-json\/wp\/v2\/types\/product"}],"replies":[{"embeddable":true,"href":"https:\/\/class-jewelry.com\/index.php\/wp-json\/wp\/v2\/comments?post=729"}],"wp:featuredmedia":[{"embeddable":true,"href":"https:\/\/class-jewelry.com\/index.php\/wp-json\/wp\/v2\/media\/730"}],"wp:attachment":[{"href":"https:\/\/class-jewelry.com\/index.php\/wp-json\/wp\/v2\/media?parent=729"}],"wp:term":[{"taxonomy":"product_brand","embeddable":true,"href":"https:\/\/class-jewelry.com\/index.php\/wp-json\/wp\/v2\/product_brand?post=729"},{"taxonomy":"product_cat","embeddable":true,"href":"https:\/\/class-jewelry.com\/index.php\/wp-json\/wp\/v2\/product_cat?post=729"},{"taxonomy":"product_tag","embeddable":true,"href":"https:\/\/class-jewelry.com\/index.php\/wp-json\/wp\/v2\/product_tag?post=729"}],"curies":[{"name":"wp","href":"https:\/\/api.w.org\/{rel}","templated":true}]}}