{"id":731,"date":"2025-08-16T02:11:58","date_gmt":"2025-08-16T00:11:58","guid":{"rendered":"https:\/\/class-jewelry.com\/?post_type=product&#038;p=731"},"modified":"2025-08-16T02:11:58","modified_gmt":"2025-08-16T00:11:58","slug":"varse-amora","status":"publish","type":"product","link":"https:\/\/class-jewelry.com\/index.php\/product\/varse-amora\/","title":{"rendered":"Varse Amora"},"content":{"rendered":"<p><br data-start=\"114\" data-end=\"117\" \/>Nj\u00eb varse e ve\u00e7ant\u00eb q\u00eb simbolizon lidhjen e paharrueshme mes n\u00ebn\u00ebs dhe f\u00ebmij\u00ebs. Minimaliste, elegante dhe e dizajnuar me kujdes p\u00ebr momentet m\u00eb t\u00eb \u00e7muara.<\/p>\n","protected":false},"excerpt":{"rendered":"<ul data-start=\"305\" data-end=\"583\">\n<li data-start=\"305\" data-end=\"370\">\n<p data-start=\"307\" data-end=\"370\">Material: Stainless Steel 316 i lar\u00eb \u00a0me Gold 18K<\/p>\n<\/li>\n<li data-start=\"371\" data-end=\"441\">\n<p data-start=\"373\" data-end=\"441\">Dizajn: Dy figura t\u00eb nd\u00ebrthurura q\u00eb p\u00ebrfaq\u00ebsojn\u00eb n\u00ebn\u00ebn dhe f\u00ebmij\u00ebn<\/p>\n<\/li>\n<li data-start=\"442\" data-end=\"502\">\n<p data-start=\"444\" data-end=\"502\">Stil: Minimalist dhe modern, i p\u00ebrshtatsh\u00ebm p\u00ebr \u00e7do dit\u00eb<\/p>\n<\/li>\n<li data-start=\"503\" data-end=\"583\">\n<p data-start=\"505\" data-end=\"583\">Rezistent ndaj ujit dhe g\u00ebrvishtjeve, i q\u00ebndruesh\u00ebm dhe i sigurt p\u00ebr l\u00ebkur\u00ebn<\/p>\n<\/li>\n<\/ul>\n<p data-start=\"585\" data-end=\"712\">\n","protected":false},"featured_media":732,"comment_status":"open","ping_status":"closed","template":"","meta":{"neve_meta_sidebar":"","neve_meta_container":"","neve_meta_enable_content_width":"off","neve_meta_content_width":100,"neve_meta_title_alignment":"","neve_meta_author_avatar":"","neve_post_elements_order":"","neve_meta_disable_header":"","neve_meta_disable_footer":"","neve_meta_disable_title":"","_themeisle_gutenberg_block_has_review":false},"product_brand":[],"product_cat":[23],"product_tag":[],"class_list":{"0":"post-731","1":"product","2":"type-product","3":"status-publish","4":"has-post-thumbnail","6":"product_cat-varse","8":"first","9":"instock","10":"shipping-taxable","11":"purchasable","12":"product-type-simple"},"_links":{"self":[{"href":"https:\/\/class-jewelry.com\/index.php\/wp-json\/wp\/v2\/product\/731","targetHints":{"allow":["GET"]}}],"collection":[{"href":"https:\/\/class-jewelry.com\/index.php\/wp-json\/wp\/v2\/product"}],"about":[{"href":"https:\/\/class-jewelry.com\/index.php\/wp-json\/wp\/v2\/types\/product"}],"replies":[{"embeddable":true,"href":"https:\/\/class-jewelry.com\/index.php\/wp-json\/wp\/v2\/comments?post=731"}],"wp:featuredmedia":[{"embeddable":true,"href":"https:\/\/class-jewelry.com\/index.php\/wp-json\/wp\/v2\/media\/732"}],"wp:attachment":[{"href":"https:\/\/class-jewelry.com\/index.php\/wp-json\/wp\/v2\/media?parent=731"}],"wp:term":[{"taxonomy":"product_brand","embeddable":true,"href":"https:\/\/class-jewelry.com\/index.php\/wp-json\/wp\/v2\/product_brand?post=731"},{"taxonomy":"product_cat","embeddable":true,"href":"https:\/\/class-jewelry.com\/index.php\/wp-json\/wp\/v2\/product_cat?post=731"},{"taxonomy":"product_tag","embeddable":true,"href":"https:\/\/class-jewelry.com\/index.php\/wp-json\/wp\/v2\/product_tag?post=731"}],"curies":[{"name":"wp","href":"https:\/\/api.w.org\/{rel}","templated":true}]}}