{"id":736,"date":"2025-08-18T15:19:09","date_gmt":"2025-08-18T13:19:09","guid":{"rendered":"https:\/\/class-jewelry.com\/?post_type=product&#038;p=736"},"modified":"2025-08-18T15:19:09","modified_gmt":"2025-08-18T13:19:09","slug":"vethet-love-shine","status":"publish","type":"product","link":"https:\/\/class-jewelry.com\/index.php\/product\/vethet-love-shine\/","title":{"rendered":"Vethet LOVE SHINE"},"content":{"rendered":"<p>K\u00ebta v\u00ebth\u00eb elegant\u00eb me dy zemra t\u00eb nd\u00ebrthurura dhe gur dekorativ jan\u00eb simbol i dashuris\u00eb dhe lidhjes s\u00eb fort\u00eb shpirt\u00ebrore. T\u00eb punuar nga Stainless Steel 316 me veshje PVD 18K Gold, ata ofrojn\u00eb shk\u00eblqim afatgjat\u00eb dhe nj\u00eb pamje luksoze. Materiali \u00ebsht\u00eb antialergjik, nuk nxihet dhe reziston ndaj ujit e lag\u00ebshtir\u00ebs, duke i b\u00ebr\u00eb perfekt\u00eb p\u00ebr p\u00ebrdorim t\u00eb p\u00ebrditsh\u00ebm. Dizajni i tyre romantik i bashkon dy zemra me nj\u00eb gur shk\u00eblqyes, duke shtuar ndjeshm\u00ebri dhe eleganc\u00eb n\u00eb \u00e7do paraqitje<\/p>\n<p>&nbsp;<\/p>\n","protected":false},"excerpt":{"rendered":"<p>&nbsp;<\/p>\n<ul>\n<li>\u00a0 \u00a0Material premium: Stainless Steel 316 me PVD 18K Gold<\/li>\n<li>\u00a0 Antialergjike dhe rezistente<\/li>\n<li>\u00a0 Nuk nxihet, rezistente ndaj ujit dhe lag\u00ebshtir\u00ebs<\/li>\n<li>\u00a0 Dizajn romantik me dy zemra t\u00eb nd\u00ebrthurura dhe gur shk\u00eblqyes<\/li>\n<li>\u00a0 Aksesor delikat q\u00eb shpreh dashuri dhe fines\u00eb<\/li>\n<\/ul>\n","protected":false},"featured_media":565,"comment_status":"open","ping_status":"closed","template":"","meta":{"neve_meta_sidebar":"","neve_meta_container":"","neve_meta_enable_content_width":"off","neve_meta_content_width":100,"neve_meta_title_alignment":"","neve_meta_author_avatar":"","neve_post_elements_order":"","neve_meta_disable_header":"","neve_meta_disable_footer":"","neve_meta_disable_title":"","_themeisle_gutenberg_block_has_review":false},"product_brand":[],"product_cat":[25],"product_tag":[],"class_list":{"0":"post-736","1":"product","2":"type-product","3":"status-publish","4":"has-post-thumbnail","6":"product_cat-vethe","8":"first","9":"instock","10":"shipping-taxable","11":"purchasable","12":"product-type-simple"},"_links":{"self":[{"href":"https:\/\/class-jewelry.com\/index.php\/wp-json\/wp\/v2\/product\/736","targetHints":{"allow":["GET"]}}],"collection":[{"href":"https:\/\/class-jewelry.com\/index.php\/wp-json\/wp\/v2\/product"}],"about":[{"href":"https:\/\/class-jewelry.com\/index.php\/wp-json\/wp\/v2\/types\/product"}],"replies":[{"embeddable":true,"href":"https:\/\/class-jewelry.com\/index.php\/wp-json\/wp\/v2\/comments?post=736"}],"wp:featuredmedia":[{"embeddable":true,"href":"https:\/\/class-jewelry.com\/index.php\/wp-json\/wp\/v2\/media\/565"}],"wp:attachment":[{"href":"https:\/\/class-jewelry.com\/index.php\/wp-json\/wp\/v2\/media?parent=736"}],"wp:term":[{"taxonomy":"product_brand","embeddable":true,"href":"https:\/\/class-jewelry.com\/index.php\/wp-json\/wp\/v2\/product_brand?post=736"},{"taxonomy":"product_cat","embeddable":true,"href":"https:\/\/class-jewelry.com\/index.php\/wp-json\/wp\/v2\/product_cat?post=736"},{"taxonomy":"product_tag","embeddable":true,"href":"https:\/\/class-jewelry.com\/index.php\/wp-json\/wp\/v2\/product_tag?post=736"}],"curies":[{"name":"wp","href":"https:\/\/api.w.org\/{rel}","templated":true}]}}