{"id":746,"date":"2025-08-18T15:50:13","date_gmt":"2025-08-18T13:50:13","guid":{"rendered":"https:\/\/class-jewelry.com\/?post_type=product&#038;p=746"},"modified":"2025-08-18T15:50:13","modified_gmt":"2025-08-18T13:50:13","slug":"set-guacke-perle","status":"publish","type":"product","link":"https:\/\/class-jewelry.com\/index.php\/product\/set-guacke-perle\/","title":{"rendered":"Set guacke &#038; perle"},"content":{"rendered":"<p>Ky set elegant me var\u00ebse dhe v\u00ebth\u00eb \u00ebsht\u00eb frym\u00ebzuar nga bukuria e detit, duke bashkuar simbolin e guack\u00ebs me shk\u00eblqimin e perl\u00ebs.<\/p>\n<p>I realizuar nga Stainless Steel 316 me veshje PVD 18K Gold, ofron rezistenc\u00eb, shk\u00eblqim afatgjat\u00eb dhe nj\u00eb pamje luksoze.<\/p>\n<p>Materiali cil\u00ebsor \u00ebsht\u00eb antialergjik, nuk nxihet dhe reziston ndaj ujit e lag\u00ebshtir\u00ebs, ideal p\u00ebr p\u00ebrdorim t\u00eb p\u00ebrditsh\u00ebm.<\/p>\n<p>Dizajni i tij unik pasqyron past\u00ebrtin\u00eb, feminitetin dhe energjin\u00eb natyrore, duke e kthyer setin n\u00eb nj\u00eb aksesor q\u00eb shton fines\u00eb n\u00eb \u00e7do veshje.<\/p>\n","protected":false},"excerpt":{"rendered":"<ul>\n<li><span class=\"selectable-text copyable-text false\"><strong>Material premium:<\/strong> Stainless Steel 316 me PVD 18K Gold <\/span><\/li>\n<li><strong><span class=\"selectable-text copyable-text false\">Antialergjik dhe rezistent<\/span><\/strong><\/li>\n<li><span class=\"selectable-text copyable-text false\"><strong> Nuk nxihet<\/strong>, rezistent ndaj ujit dhe lag\u00ebshtir\u00ebs<\/span><\/li>\n<li><span class=\"selectable-text copyable-text false\"><strong> Dizajn simbolik me guack\u00eb dhe perl\u00eb<\/strong> \u2013 lidhje me natyr\u00ebn dhe detin<\/span><\/li>\n<li><strong><span class=\"selectable-text copyable-text false\"> Aksesor elegant dhe delikat p\u00ebr \u00e7do kombinim.<\/span><\/strong><\/li>\n<\/ul>\n","protected":false},"featured_media":747,"comment_status":"open","ping_status":"closed","template":"","meta":{"neve_meta_sidebar":"","neve_meta_container":"","neve_meta_enable_content_width":"off","neve_meta_content_width":100,"neve_meta_title_alignment":"","neve_meta_author_avatar":"","neve_post_elements_order":"","neve_meta_disable_header":"","neve_meta_disable_footer":"","neve_meta_disable_title":"","_themeisle_gutenberg_block_has_review":false},"product_brand":[],"product_cat":[27],"product_tag":[],"class_list":{"0":"post-746","1":"product","2":"type-product","3":"status-publish","4":"has-post-thumbnail","6":"product_cat-sete","8":"first","9":"instock","10":"shipping-taxable","11":"purchasable","12":"product-type-simple"},"_links":{"self":[{"href":"https:\/\/class-jewelry.com\/index.php\/wp-json\/wp\/v2\/product\/746","targetHints":{"allow":["GET"]}}],"collection":[{"href":"https:\/\/class-jewelry.com\/index.php\/wp-json\/wp\/v2\/product"}],"about":[{"href":"https:\/\/class-jewelry.com\/index.php\/wp-json\/wp\/v2\/types\/product"}],"replies":[{"embeddable":true,"href":"https:\/\/class-jewelry.com\/index.php\/wp-json\/wp\/v2\/comments?post=746"}],"wp:featuredmedia":[{"embeddable":true,"href":"https:\/\/class-jewelry.com\/index.php\/wp-json\/wp\/v2\/media\/747"}],"wp:attachment":[{"href":"https:\/\/class-jewelry.com\/index.php\/wp-json\/wp\/v2\/media?parent=746"}],"wp:term":[{"taxonomy":"product_brand","embeddable":true,"href":"https:\/\/class-jewelry.com\/index.php\/wp-json\/wp\/v2\/product_brand?post=746"},{"taxonomy":"product_cat","embeddable":true,"href":"https:\/\/class-jewelry.com\/index.php\/wp-json\/wp\/v2\/product_cat?post=746"},{"taxonomy":"product_tag","embeddable":true,"href":"https:\/\/class-jewelry.com\/index.php\/wp-json\/wp\/v2\/product_tag?post=746"}],"curies":[{"name":"wp","href":"https:\/\/api.w.org\/{rel}","templated":true}]}}