{"id":750,"date":"2025-08-18T16:21:41","date_gmt":"2025-08-18T14:21:41","guid":{"rendered":"https:\/\/class-jewelry.com\/?post_type=product&#038;p=750"},"modified":"2025-08-18T16:21:41","modified_gmt":"2025-08-18T14:21:41","slug":"hoops","status":"publish","type":"product","link":"https:\/\/class-jewelry.com\/index.php\/product\/hoops\/","title":{"rendered":"Hoops"},"content":{"rendered":"<p>K\u00ebta v\u00ebth\u00eb \u201cHoops\u201d jan\u00eb modeli klasik q\u00eb nuk del kurr\u00eb nga moda \u2013 t\u00eb thjesht\u00eb, elegant\u00eb dhe t\u00eb leht\u00eb p\u00ebr t\u2019u kombinuar me \u00e7do stil.<br \/>\nT\u00eb punuara nga \u00e7elik inox cil\u00ebsia m\u00eb e lart\u00eb (Stainless Steel 316) dhe t\u00eb lara n\u00eb flori 18K me metod\u00ebn PVD, ato ofrojn\u00eb shk\u00eblqim afatgjat\u00eb dhe rezistenc\u00eb maksimale.<br \/>\nMateriali \u00ebsht\u00eb antialergjik, nuk nxihet dhe reziston ndaj ujit e lag\u00ebshtir\u00ebs, duke i b\u00ebr\u00eb perfekt\u00eb p\u00ebr p\u00ebrdorim t\u00eb p\u00ebrditsh\u00ebm.<br \/>\nMe linja t\u00eb thjeshta dhe nj\u00eb dizajn ikonik, k\u00ebta v\u00ebth\u00eb hoops jan\u00eb nj\u00eb aksesor i domosdosh\u00ebm q\u00eb shton eleganc\u00eb dhe fines\u00eb n\u00eb \u00e7do paraqitje.<\/p>\n","protected":false},"excerpt":{"rendered":"<ul>\n<li class=\"selectable-text copyable-text x15bjb6t x1n2onr6\" dir=\"ltr\"><span class=\"selectable-text copyable-text false\"><strong>Material ;<\/strong> Stainless Steel 316 (\u00e7elik inox cil\u00ebsia m\u00eb e lart\u00eb)<\/span><\/li>\n<li class=\"selectable-text copyable-text x15bjb6t x1n2onr6\" dir=\"ltr\"><strong><span class=\"selectable-text copyable-text false\"> Veshje PVD Gold 18K \u2013 t\u00eb lara n\u00eb flori 18K<\/span><\/strong><\/li>\n<li class=\"selectable-text copyable-text x15bjb6t x1n2onr6\" dir=\"ltr\"><span class=\"selectable-text copyable-text false\"><strong> Antialergjike<\/strong>, nuk nxihen dhe rezistente ndaj ujit<\/span><\/li>\n<li class=\"selectable-text copyable-text x15bjb6t x1n2onr6\" dir=\"ltr\"><span class=\"selectable-text copyable-text false\"><strong> Dizajn klasik hoops<\/strong> \u2013 i thjesht\u00eb dhe gjithmon\u00eb n\u00eb mod\u00eb<\/span><\/li>\n<li class=\"selectable-text copyable-text x15bjb6t x1n2onr6\" dir=\"ltr\"><strong><span class=\"selectable-text copyable-text false\"> Aksesor elegant q\u00eb kombinohet me \u00e7do stil<\/span><\/strong><\/li>\n<\/ul>\n","protected":false},"featured_media":577,"comment_status":"open","ping_status":"closed","template":"","meta":{"neve_meta_sidebar":"","neve_meta_container":"","neve_meta_enable_content_width":"off","neve_meta_content_width":100,"neve_meta_title_alignment":"","neve_meta_author_avatar":"","neve_post_elements_order":"","neve_meta_disable_header":"","neve_meta_disable_footer":"","neve_meta_disable_title":"","_themeisle_gutenberg_block_has_review":false},"product_brand":[],"product_cat":[25],"product_tag":[],"class_list":{"0":"post-750","1":"product","2":"type-product","3":"status-publish","4":"has-post-thumbnail","6":"product_cat-vethe","8":"first","9":"instock","10":"shipping-taxable","11":"purchasable","12":"product-type-simple"},"_links":{"self":[{"href":"https:\/\/class-jewelry.com\/index.php\/wp-json\/wp\/v2\/product\/750","targetHints":{"allow":["GET"]}}],"collection":[{"href":"https:\/\/class-jewelry.com\/index.php\/wp-json\/wp\/v2\/product"}],"about":[{"href":"https:\/\/class-jewelry.com\/index.php\/wp-json\/wp\/v2\/types\/product"}],"replies":[{"embeddable":true,"href":"https:\/\/class-jewelry.com\/index.php\/wp-json\/wp\/v2\/comments?post=750"}],"wp:featuredmedia":[{"embeddable":true,"href":"https:\/\/class-jewelry.com\/index.php\/wp-json\/wp\/v2\/media\/577"}],"wp:attachment":[{"href":"https:\/\/class-jewelry.com\/index.php\/wp-json\/wp\/v2\/media?parent=750"}],"wp:term":[{"taxonomy":"product_brand","embeddable":true,"href":"https:\/\/class-jewelry.com\/index.php\/wp-json\/wp\/v2\/product_brand?post=750"},{"taxonomy":"product_cat","embeddable":true,"href":"https:\/\/class-jewelry.com\/index.php\/wp-json\/wp\/v2\/product_cat?post=750"},{"taxonomy":"product_tag","embeddable":true,"href":"https:\/\/class-jewelry.com\/index.php\/wp-json\/wp\/v2\/product_tag?post=750"}],"curies":[{"name":"wp","href":"https:\/\/api.w.org\/{rel}","templated":true}]}}